{"id":383,"date":"2021-01-03T22:10:30","date_gmt":"2021-01-03T21:10:30","guid":{"rendered":"https:\/\/sprachcafe-polnisch.org\/?page_id=383"},"modified":"2021-01-03T22:10:31","modified_gmt":"2021-01-03T21:10:31","slug":"praktyki-w-kafejce","status":"publish","type":"page","link":"https:\/\/sprachcafe-polnisch.org\/pl\/dzialaj-z-nami\/praktyki-w-kafejce\/","title":{"rendered":"Praktyki w Kafejce"},"content":{"rendered":"\n<div class=\"wp-block-columns is-layout-flex wp-container-core-columns-is-layout-9d6595d7 wp-block-columns-is-layout-flex\">\n<div class=\"wp-block-column is-layout-flow wp-block-column-is-layout-flow\">\n<figure class=\"wp-block-image size-large\"><img data-recalc-dims=\"1\" height=\"640\" width=\"960\" decoding=\"async\" src=\"https:\/\/i0.wp.com\/sprachcafe-polnisch.org\/wp-content\/uploads\/2021\/01\/mitmachen-pratikum.jpg?resize=960%2C640&#038;ssl=1\" alt=\"\" class=\"wp-image-84\"\/><\/figure>\n<\/div>\n\n\n\n<div class=\"wp-block-column is-layout-flow wp-block-column-is-layout-flow\">\n<p>Je\u017celi jeste\u015b osob\u0105 kreatywn\u0105, dobrze zorganizowan\u0105 oraz <strong>interesujesz si\u0119 kultur\u0105 polsk\u0105 i niemieck\u0105 oraz j\u0119zykiem<\/strong> to SprachCaf\u00e9 Polnisch jest idealnym miejscem na Twoje praktyki!<\/p>\n\n\n\n<p>Czas trwania sta\u017cu to 3-5 miesi\u0119cy. Praktykantki i praktykanci s\u0105 mile widziani przez ca\u0142y rok.<\/p>\n\n\n\n<p>Zainteresowane osoby prosimy o kontakt e-mail: <a href=\"mailto:kontakt@sprachcafe-polnisch.org\">kontakt@sprachcafe-polnisch.org<\/a>.<\/p>\n<\/div>\n<\/div>\n\n\n\n<h2 class=\"wp-block-heading\">Zadania na praktykach<\/h2>\n\n\n\n<ul class=\"wp-block-list\"><li>pomoc w planowaniu, organizacji i realizacji spotka\u0144 naszej kafejki<\/li><li>pomoc przy bie\u017c\u0105cych sprawach kafejki tj. kawiarnia, prace administracyjne, komunikacja, zarz\u0105dzanie naszym fanpage\u2019em FB\/Insta i stron\u0105 internetow\u0105<\/li><li>pomoc przy rozbudowywaniu struktur i promocja kafejki na r\u00f3\u017cnego rodzaju imprezach<\/li><\/ul>\n\n\n\n<h2 class=\"wp-block-heading\">Oferujemy<\/h2>\n\n\n\n<ul class=\"wp-block-list\"><li>certyfikat odbycia praktyk po\u015bwiadczaj\u0105cy Tw\u00f3j sta\u017c w danej dziedzinie<\/li><li>do\u015bwiadczenie w sektorze NGO<\/li><li>mo\u017cliwo\u015b\u0107 udzia\u0142u w tandemach j\u0119zykowych (polski\/niemiecki)<\/li><li>mo\u017cliwo\u015b\u0107 poznania wielu nowych, ciekawych ludzi oraz poszerzenia wiedzy z zakresu wielu dziedzin tj. kultura, sztuka, literatura, historia i wiele innych<\/li><li>korzystanie z r\u00f3\u017cnych innych synergii Zespo\u0142u<\/li><\/ul>\n\n\n\n<h2 class=\"wp-block-heading\">Oczekujemy<\/h2>\n\n\n\n<ul class=\"wp-block-list\"><li>znajomo\u015bci j\u0119zyka niemieckiego i polskiego co najmniej na poziomie \u015brednim<\/li><li>umiej\u0119tno\u015bci obs\u0142ugi pakietu Office (Excel, Word, PowerPoint)<\/li><li>umiej\u0119tno\u015bci obs\u0142ugi serwis\u00f3w typu social media<\/li><li>komunikatywno\u015bci i zdolno\u015bci pracy w \u015brodowisku wielopokoleniowym<\/li><\/ul>\n","protected":false},"excerpt":{"rendered":"<p>Je\u017celi jeste\u015b osob\u0105 kreatywn\u0105, dobrze zorganizowan\u0105 oraz interesujesz si\u0119 kultur\u0105 polsk\u0105 i niemieck\u0105 oraz j\u0119zykiem to SprachCaf\u00e9 Polnisch jest idealnym miejscem na Twoje praktyki! Czas trwania sta\u017cu to 3-5 miesi\u0119cy. Praktykantki i praktykanci s\u0105 mile widziani przez ca\u0142y rok. Zainteresowane osoby prosimy o kontakt e-mail: kontakt@sprachcafe-polnisch.org. Zadania na praktykach pomoc w planowaniu, organizacji i realizacji spotka\u0144 naszej kafejki pomoc przy bie\u017c\u0105cych sprawach kafejki tj. kawiarnia, prace administracyjne, komunikacja, zarz\u0105dzanie naszym fanpage\u2019em FB\/Insta i stron\u0105 internetow\u0105 pomoc przy rozbudowywaniu struktur i promocja kafejki na r\u00f3\u017cnego rodzaju imprezach Oferujemy certyfikat odbycia praktyk po\u015bwiadczaj\u0105cy Tw\u00f3j sta\u017c w danej dziedzinie do\u015bwiadczenie w sektorze NGO mo\u017cliwo\u015b\u0107 udzia\u0142u w tandemach j\u0119zykowych (polski\/niemiecki) mo\u017cliwo\u015b\u0107 poznania wielu nowych, ciekawych ludzi oraz poszerzenia wiedzy z zakresu wielu dziedzin tj. kultura, sztuka, literatura, historia i wiele innych korzystanie z r\u00f3\u017cnych innych synergii Zespo\u0142u Oczekujemy znajomo\u015bci j\u0119zyka niemieckiego i polskiego co najmniej na poziomie \u015brednim umiej\u0119tno\u015bci obs\u0142ugi pakietu Office (Excel, Word, PowerPoint) umiej\u0119tno\u015bci obs\u0142ugi serwis\u00f3w typu social media komunikatywno\u015bci i zdolno\u015bci pracy w \u015brodowisku wielopokoleniowym<\/p>\n","protected":false},"author":1,"featured_media":0,"parent":173,"menu_order":5,"comment_status":"closed","ping_status":"closed","template":"","meta":{"jetpack_post_was_ever_published":false,"footnotes":""},"class_list":["post-383","page","type-page","status-publish","hentry"],"acf":[],"jetpack-related-posts":[],"jetpack_sharing_enabled":true,"_links":{"self":[{"href":"https:\/\/sprachcafe-polnisch.org\/pl\/wp-json\/wp\/v2\/pages\/383","targetHints":{"allow":["GET"]}}],"collection":[{"href":"https:\/\/sprachcafe-polnisch.org\/pl\/wp-json\/wp\/v2\/pages"}],"about":[{"href":"https:\/\/sprachcafe-polnisch.org\/pl\/wp-json\/wp\/v2\/types\/page"}],"author":[{"embeddable":true,"href":"https:\/\/sprachcafe-polnisch.org\/pl\/wp-json\/wp\/v2\/users\/1"}],"replies":[{"embeddable":true,"href":"https:\/\/sprachcafe-polnisch.org\/pl\/wp-json\/wp\/v2\/comments?post=383"}],"version-history":[{"count":0,"href":"https:\/\/sprachcafe-polnisch.org\/pl\/wp-json\/wp\/v2\/pages\/383\/revisions"}],"up":[{"embeddable":true,"href":"https:\/\/sprachcafe-polnisch.org\/pl\/wp-json\/wp\/v2\/pages\/173"}],"wp:attachment":[{"href":"https:\/\/sprachcafe-polnisch.org\/pl\/wp-json\/wp\/v2\/media?parent=383"}],"curies":[{"name":"wp","href":"https:\/\/api.w.org\/{rel}","templated":true}]}}