{"id":374,"date":"2021-01-03T21:56:21","date_gmt":"2021-01-03T20:56:21","guid":{"rendered":"https:\/\/sprachcafe-polnisch.org\/?page_id=374"},"modified":"2024-12-04T15:11:34","modified_gmt":"2024-12-04T14:11:34","slug":"wolontariat","status":"publish","type":"page","link":"https:\/\/sprachcafe-polnisch.org\/pl\/dzialaj-z-nami\/wolontariat\/","title":{"rendered":"Wolontariat"},"content":{"rendered":"\n<div class=\"wp-block-columns is-layout-flex wp-container-core-columns-is-layout-9d6595d7 wp-block-columns-is-layout-flex\">\n<div class=\"wp-block-column is-layout-flow wp-block-column-is-layout-flow\">\n<figure class=\"wp-block-image size-large\"><img data-recalc-dims=\"1\" height=\"640\" width=\"960\" decoding=\"async\" src=\"https:\/\/i0.wp.com\/sprachcafe-polnisch.org\/wp-content\/uploads\/2021\/01\/mitmachen-ehrenamt-1024x683.jpg?resize=960%2C640&#038;ssl=1\" alt=\"\" class=\"wp-image-78\"\/><\/figure>\n<\/div>\n\n\n\n<div class=\"wp-block-column is-layout-flow wp-block-column-is-layout-flow\">\n<p>Z przyjemno\u015bci\u0105 poznamy osoby, kt\u00f3re chcia\u0142yby si\u0119 anga\u017cowa\u0107 w nasze aktywno\u015bci. Dzia\u0142alno\u015b\u0107 wolontariacka zyskuje coraz wi\u0119ksze uznanie w spo\u0142ecze\u0144stwie! I jest <em>cool<\/em>!<\/p>\n\n\n\n<p>Polska Kafejka J\u0119zykowa zosta\u0142a uznana przez Federalny Urz\u0105d ds. Rodziny i Zada\u0144 Spo\u0142ecznych (Bundesamt f\u00fcr Familie und zivilgesellschaftliche Aufgaben) jako <strong>miejsce dzia\u0142a\u0144 wolontariuszy (BFD)<\/strong>. W ka\u017cdej chwili mo\u017cna zacz\u0105\u0107 u nas <a href=\"https:\/\/www.bundesfreiwilligendienst.de\/\" data-type=\"URL\" data-id=\"https:\/\/www.bundesfreiwilligendienst.de\/\"><strong>wolontariat w ramach programu BFD<\/strong><\/a>!<\/p>\n\n\n\n<p>Cieszymy si\u0119 z ka\u017cdej godziny sp\u0119dzonej w Kafejce przez wolontariuszki i wolontariuszy, kt\u00f3rzy chc\u0105 si\u0119 wypr\u00f3bowa\u0107 i wnie\u015b\u0107 tu <strong>swoje indywidualne walory<\/strong>.<\/p>\n<\/div>\n<\/div>\n\n\n\n<p>Opr\u00f3cz <strong>dobrej i inspiruj\u0105cej atmosfery<\/strong> w zespole oraz <strong>licznych mo\u017cliwo\u015bci wypr\u00f3bowania w\u0142asnych si\u0142<\/strong> i podniesienia wnoszonych kompetencji, wolontariat mo\u017ce okaza\u0107 si\u0119 pomocny przy szukaniu pracy. Za\u015bwiadczenie o dzia\u0142alno\u015bci wolontariackiej jest zawsze dobrze postrzegane w CV!<\/p>\n\n\n\n<figure class=\"wp-block-pullquote has-text-align-center is-style-solid-color has-black-color has-text-color\"><blockquote><p>Serdecznie witamy!<\/p><\/blockquote><\/figure>\n","protected":false},"excerpt":{"rendered":"<p>Z przyjemno\u015bci\u0105 poznamy osoby, kt\u00f3re chcia\u0142yby si\u0119 anga\u017cowa\u0107 w nasze aktywno\u015bci. Dzia\u0142alno\u015b\u0107 wolontariacka zyskuje coraz wi\u0119ksze uznanie w spo\u0142ecze\u0144stwie! I jest cool! Polska Kafejka J\u0119zykowa zosta\u0142a uznana przez Federalny Urz\u0105d ds. Rodziny i Zada\u0144 Spo\u0142ecznych (Bundesamt f\u00fcr Familie und zivilgesellschaftliche Aufgaben) jako miejsce dzia\u0142a\u0144 wolontariuszy (BFD). W ka\u017cdej chwili mo\u017cna zacz\u0105\u0107 u nas wolontariat w ramach programu BFD! Cieszymy si\u0119 z ka\u017cdej godziny sp\u0119dzonej w Kafejce przez wolontariuszki i wolontariuszy, kt\u00f3rzy chc\u0105 si\u0119 wypr\u00f3bowa\u0107 i wnie\u015b\u0107 tu swoje indywidualne walory. Opr\u00f3cz dobrej i inspiruj\u0105cej atmosfery w zespole oraz licznych mo\u017cliwo\u015bci wypr\u00f3bowania w\u0142asnych si\u0142 i podniesienia wnoszonych kompetencji, wolontariat mo\u017ce okaza\u0107 si\u0119 pomocny przy szukaniu pracy. Za\u015bwiadczenie o dzia\u0142alno\u015bci wolontariackiej jest zawsze dobrze postrzegane w CV! Serdecznie witamy!<\/p>\n","protected":false},"author":1,"featured_media":0,"parent":173,"menu_order":4,"comment_status":"closed","ping_status":"closed","template":"","meta":{"jetpack_post_was_ever_published":false,"footnotes":""},"class_list":["post-374","page","type-page","status-publish","hentry"],"acf":[],"jetpack-related-posts":[],"jetpack_sharing_enabled":true,"_links":{"self":[{"href":"https:\/\/sprachcafe-polnisch.org\/pl\/wp-json\/wp\/v2\/pages\/374","targetHints":{"allow":["GET"]}}],"collection":[{"href":"https:\/\/sprachcafe-polnisch.org\/pl\/wp-json\/wp\/v2\/pages"}],"about":[{"href":"https:\/\/sprachcafe-polnisch.org\/pl\/wp-json\/wp\/v2\/types\/page"}],"author":[{"embeddable":true,"href":"https:\/\/sprachcafe-polnisch.org\/pl\/wp-json\/wp\/v2\/users\/1"}],"replies":[{"embeddable":true,"href":"https:\/\/sprachcafe-polnisch.org\/pl\/wp-json\/wp\/v2\/comments?post=374"}],"version-history":[{"count":1,"href":"https:\/\/sprachcafe-polnisch.org\/pl\/wp-json\/wp\/v2\/pages\/374\/revisions"}],"predecessor-version":[{"id":16301,"href":"https:\/\/sprachcafe-polnisch.org\/pl\/wp-json\/wp\/v2\/pages\/374\/revisions\/16301"}],"up":[{"embeddable":true,"href":"https:\/\/sprachcafe-polnisch.org\/pl\/wp-json\/wp\/v2\/pages\/173"}],"wp:attachment":[{"href":"https:\/\/sprachcafe-polnisch.org\/pl\/wp-json\/wp\/v2\/media?parent=374"}],"curies":[{"name":"wp","href":"https:\/\/api.w.org\/{rel}","templated":true}]}}