{"id":362,"date":"2021-01-03T21:39:52","date_gmt":"2021-01-03T20:39:52","guid":{"rendered":"https:\/\/sprachcafe-polnisch.org\/?page_id=362"},"modified":"2022-01-28T20:00:55","modified_gmt":"2022-01-28T19:00:55","slug":"czlonkostwo","status":"publish","type":"page","link":"https:\/\/sprachcafe-polnisch.org\/pl\/dzialaj-z-nami\/czlonkostwo\/","title":{"rendered":"Cz\u0142onkostwo"},"content":{"rendered":"\n<div class=\"wp-block-columns is-layout-flex wp-container-core-columns-is-layout-9d6595d7 wp-block-columns-is-layout-flex\">\n<div class=\"wp-block-column is-layout-flow wp-block-column-is-layout-flow\">\n<figure class=\"wp-block-image size-large\"><img data-recalc-dims=\"1\" height=\"640\" width=\"960\" decoding=\"async\" src=\"https:\/\/i0.wp.com\/sprachcafe-polnisch.org\/wp-content\/uploads\/2021\/01\/mitmachen-mitglied-werden.jpg?resize=960%2C640&#038;ssl=1\" alt=\"\" class=\"wp-image-82\"\/><\/figure>\n<\/div>\n\n\n\n<div class=\"wp-block-column is-layout-flow wp-block-column-is-layout-flow\">\n<p>Chcesz zosta\u0107 <strong>Cz\u0142onkini\u0105 lub Cz\u0142onkiem<\/strong> naszego Stowarzyszenia? Dla ka\u017cdego mo\u017ce oznacza\u0107 to co\u015b innego: sk\u0142adki cz\u0142onkowskie, udzia\u0142 w dyskusjach lub\/oraz konkretne dzia\u0142anie? Poczucie przynale\u017cno\u015bci?<\/p>\n\n\n\n<p><strong>Nasze cele oraz regu\u0142y sformu\u0142owali\u015bmy w <a href=\"https:\/\/sprachcafe-polnisch.org\/pl\/impressum\/\" data-type=\"page\" data-id=\"124\">statucie<\/a>.<\/strong><\/p>\n\n\n\n<p>Mo\u017cliwe jest <strong>cz\u0142onkostwo zwyczajne<\/strong> &#8211; z prawem g\u0142osu oraz <strong>cz\u0142onkostwo wspieraj\u0105ce<\/strong> &#8211; bez prawa g\u0142osu.<\/p>\n\n\n\n<p>Roczna sk\u0142adka cz\u0142onkowska wynosi <strong>42 \u20ac<\/strong>  od osoby indywidualnej lub rodziny i mo\u017ce by\u0107 odliczona od podatku.<\/p>\n\n\n\n<p><strong>Cieszymy si\u0119 na Ciebie!<\/strong><\/p>\n<\/div>\n<\/div>\n\n\n\n<div class=\"wp-block-columns is-layout-flex wp-container-core-columns-is-layout-9d6595d7 wp-block-columns-is-layout-flex\">\n<div class=\"wp-block-column is-layout-flow wp-block-column-is-layout-flow\">\n<figure class=\"wp-block-pullquote is-style-solid-color\"><blockquote class=\"has-text-color has-black-color\"><p>By\u0107 go\u015bciem Kafejki czy te\u017c j\u0105 wsp\u00f3\u0142tworzy\u0107?<\/p><\/blockquote><\/figure>\n<\/div>\n\n\n\n<div class=\"wp-block-column is-vertically-aligned-center is-layout-flow wp-block-column-is-layout-flow\">\n<div class=\"wp-block-file\"><a href=\"https:\/\/sprachcafe-polnisch.org\/wp-content\/uploads\/2021\/01\/Satzung-SCP-12.06.2020.pdf\"><strong>Status<\/strong> SprachCaf\u00e9 Polnisch e.V.<\/a><a href=\"https:\/\/sprachcafe-polnisch.org\/wp-content\/uploads\/2021\/01\/Satzung-SCP-12.06.2020.pdf\" class=\"wp-block-file__button\" download>Pobierz<\/a><\/div>\n\n\n\n<div style=\"height:40px\" aria-hidden=\"true\" class=\"wp-block-spacer\"><\/div>\n\n\n\n<div class=\"wp-block-file\"><a href=\"https:\/\/sprachcafe-polnisch.org\/wp-content\/uploads\/2022\/01\/Eintrittsformular-01.2022.pdf\">Tutaj znajdziesz <strong>formularz zg\u0142oszeniowy<\/strong><\/a><a href=\"https:\/\/sprachcafe-polnisch.org\/wp-content\/uploads\/2022\/01\/Eintrittsformular-01.2022.pdf\" class=\"wp-block-file__button\" download>Pobierz<\/a><\/div>\n<\/div>\n<\/div>\n","protected":false},"excerpt":{"rendered":"<p>Chcesz zosta\u0107 Cz\u0142onkini\u0105 lub Cz\u0142onkiem naszego Stowarzyszenia? Dla ka\u017cdego mo\u017ce oznacza\u0107 to co\u015b innego: sk\u0142adki cz\u0142onkowskie, udzia\u0142 w dyskusjach lub\/oraz konkretne dzia\u0142anie? Poczucie przynale\u017cno\u015bci? Nasze cele oraz regu\u0142y sformu\u0142owali\u015bmy w statucie. Mo\u017cliwe jest cz\u0142onkostwo zwyczajne &#8211; z prawem g\u0142osu oraz cz\u0142onkostwo wspieraj\u0105ce &#8211; bez prawa g\u0142osu. Roczna sk\u0142adka cz\u0142onkowska wynosi 42 \u20ac od osoby indywidualnej lub rodziny i mo\u017ce by\u0107 odliczona od podatku. Cieszymy si\u0119 na Ciebie! By\u0107 go\u015bciem Kafejki czy te\u017c j\u0105 wsp\u00f3\u0142tworzy\u0107?<\/p>\n","protected":false},"author":1,"featured_media":0,"parent":173,"menu_order":3,"comment_status":"closed","ping_status":"closed","template":"","meta":{"jetpack_post_was_ever_published":false,"footnotes":""},"class_list":["post-362","page","type-page","status-publish","hentry"],"acf":[],"jetpack-related-posts":[],"jetpack_sharing_enabled":true,"_links":{"self":[{"href":"https:\/\/sprachcafe-polnisch.org\/pl\/wp-json\/wp\/v2\/pages\/362","targetHints":{"allow":["GET"]}}],"collection":[{"href":"https:\/\/sprachcafe-polnisch.org\/pl\/wp-json\/wp\/v2\/pages"}],"about":[{"href":"https:\/\/sprachcafe-polnisch.org\/pl\/wp-json\/wp\/v2\/types\/page"}],"author":[{"embeddable":true,"href":"https:\/\/sprachcafe-polnisch.org\/pl\/wp-json\/wp\/v2\/users\/1"}],"replies":[{"embeddable":true,"href":"https:\/\/sprachcafe-polnisch.org\/pl\/wp-json\/wp\/v2\/comments?post=362"}],"version-history":[{"count":0,"href":"https:\/\/sprachcafe-polnisch.org\/pl\/wp-json\/wp\/v2\/pages\/362\/revisions"}],"up":[{"embeddable":true,"href":"https:\/\/sprachcafe-polnisch.org\/pl\/wp-json\/wp\/v2\/pages\/173"}],"wp:attachment":[{"href":"https:\/\/sprachcafe-polnisch.org\/pl\/wp-json\/wp\/v2\/media?parent=362"}],"curies":[{"name":"wp","href":"https:\/\/api.w.org\/{rel}","templated":true}]}}