{"id":350,"date":"2021-01-03T21:21:49","date_gmt":"2021-01-03T20:21:49","guid":{"rendered":"https:\/\/sprachcafe-polnisch.org\/?page_id=350"},"modified":"2026-02-04T10:51:05","modified_gmt":"2026-02-04T09:51:05","slug":"wspolpraca","status":"publish","type":"page","link":"https:\/\/sprachcafe-polnisch.org\/pl\/dzialaj-z-nami\/wspolpraca\/","title":{"rendered":"Zosta\u0144 naszym Partnerem"},"content":{"rendered":"\n<div style=\"height:35px\" aria-hidden=\"true\" class=\"wp-block-spacer\"><\/div>\n\n\n\n<p class=\"has-text-align-left\"><strong>Razem mo\u017cemy tworzy\u0107 bardziej empatyczn\u0105 i inkluzywn\u0105 wsp\u00f3lnot\u0119 w Berlinie.<\/strong><\/p>\n\n\n\n<p class=\"has-text-align-left\">SprachCaf\u00e9 Polnisch e.V. to organizacja non profit i miejsce spotka\u0144 kultury, j\u0119zyka i biznesu \u2013 z polskim akcentem. Organizujemy spotkania j\u0119zykowe, warsztaty kulturalne oraz programy spo\u0142eczne, kt\u00f3re \u0142\u0105cz\u0105 mieszkanki i mieszka\u0144c\u00f3w Berlina, osoby nowo przyby\u0142e oraz przyjaci\u00f3\u0142 z r\u00f3\u017cnych \u015brodowisk.<\/p>\n\n\n\n<p class=\"has-text-align-left\">Dzi\u0119ki wsparciu firm, organizacji i os\u00f3b prywatnych, kt\u00f3re podzielaj\u0105 nasze warto\u015bci \u2013 otwarto\u015b\u0107, wieloj\u0119zyczno\u015b\u0107 i wymian\u0119 kulturow\u0105 \u2013 <strong>ka\u017cdego roku go\u015bcimy ponad 12 000 uczestnik\u00f3w i wolontariuszy.<\/strong><\/p>\n\n\n\n<p class=\"has-text-align-left\">Wsp\u00f3\u0142pracuj\u0105c z nami, wspierasz wa\u017cne dzia\u0142ania spo\u0142eczne, jednocze\u015bnie wzmacniaj\u0105c widoczno\u015b\u0107 swojej organizacji oraz jej pozytywny wp\u0142yw spo\u0142eczny. Je\u015bli bliskie s\u0105 Ci nasze warto\u015bci i chcesz nawi\u0105za\u0107 wsp\u00f3\u0142prac\u0119, przekaza\u0107 darowizn\u0119 lub zorganizowa\u0107 wydarzenie w naszej przestrzeni, <a href=\"mailto:kontakt@sprachcafe-polnisch.org\">skontaktuj si\u0119 z nami.<\/a> <\/p>\n\n\n\n<div style=\"height:85px\" aria-hidden=\"true\" class=\"wp-block-spacer\"><\/div>\n\n\n\n<div class=\"wp-block-columns are-vertically-aligned-top is-layout-flex wp-container-core-columns-is-layout-9d6595d7 wp-block-columns-is-layout-flex\">\n<div class=\"wp-block-column is-vertically-aligned-top is-layout-flow wp-block-column-is-layout-flow\"><div class=\"wp-block-image is-style-default\">\n<figure class=\"aligncenter size-full is-resized\"><img data-recalc-dims=\"1\" data-dominant-color=\"cc0000\" data-has-transparency=\"true\" loading=\"lazy\" decoding=\"async\" width=\"960\" height=\"960\" src=\"https:\/\/i0.wp.com\/sprachcafe-polnisch.org\/wp-content\/uploads\/2025\/12\/Homepage-Heart-3.webp?resize=960%2C960&#038;ssl=1\" alt=\"\" class=\"wp-image-21464 has-transparency\" style=\"--dominant-color: #cc0000; object-fit:cover;width:250px;height:250px\" srcset=\"https:\/\/i0.wp.com\/sprachcafe-polnisch.org\/wp-content\/uploads\/2025\/12\/Homepage-Heart-3.webp?w=1080&amp;ssl=1 1080w, https:\/\/i0.wp.com\/sprachcafe-polnisch.org\/wp-content\/uploads\/2025\/12\/Homepage-Heart-3.webp?resize=300%2C300&amp;ssl=1 300w, https:\/\/i0.wp.com\/sprachcafe-polnisch.org\/wp-content\/uploads\/2025\/12\/Homepage-Heart-3.webp?resize=1024%2C1024&amp;ssl=1 1024w, https:\/\/i0.wp.com\/sprachcafe-polnisch.org\/wp-content\/uploads\/2025\/12\/Homepage-Heart-3.webp?resize=150%2C150&amp;ssl=1 150w, https:\/\/i0.wp.com\/sprachcafe-polnisch.org\/wp-content\/uploads\/2025\/12\/Homepage-Heart-3.webp?resize=768%2C768&amp;ssl=1 768w, https:\/\/i0.wp.com\/sprachcafe-polnisch.org\/wp-content\/uploads\/2025\/12\/Homepage-Heart-3.webp?resize=75%2C75&amp;ssl=1 75w\" sizes=\"auto, (max-width: 960px) 100vw, 960px\" \/><\/figure>\n<\/div>\n\n\n<h5 class=\"wp-block-heading has-text-align-center has-text-color has-link-color wp-elements-17fd979f036c0508509eaaf97cbaa3ad\" style=\"color:#cc0000\">Jeste\u015bmy sprawdzonym miejscem spotka\u0144 dla spo\u0142eczno\u015bci<\/h5>\n\n\n\n<p class=\"has-text-align-center\">Przez ponad 13 lat dzia\u0142alno\u015bci SprachCaf\u00e9 Polnisch zbudowa\u0142o w Berlinie r\u00f3\u017cnorodn\u0105, wielokulturow\u0105 spo\u0142eczno\u015b\u0107.<\/p>\n<\/div>\n\n\n\n<div class=\"wp-block-column is-vertically-aligned-top is-layout-flow wp-block-column-is-layout-flow\"><div class=\"wp-block-image\">\n<figure class=\"aligncenter size-full is-resized\"><img data-recalc-dims=\"1\" data-dominant-color=\"f4a6a9\" data-has-transparency=\"false\" loading=\"lazy\" decoding=\"async\" width=\"960\" height=\"960\" src=\"https:\/\/i0.wp.com\/sprachcafe-polnisch.org\/wp-content\/uploads\/2025\/10\/Untitled-design-8.webp?resize=960%2C960&#038;ssl=1\" alt=\"\" class=\"wp-image-20759 not-transparent\" style=\"--dominant-color: #f4a6a9; object-fit:cover;width:250px;height:250px\" srcset=\"https:\/\/i0.wp.com\/sprachcafe-polnisch.org\/wp-content\/uploads\/2025\/10\/Untitled-design-8.webp?w=1024&amp;ssl=1 1024w, https:\/\/i0.wp.com\/sprachcafe-polnisch.org\/wp-content\/uploads\/2025\/10\/Untitled-design-8.webp?resize=300%2C300&amp;ssl=1 300w, https:\/\/i0.wp.com\/sprachcafe-polnisch.org\/wp-content\/uploads\/2025\/10\/Untitled-design-8.webp?resize=150%2C150&amp;ssl=1 150w, https:\/\/i0.wp.com\/sprachcafe-polnisch.org\/wp-content\/uploads\/2025\/10\/Untitled-design-8.webp?resize=768%2C768&amp;ssl=1 768w, https:\/\/i0.wp.com\/sprachcafe-polnisch.org\/wp-content\/uploads\/2025\/10\/Untitled-design-8.webp?resize=75%2C75&amp;ssl=1 75w\" sizes=\"auto, (max-width: 960px) 100vw, 960px\" \/><\/figure>\n<\/div>\n\n\n<h5 class=\"wp-block-heading has-text-align-center has-text-color has-link-color wp-elements-ec993d71d065cc24c5dac53ca5aaae78\" style=\"color:#cc0000\">Wywieraj znacz\u0105cy<br>wp\u0142yw spo\u0142eczny<\/h5>\n\n\n\n<p class=\"has-text-align-center\">Wspieraj wymian\u0119 kulturow\u0105, wieloj\u0119zyczno\u015b\u0107 oraz inicjatywy spo\u0142eczne w Berlinie!<\/p>\n<\/div>\n\n\n\n<div class=\"wp-block-column is-vertically-aligned-top is-layout-flow wp-block-column-is-layout-flow\"><div class=\"wp-block-image\">\n<figure class=\"aligncenter size-full is-resized\"><img data-recalc-dims=\"1\" data-dominant-color=\"cc0000\" data-has-transparency=\"true\" loading=\"lazy\" decoding=\"async\" width=\"960\" height=\"960\" src=\"https:\/\/i0.wp.com\/sprachcafe-polnisch.org\/wp-content\/uploads\/2025\/12\/Homepage-Heart-2.webp?resize=960%2C960&#038;ssl=1\" alt=\"\" class=\"wp-image-21465 has-transparency\" style=\"--dominant-color: #cc0000; object-fit:cover;width:250px;height:249px\" srcset=\"https:\/\/i0.wp.com\/sprachcafe-polnisch.org\/wp-content\/uploads\/2025\/12\/Homepage-Heart-2.webp?w=1080&amp;ssl=1 1080w, https:\/\/i0.wp.com\/sprachcafe-polnisch.org\/wp-content\/uploads\/2025\/12\/Homepage-Heart-2.webp?resize=300%2C300&amp;ssl=1 300w, https:\/\/i0.wp.com\/sprachcafe-polnisch.org\/wp-content\/uploads\/2025\/12\/Homepage-Heart-2.webp?resize=1024%2C1024&amp;ssl=1 1024w, https:\/\/i0.wp.com\/sprachcafe-polnisch.org\/wp-content\/uploads\/2025\/12\/Homepage-Heart-2.webp?resize=150%2C150&amp;ssl=1 150w, https:\/\/i0.wp.com\/sprachcafe-polnisch.org\/wp-content\/uploads\/2025\/12\/Homepage-Heart-2.webp?resize=768%2C768&amp;ssl=1 768w, https:\/\/i0.wp.com\/sprachcafe-polnisch.org\/wp-content\/uploads\/2025\/12\/Homepage-Heart-2.webp?resize=75%2C75&amp;ssl=1 75w\" sizes=\"auto, (max-width: 960px) 100vw, 960px\" \/><\/figure>\n<\/div>\n\n\n<h5 class=\"wp-block-heading has-text-align-center has-text-color has-link-color wp-elements-0650f90b7696fc6d46acb91a00409e47\" style=\"color:#cc0000\">Zwi\u0119ksz swoj\u0105 widoczno\u015b\u0107 i zaanga\u017cowanie!<\/h5>\n\n\n\n<p class=\"has-text-align-center\">Zyskaj uznanie, mo\u017cliwo\u015b\u0107 organizacji wydarze\u0144 oraz bezpo\u015bredni kontakt z r\u00f3\u017cnorodn\u0105, aktywn\u0105 spo\u0142eczno\u015bci\u0105.<\/p>\n<\/div>\n<\/div>\n\n\n\n<div style=\"height:90px\" aria-hidden=\"true\" class=\"wp-block-spacer\"><\/div>\n\n\n\n<h2 class=\"wp-block-heading has-black-color has-text-color has-link-color wp-elements-99f3e015f6f307946b22e2375add2010\">Mo\u017cliwo\u015bci zaanga\u017cowania<\/h2>\n\n\n\n<div style=\"height:40px\" aria-hidden=\"true\" class=\"wp-block-spacer\"><\/div>\n\n\n\n<div class=\"wp-block-media-text alignwide has-media-on-the-right is-stacked-on-mobile is-vertically-aligned-center\" style=\"grid-template-columns:auto 25%\"><div class=\"wp-block-media-text__content\">\n<div style=\"height:20px\" aria-hidden=\"true\" class=\"wp-block-spacer\"><\/div>\n\n\n\n<h5 class=\"wp-block-heading has-black-color has-text-color has-link-color wp-elements-2152fa9278e78b4d361af3499a6de76e\">Wsp\u00f3\u0142pracuj<\/h5>\n\n\n\n<p>Wsp\u00f3\u0142pracuj z nami, aby organizowa\u0107 warsztaty, wydarzenia kulturalne i programy wspieraj\u0105ce lokaln\u0105 spo\u0142eczno\u015b\u0107.<\/p>\n\n\n\n<p>Tw\u00f3j wk\u0142ad pomaga nam utrzyma\u0107 otwarte drzwi i daje Twojej organizacji znacz\u0105c\u0105 obecno\u015b\u0107 oraz realny wp\u0142yw spo\u0142eczny w lokalnej wsp\u00f3lnocie.<\/p>\n\n\n\n<p>Idealne dla organizacji, kt\u00f3re ceni\u0105 rozw\u00f3j swojej spo\u0142eczno\u015bci, wymian\u0119 kulturow\u0105 i wieloj\u0119zyczno\u015b\u0107.<\/p>\n\n\n\n<div style=\"height:10px\" aria-hidden=\"true\" class=\"wp-block-spacer\"><\/div>\n\n\n\n<style>\n.cta-button {\n  display: inline-block;\n  background: none;\n  color: #000000 !important;\n  font-weight: bold;\n  text-decoration: none;\n  position: relative;\n  padding: 6px 0;\n}\n\n.cta-button::after {\n  content: \"\";\n  position: absolute;\n  left: 0;\n  bottom: 0;\n  width: 100%;\n  height: 2px;\n  background-color: #cc0000;\n  transition: transform 0.2s ease;\n}\n\n.cta-button:hover::after {\n  transform: translateY(-2px);\n}\n<\/style>\n\n<a href=\"#contact-us\" class=\"cta-button\">Zaproponuj wsp\u00f3\u0142prac\u0119<\/a>\n<\/div><figure class=\"wp-block-media-text__media\"><img data-recalc-dims=\"1\" loading=\"lazy\" decoding=\"async\" width=\"960\" height=\"640\" src=\"https:\/\/i0.wp.com\/sprachcafe-polnisch.org\/wp-content\/uploads\/2022\/01\/IMG_5980.jpg?resize=960%2C640&#038;ssl=1\" alt=\"\" class=\"wp-image-2872 size-full\" srcset=\"https:\/\/i0.wp.com\/sprachcafe-polnisch.org\/wp-content\/uploads\/2022\/01\/IMG_5980-scaled.jpg?resize=1024%2C683&amp;ssl=1 1024w, https:\/\/i0.wp.com\/sprachcafe-polnisch.org\/wp-content\/uploads\/2022\/01\/IMG_5980-scaled.jpg?resize=300%2C200&amp;ssl=1 300w, https:\/\/i0.wp.com\/sprachcafe-polnisch.org\/wp-content\/uploads\/2022\/01\/IMG_5980-scaled.jpg?resize=768%2C512&amp;ssl=1 768w, https:\/\/i0.wp.com\/sprachcafe-polnisch.org\/wp-content\/uploads\/2022\/01\/IMG_5980-scaled.jpg?resize=1536%2C1024&amp;ssl=1 1536w, https:\/\/i0.wp.com\/sprachcafe-polnisch.org\/wp-content\/uploads\/2022\/01\/IMG_5980-scaled.jpg?resize=2048%2C1365&amp;ssl=1 2048w, https:\/\/i0.wp.com\/sprachcafe-polnisch.org\/wp-content\/uploads\/2022\/01\/IMG_5980-scaled.jpg?resize=1160%2C773&amp;ssl=1 1160w, https:\/\/i0.wp.com\/sprachcafe-polnisch.org\/wp-content\/uploads\/2022\/01\/IMG_5980-scaled.jpg?w=1920&amp;ssl=1 1920w\" sizes=\"auto, (max-width: 960px) 100vw, 960px\" \/><\/figure><\/div>\n\n\n\n<div style=\"height:90px\" aria-hidden=\"true\" class=\"wp-block-spacer\"><\/div>\n\n\n\n<div class=\"wp-block-media-text has-media-on-the-right is-stacked-on-mobile\" style=\"grid-template-columns:auto 25%\"><div class=\"wp-block-media-text__content\">\n<div style=\"height:20px\" aria-hidden=\"true\" class=\"wp-block-spacer\"><\/div>\n\n\n\n<h5 class=\"wp-block-heading has-black-color has-text-color has-link-color wp-elements-9f7b5aa2635bec855b5852d3f8497238\">Wynajmij nasz\u0105 przestrze\u0144!<\/h5>\n\n\n\n<p>Nasz przytulny i go\u015bcinny lokal w Pankowie jest dost\u0119pny na spotkania, wydarzenia i zgromadzenia.<\/p>\n\n\n\n<p>To przestrze\u0144 zorientowana na spo\u0142eczno\u015b\u0107, kt\u00f3ra sprzyja rozmowom, nawi\u0105zywaniu kontakt\u00f3w i kreatywno\u015bci.<\/p>\n\n\n\n<p>Doch\u00f3d z ka\u017cdego wynajmu trafia bezpo\u015brednio do kawiarni i na nasze programy spo\u0142eczne.<\/p>\n\n\n\n<div style=\"height:10px\" aria-hidden=\"true\" class=\"wp-block-spacer\"><\/div>\n\n\n\n<style>\n.cta-button {\n  display: inline-block;\n  background: none;\n  color: #000000 !important;\n  font-weight: bold;\n  text-decoration: none;\n  position: relative;\n  padding: 6px 0;\n}\n\n.cta-button::after {\n  content: \"\";\n  position: absolute;\n  left: 0;\n  bottom: 0;\n  width: 100%;\n  height: 2px;\n  background-color: #cc0000;\n  transition: transform 0.2s ease;\n}\n\n.cta-button:hover::after {\n  transform: translateY(-2px);\n}\n<\/style>\n\n<a href=\"#contact-us\" class=\"cta-button\">Napisz do nas<\/a>\n<\/div><figure class=\"wp-block-media-text__media\"><img data-recalc-dims=\"1\" data-dominant-color=\"846f5e\" data-has-transparency=\"false\" style=\"--dominant-color: #846f5e;\" loading=\"lazy\" decoding=\"async\" width=\"300\" height=\"250\" src=\"https:\/\/i0.wp.com\/sprachcafe-polnisch.org\/wp-content\/uploads\/2025\/12\/Untitled-design-3.webp?resize=300%2C250&#038;ssl=1\" alt=\"\" class=\"wp-image-21485 size-full not-transparent\"\/><\/figure><\/div>\n\n\n\n<div style=\"height:90px\" aria-hidden=\"true\" class=\"wp-block-spacer\"><\/div>\n\n\n\n<div class=\"wp-block-media-text has-media-on-the-right is-stacked-on-mobile\" style=\"grid-template-columns:auto 25%\"><div class=\"wp-block-media-text__content\">\n<div style=\"height:20px\" aria-hidden=\"true\" class=\"wp-block-spacer\"><\/div>\n\n\n\n<h5 class=\"wp-block-heading has-black-color has-text-color has-link-color wp-elements-44e8f2fc4e87da8ae6a47281abad8e2f\">Przeka\u017c darowizn\u0119!<\/h5>\n\n\n\n<p>Przyjmujemy zar\u00f3wno jednorazowe wp\u0142aty, jak i regularne wsparcie. Ka\u017cda z\u0142ot\u00f3wka wraca do naszej pracy na rzecz spo\u0142eczno\u015bci. <\/p>\n\n\n\n<p>Twoja darowizna wspiera wydarzenia kulturalne, programy spo\u0142eczne oraz koszty funkcjonowania kawiarni.<\/p>\n\n\n\n<div style=\"height:10px\" aria-hidden=\"true\" class=\"wp-block-spacer\"><\/div>\n\n\n\n<style>\n.cta-button {\n  display: inline-block;\n  background: none;\n  color: #000000 !important;\n  font-weight: bold;\n  text-decoration: none;\n  position: relative;\n  padding: 6px 0;\n}\n\n.cta-button::after {\n  content: \"\";\n  position: absolute;\n  left: 0;\n  bottom: 0;\n  width: 100%;\n  height: 2px;\n  background-color: #cc0000;\n  transition: transform 0.2s ease;\n}\n\n.cta-button:hover::after {\n  transform: translateY(-2px);\n}\n<\/style>\n\n<a href=\"https:\/\/sprachcafe-polnisch.org\/pl\/dzialaj-z-nami\/datki\/\" class=\"cta-button\">Przekaza\u0107 darowizn\u0119<\/a>\n<\/div><figure class=\"wp-block-media-text__media\"><img data-recalc-dims=\"1\" loading=\"lazy\" decoding=\"async\" width=\"960\" height=\"640\" src=\"https:\/\/i0.wp.com\/sprachcafe-polnisch.org\/wp-content\/uploads\/2021\/01\/mitmachen-spenden.jpg?resize=960%2C640&#038;ssl=1\" alt=\"\" class=\"wp-image-85 size-full\" srcset=\"https:\/\/i0.wp.com\/sprachcafe-polnisch.org\/wp-content\/uploads\/2021\/01\/mitmachen-spenden.jpg?resize=1024%2C683&amp;ssl=1 1024w, https:\/\/i0.wp.com\/sprachcafe-polnisch.org\/wp-content\/uploads\/2021\/01\/mitmachen-spenden.jpg?resize=300%2C200&amp;ssl=1 300w, https:\/\/i0.wp.com\/sprachcafe-polnisch.org\/wp-content\/uploads\/2021\/01\/mitmachen-spenden.jpg?resize=768%2C512&amp;ssl=1 768w, https:\/\/i0.wp.com\/sprachcafe-polnisch.org\/wp-content\/uploads\/2021\/01\/mitmachen-spenden.jpg?resize=1160%2C773&amp;ssl=1 1160w, https:\/\/i0.wp.com\/sprachcafe-polnisch.org\/wp-content\/uploads\/2021\/01\/mitmachen-spenden.jpg?w=1500&amp;ssl=1 1500w\" sizes=\"auto, (max-width: 960px) 100vw, 960px\" \/><\/figure><\/div>\n\n\n\n<div style=\"height:90px\" aria-hidden=\"true\" class=\"wp-block-spacer\"><\/div>\n\n\n\n<div class=\"wp-block-media-text has-media-on-the-right is-stacked-on-mobile\" style=\"grid-template-columns:auto 25%\"><div class=\"wp-block-media-text__content\">\n<div style=\"height:20px\" aria-hidden=\"true\" class=\"wp-block-spacer\"><\/div>\n\n\n\n<h5 class=\"wp-block-heading has-black-color has-text-color has-link-color wp-elements-5841fe852113d66230b822c5f11e1e5f\">Przeka\u017c darowizn\u0119 rzeczow\u0105 lub us\u0142ug\u0119<\/h5>\n\n\n\n<p>Z wdzi\u0119czno\u015bci\u0105 przyjmujemy:<\/p>\n\n\n\n<ul class=\"wp-block-list\">\n<li>Materia\u0142y edukacyjne, ksi\u0105\u017cki, artyku\u0142y pi\u015bmiennicze<\/li>\n\n\n\n<li>Meble, wyposa\u017cenie lub sprz\u0119t techniczny<\/li>\n\n\n\n<li>Profesjonalne us\u0142ugi (projektowanie, t\u0142umaczenia, fotografia, ksi\u0119gowo\u015b\u0107 itp.)<\/li>\n<\/ul>\n\n\n\n<div style=\"height:10px\" aria-hidden=\"true\" class=\"wp-block-spacer\"><\/div>\n\n\n\n<style>\n.cta-button {\n  display: inline-block;\n  background: none;\n  color: #000000 !important;\n  font-weight: bold;\n  text-decoration: none;\n  position: relative;\n  padding: 6px 0;\n}\n\n.cta-button::after {\n  content: \"\";\n  position: absolute;\n  left: 0;\n  bottom: 0;\n  width: 100%;\n  height: 2px;\n  background-color: #cc0000;\n  transition: transform 0.2s ease;\n}\n\n.cta-button:hover::after {\n  transform: translateY(-2px);\n}\n<\/style>\n\n<a href=\"#contact-us\" class=\"cta-button\">Darowizny rzeczowe<\/a>\n<\/div><figure class=\"wp-block-media-text__media\"><img data-recalc-dims=\"1\" loading=\"lazy\" decoding=\"async\" width=\"960\" height=\"720\" src=\"https:\/\/i0.wp.com\/sprachcafe-polnisch.org\/wp-content\/uploads\/2022\/11\/IMG-20221130-WA0001.jpg?resize=960%2C720&#038;ssl=1\" alt=\"\" class=\"wp-image-4621 size-full\" srcset=\"https:\/\/i0.wp.com\/sprachcafe-polnisch.org\/wp-content\/uploads\/2022\/11\/IMG-20221130-WA0001.jpg?resize=1024%2C768&amp;ssl=1 1024w, https:\/\/i0.wp.com\/sprachcafe-polnisch.org\/wp-content\/uploads\/2022\/11\/IMG-20221130-WA0001.jpg?resize=300%2C225&amp;ssl=1 300w, https:\/\/i0.wp.com\/sprachcafe-polnisch.org\/wp-content\/uploads\/2022\/11\/IMG-20221130-WA0001.jpg?resize=768%2C576&amp;ssl=1 768w, https:\/\/i0.wp.com\/sprachcafe-polnisch.org\/wp-content\/uploads\/2022\/11\/IMG-20221130-WA0001.jpg?resize=1536%2C1152&amp;ssl=1 1536w, https:\/\/i0.wp.com\/sprachcafe-polnisch.org\/wp-content\/uploads\/2022\/11\/IMG-20221130-WA0001.jpg?resize=1160%2C870&amp;ssl=1 1160w, https:\/\/i0.wp.com\/sprachcafe-polnisch.org\/wp-content\/uploads\/2022\/11\/IMG-20221130-WA0001.jpg?w=1600&amp;ssl=1 1600w\" sizes=\"auto, (max-width: 960px) 100vw, 960px\" \/><\/figure><\/div>\n\n\n\n<div style=\"height:90px\" aria-hidden=\"true\" id=\"contact-us\" class=\"wp-block-spacer\"><\/div>\n\n\n\n<div class=\"wp-block-media-text is-stacked-on-mobile has-background\" style=\"background-color:#faf6f3;grid-template-columns:32% auto\"><figure class=\"wp-block-media-text__media\"><img data-recalc-dims=\"1\" data-dominant-color=\"efebe8\" data-has-transparency=\"false\" style=\"--dominant-color: #efebe8;\" loading=\"lazy\" decoding=\"async\" width=\"960\" height=\"960\" src=\"https:\/\/i0.wp.com\/sprachcafe-polnisch.org\/wp-content\/uploads\/2026\/01\/CTA-Email-Us-1.webp?resize=960%2C960&#038;ssl=1\" alt=\"\" class=\"wp-image-22270 size-full not-transparent\" srcset=\"https:\/\/i0.wp.com\/sprachcafe-polnisch.org\/wp-content\/uploads\/2026\/01\/CTA-Email-Us-1.webp?resize=1024%2C1024&amp;ssl=1 1024w, https:\/\/i0.wp.com\/sprachcafe-polnisch.org\/wp-content\/uploads\/2026\/01\/CTA-Email-Us-1.webp?resize=300%2C300&amp;ssl=1 300w, https:\/\/i0.wp.com\/sprachcafe-polnisch.org\/wp-content\/uploads\/2026\/01\/CTA-Email-Us-1.webp?resize=150%2C150&amp;ssl=1 150w, https:\/\/i0.wp.com\/sprachcafe-polnisch.org\/wp-content\/uploads\/2026\/01\/CTA-Email-Us-1.webp?resize=768%2C768&amp;ssl=1 768w, https:\/\/i0.wp.com\/sprachcafe-polnisch.org\/wp-content\/uploads\/2026\/01\/CTA-Email-Us-1.webp?resize=75%2C75&amp;ssl=1 75w, https:\/\/i0.wp.com\/sprachcafe-polnisch.org\/wp-content\/uploads\/2026\/01\/CTA-Email-Us-1.webp?w=1080&amp;ssl=1 1080w\" sizes=\"auto, (max-width: 960px) 100vw, 960px\" \/><\/figure><div class=\"wp-block-media-text__content\">\n<div style=\"height:20px\" aria-hidden=\"true\" class=\"wp-block-spacer\"><\/div>\n\n\n\n<h2 class=\"wp-block-heading has-text-align-left has-black-color has-text-color has-link-color wp-elements-d8edb9373f91a557f220a4be63621088\">Jeste\u015b gotowy, aby nawi\u0105za\u0107 kontakt?<\/h2>\n\n\n\n<div style=\"height:25px\" aria-hidden=\"true\" class=\"wp-block-spacer\"><\/div>\n\n\n\n<p class=\"has-text-align-left\">Powiedz nam, w jaki spos\u00f3b chcia\u0142(a)by\u015b wesprze\u0107 SprachCaf\u00e9 Polnisch. Czekamy na Twoj\u0105 wiadomo\u015b\u0107!<\/p>\n\n\n\n<div style=\"height:25px\" aria-hidden=\"true\" class=\"wp-block-spacer\"><\/div>\n\n\n\n<style>\n.cta-button {\n  display: inline-block;\n  background: none;\n  color: #cc0000 !important;\n  font-weight: bold;\n  text-decoration: none;\n  position: relative;\n  padding: 6px 0;\n}\n\n.cta-button::after {\n  content: \"\";\n  position: absolute;\n  left: 0;\n  bottom: 0;\n  width: 100%;\n  height: 2px;\n  background-color: #cc0000;\n  transition: transform 0.2s ease;\n}\n\n.cta-button:hover::after {\n  transform: translateY(-2px);\n}\n<\/style>\n\n<a id=\"contact-us\"><\/a>\n<a href=\"mailto:kontakt@sprachcafe-polnisch.org\" class=\"cta-button\">Wy\u015blij nam e-mail<\/a>\n\n\n\n<div style=\"height:20px\" aria-hidden=\"true\" class=\"wp-block-spacer\"><\/div>\n<\/div><\/div>\n\n\n\n<div style=\"height:90px\" aria-hidden=\"true\" class=\"wp-block-spacer\"><\/div>\n\n\n\n<h2 class=\"wp-block-heading has-black-color has-text-color has-link-color wp-elements-c6715be82151a23ffeddf6e12c31cb2c\">Razem silniejsi<\/h2>\n\n\n\n<div style=\"height:25px\" aria-hidden=\"true\" class=\"wp-block-spacer\"><\/div>\n\n\n\n<p class=\"has-text-align-left\">SprachCaf\u00e9 Polnisch to organizacja non profit oparta na spo\u0142eczno\u015bci i wsp\u00f3\u0142pracy. Dzi\u0119ki wsparciu naszych cenionych partner\u00f3w mo\u017cemy rozszerza\u0107 mo\u017cliwo\u015bci wymiany kulturowej, nauki i warto\u015bciowych spotka\u0144.<\/p>\n\n\n\n<p class=\"has-text-align-left\">Kliknij poni\u017cej, aby pozna\u0107 organizacje i firmy, kt\u00f3re pomagaj\u0105 nam tworzy\u0107 trwa\u0142y wp\u0142yw.<\/p>\n\n\n\n<div style=\"height:10px\" aria-hidden=\"true\" class=\"wp-block-spacer\"><\/div>\n\n\n\n<style>\n.cta-button {\n  display: inline-block;\n  background: none;\n  color: #000000 !important;\n  font-weight: bold;\n  text-decoration: none;\n  position: relative;\n  padding: 6px 0;\n}\n\n.cta-button::after {\n  content: \"\";\n  position: absolute;\n  left: 0;\n  bottom: 0;\n  width: 100%;\n  height: 2px;\n  background-color: #cc0000;\n  transition: transform 0.2s ease;\n}\n\n.cta-button:hover::after {\n  transform: translateY(-2px);\n}\n<\/style>\n\n<a href=\"https:\/\/sprachcafe-polnisch.org\/pl\/dzialaj-z-nami\/wspolpraca\/nasi-partnerzy\/\" class=\"cta-button\">Poznaj naszych partner\u00f3w<\/a>\n","protected":false},"excerpt":{"rendered":"<p>Razem mo\u017cemy tworzy\u0107 bardziej empatyczn\u0105 i inkluzywn\u0105 wsp\u00f3lnot\u0119 w Berlinie. SprachCaf\u00e9 Polnisch e.V. to organizacja non profit i miejsce spotka\u0144 kultury, j\u0119zyka i biznesu \u2013 z polskim akcentem. Organizujemy spotkania j\u0119zykowe, warsztaty kulturalne oraz programy spo\u0142eczne, kt\u00f3re \u0142\u0105cz\u0105 mieszkanki i mieszka\u0144c\u00f3w Berlina, osoby nowo przyby\u0142e oraz przyjaci\u00f3\u0142 z r\u00f3\u017cnych \u015brodowisk. Dzi\u0119ki wsparciu firm, organizacji i os\u00f3b prywatnych, kt\u00f3re podzielaj\u0105 nasze warto\u015bci \u2013 otwarto\u015b\u0107, wieloj\u0119zyczno\u015b\u0107 i wymian\u0119 kulturow\u0105 \u2013 ka\u017cdego roku go\u015bcimy ponad 12 000 uczestnik\u00f3w i wolontariuszy. Wsp\u00f3\u0142pracuj\u0105c z nami, wspierasz wa\u017cne dzia\u0142ania spo\u0142eczne, jednocze\u015bnie wzmacniaj\u0105c widoczno\u015b\u0107 swojej organizacji oraz jej pozytywny wp\u0142yw spo\u0142eczny. Je\u015bli bliskie s\u0105 Ci nasze warto\u015bci i chcesz nawi\u0105za\u0107 wsp\u00f3\u0142prac\u0119, przekaza\u0107 darowizn\u0119 lub zorganizowa\u0107 wydarzenie w naszej przestrzeni, skontaktuj si\u0119 z nami. Jeste\u015bmy sprawdzonym miejscem spotka\u0144 dla spo\u0142eczno\u015bci Przez ponad 13 lat dzia\u0142alno\u015bci SprachCaf\u00e9 Polnisch zbudowa\u0142o w Berlinie r\u00f3\u017cnorodn\u0105, wielokulturow\u0105 spo\u0142eczno\u015b\u0107. Wywieraj znacz\u0105cywp\u0142yw spo\u0142eczny Wspieraj wymian\u0119 kulturow\u0105, wieloj\u0119zyczno\u015b\u0107 oraz inicjatywy spo\u0142eczne w Berlinie! Zwi\u0119ksz swoj\u0105 widoczno\u015b\u0107 i zaanga\u017cowanie! Zyskaj uznanie, mo\u017cliwo\u015b\u0107 organizacji wydarze\u0144 oraz bezpo\u015bredni kontakt z r\u00f3\u017cnorodn\u0105, aktywn\u0105 spo\u0142eczno\u015bci\u0105. Mo\u017cliwo\u015bci zaanga\u017cowania Razem silniejsi SprachCaf\u00e9 Polnisch to organizacja non profit oparta na spo\u0142eczno\u015bci i wsp\u00f3\u0142pracy. Dzi\u0119ki wsparciu naszych cenionych partner\u00f3w mo\u017cemy rozszerza\u0107 mo\u017cliwo\u015bci wymiany kulturowej, nauki i warto\u015bciowych spotka\u0144. Kliknij poni\u017cej, aby pozna\u0107 organizacje i firmy, kt\u00f3re pomagaj\u0105 nam tworzy\u0107 trwa\u0142y wp\u0142yw. Poznaj naszych partner\u00f3w<\/p>\n","protected":false},"author":1,"featured_media":0,"parent":173,"menu_order":2,"comment_status":"closed","ping_status":"closed","template":"","meta":{"jetpack_post_was_ever_published":false,"footnotes":""},"class_list":["post-350","page","type-page","status-publish","hentry"],"acf":[],"jetpack-related-posts":[],"jetpack_sharing_enabled":true,"_links":{"self":[{"href":"https:\/\/sprachcafe-polnisch.org\/pl\/wp-json\/wp\/v2\/pages\/350","targetHints":{"allow":["GET"]}}],"collection":[{"href":"https:\/\/sprachcafe-polnisch.org\/pl\/wp-json\/wp\/v2\/pages"}],"about":[{"href":"https:\/\/sprachcafe-polnisch.org\/pl\/wp-json\/wp\/v2\/types\/page"}],"author":[{"embeddable":true,"href":"https:\/\/sprachcafe-polnisch.org\/pl\/wp-json\/wp\/v2\/users\/1"}],"replies":[{"embeddable":true,"href":"https:\/\/sprachcafe-polnisch.org\/pl\/wp-json\/wp\/v2\/comments?post=350"}],"version-history":[{"count":14,"href":"https:\/\/sprachcafe-polnisch.org\/pl\/wp-json\/wp\/v2\/pages\/350\/revisions"}],"predecessor-version":[{"id":22848,"href":"https:\/\/sprachcafe-polnisch.org\/pl\/wp-json\/wp\/v2\/pages\/350\/revisions\/22848"}],"up":[{"embeddable":true,"href":"https:\/\/sprachcafe-polnisch.org\/pl\/wp-json\/wp\/v2\/pages\/173"}],"wp:attachment":[{"href":"https:\/\/sprachcafe-polnisch.org\/pl\/wp-json\/wp\/v2\/media?parent=350"}],"curies":[{"name":"wp","href":"https:\/\/api.w.org\/{rel}","templated":true}]}}