{"id":339,"date":"2021-01-03T21:01:10","date_gmt":"2021-01-03T20:01:10","guid":{"rendered":"https:\/\/sprachcafe-polnisch.org\/?page_id=339"},"modified":"2021-09-21T22:28:50","modified_gmt":"2021-09-21T20:28:50","slug":"datki","status":"publish","type":"page","link":"https:\/\/sprachcafe-polnisch.org\/pl\/dzialaj-z-nami\/datki\/","title":{"rendered":"Datki"},"content":{"rendered":"\n<div class=\"wp-block-columns is-layout-flex wp-container-core-columns-is-layout-9d6595d7 wp-block-columns-is-layout-flex\">\n<div class=\"wp-block-column is-vertically-aligned-center is-layout-flow wp-block-column-is-layout-flow\" style=\"flex-basis:80%\">\n<p>Cieszymy si\u0119 ze wszystkich datk\u00f3w wspieraj\u0105cych nasze stowarzyszenie! W ten spos\u00f3b mo\u017cemy wsp\u00f3lnie zapewni\u0107 ci\u0105g\u0142o\u015b\u0107 naszych aktywno\u015bci. Dzi\u0119ki datkom gwarantujemy r\u00f3wnie\u017c jako\u015b\u0107 naszych dzia\u0142a\u0144, z my\u015bl\u0105 o zr\u00f3wnowa\u017conym rozwoju.<\/p>\n<\/div>\n\n\n\n<div class=\"wp-block-column is-vertically-aligned-center is-layout-flow wp-block-column-is-layout-flow\" style=\"flex-basis:20%\">\n<form action=\"https:\/\/www.paypal.com\/cgi-bin\/webscr\" method=\"post\" target=\"_top\">\n    <input name=\"cmd\" type=\"hidden\" value=\"_s-xclick\">\n    <input name=\"hosted_button_id\" type=\"hidden\" value=\"B66STKJGQQUK8\">\n    <input title=\"PayPal - The safer, easier way to pay online!\" alt=\"Spenden mit dem PayPal-Button\" name=\"submit\" src=\"https:\/\/www.paypalobjects.com\/pl_PL\/PL\/i\/btn\/btn_donateCC_LG.gif\" type=\"image\">\n    <img data-recalc-dims=\"1\" loading=\"lazy\" decoding=\"async\" src=\"https:\/\/i0.wp.com\/www.paypal.com\/pl_PL\/i\/scr\/pixel.gif?resize=1%2C1&#038;ssl=1\" alt=\"\" width=\"1\" height=\"1\" border=\"0\">\n<\/form>\n<\/div>\n<\/div>\n\n\n\n<h2 class=\"wp-block-heading\">Zakres dzia\u0142a\u0144 Polskiej Kafejki J\u0119zykowej:<\/h2>\n\n\n\n<ul class=\"wp-block-list\"><li>dzia\u0142ania na p\u0142aszczy\u017anie polsko-niemieckiej;<\/li><li>dzia\u0142ania interkulturowe;<\/li><li>dzia\u0142ania lokalne i ponadregionalne;<\/li><li>dzia\u0142ania wielopokoleniowe;<\/li><li>praca w zakresie edukacji, kultury i zagadnie\u0144 spo\u0142ecznych.<\/li><\/ul>\n\n\n\n<p>To Wy przyczyniacie si\u0119 do naszych sukces\u00f3w! Z g\u00f3ry serdecznie dzi\u0119kujemy!<\/p>\n\n\n\n<h2 class=\"wp-block-heading\">Nasze konto bankowe:<\/h2>\n\n\n\n<p><strong>SprachCaf\u00e9 Polnisch e.V.<\/strong><\/p>\n\n\n\n<p>Deutsche Skatbank<br><strong>IBAN<\/strong>: DE79 8306 5408 0004 9743 36<br><strong>BIC<\/strong>: GENO DEF1 SLR<\/p>\n\n\n\n<p><strong>Tytu\u0142<\/strong>: &#8222;<em>Spende<\/em>&#8222;<\/p>\n\n\n\n<p>Liczy si\u0119 ka\u017cdy grosz!<\/p>\n\n\n\n<h3 class=\"wp-block-heading\">Masz pytania dotycz\u0105ce datku?<\/h3>\n\n\n\n<p>Za\u015bwiadczenie o przekazanych datkach <strong>upowa\u017cnia do ulgi podatkowej<\/strong>.<\/p>\n\n\n\n<p>Ch\u0119tnie odpowiemy na Twoje pytania pod numerem telefonu <a href=\"tel:+4916099680059\" data-type=\"tel\" data-id=\"tel:+4916099680059\">+49 (0)160 9968 0059<\/a>!<\/p>\n","protected":false},"excerpt":{"rendered":"<p>Cieszymy si\u0119 ze wszystkich datk\u00f3w wspieraj\u0105cych nasze stowarzyszenie! W ten spos\u00f3b mo\u017cemy wsp\u00f3lnie zapewni\u0107 ci\u0105g\u0142o\u015b\u0107 naszych aktywno\u015bci. Dzi\u0119ki datkom gwarantujemy r\u00f3wnie\u017c jako\u015b\u0107 naszych dzia\u0142a\u0144, z my\u015bl\u0105 o zr\u00f3wnowa\u017conym rozwoju. Zakres dzia\u0142a\u0144 Polskiej Kafejki J\u0119zykowej: dzia\u0142ania na p\u0142aszczy\u017anie polsko-niemieckiej; dzia\u0142ania interkulturowe; dzia\u0142ania lokalne i ponadregionalne; dzia\u0142ania wielopokoleniowe; praca w zakresie edukacji, kultury i zagadnie\u0144 spo\u0142ecznych. To Wy przyczyniacie si\u0119 do naszych sukces\u00f3w! Z g\u00f3ry serdecznie dzi\u0119kujemy! Nasze konto bankowe: SprachCaf\u00e9 Polnisch e.V. Deutsche SkatbankIBAN: DE79 8306 5408 0004 9743 36BIC: GENO DEF1 SLR Tytu\u0142: &#8222;Spende&#8222; Liczy si\u0119 ka\u017cdy grosz! Masz pytania dotycz\u0105ce datku? Za\u015bwiadczenie o przekazanych datkach upowa\u017cnia do ulgi podatkowej. Ch\u0119tnie odpowiemy na Twoje pytania pod numerem telefonu +49 (0)160 9968 0059!<\/p>\n","protected":false},"author":1,"featured_media":0,"parent":173,"menu_order":1,"comment_status":"closed","ping_status":"closed","template":"","meta":{"jetpack_post_was_ever_published":false,"footnotes":""},"class_list":["post-339","page","type-page","status-publish","hentry"],"acf":[],"jetpack-related-posts":[],"jetpack_sharing_enabled":true,"_links":{"self":[{"href":"https:\/\/sprachcafe-polnisch.org\/pl\/wp-json\/wp\/v2\/pages\/339","targetHints":{"allow":["GET"]}}],"collection":[{"href":"https:\/\/sprachcafe-polnisch.org\/pl\/wp-json\/wp\/v2\/pages"}],"about":[{"href":"https:\/\/sprachcafe-polnisch.org\/pl\/wp-json\/wp\/v2\/types\/page"}],"author":[{"embeddable":true,"href":"https:\/\/sprachcafe-polnisch.org\/pl\/wp-json\/wp\/v2\/users\/1"}],"replies":[{"embeddable":true,"href":"https:\/\/sprachcafe-polnisch.org\/pl\/wp-json\/wp\/v2\/comments?post=339"}],"version-history":[{"count":0,"href":"https:\/\/sprachcafe-polnisch.org\/pl\/wp-json\/wp\/v2\/pages\/339\/revisions"}],"up":[{"embeddable":true,"href":"https:\/\/sprachcafe-polnisch.org\/pl\/wp-json\/wp\/v2\/pages\/173"}],"wp:attachment":[{"href":"https:\/\/sprachcafe-polnisch.org\/pl\/wp-json\/wp\/v2\/media?parent=339"}],"curies":[{"name":"wp","href":"https:\/\/api.w.org\/{rel}","templated":true}]}}