{"id":251,"date":"2021-01-03T16:48:13","date_gmt":"2021-01-03T15:48:13","guid":{"rendered":"https:\/\/sprachcafe-polnisch.org\/?page_id=251"},"modified":"2021-09-14T22:27:07","modified_gmt":"2021-09-14T20:27:07","slug":"kawiarnia","status":"publish","type":"page","link":"https:\/\/sprachcafe-polnisch.org\/pl\/o-nas\/kawiarnia\/","title":{"rendered":"Kawiarnia"},"content":{"rendered":"\n<div class=\"wp-block-columns is-layout-flex wp-container-core-columns-is-layout-9d6595d7 wp-block-columns-is-layout-flex\">\n<div class=\"wp-block-column is-layout-flow wp-block-column-is-layout-flow\">\n<figure class=\"wp-block-image size-large\"><img data-recalc-dims=\"1\" height=\"640\" width=\"960\" decoding=\"async\" src=\"https:\/\/i0.wp.com\/sprachcafe-polnisch.org\/wp-content\/uploads\/2021\/01\/ueber-uns-begegnungscafe.jpg?resize=960%2C640&#038;ssl=1\" alt=\"\" class=\"wp-image-64\"\/><\/figure>\n<\/div>\n\n\n\n<div class=\"wp-block-column is-layout-flow wp-block-column-is-layout-flow\">\n<p>W Polskiej Kafejce J\u0119zykowej znajduje si\u0119 ma\u0142a <strong>kawiarnia<\/strong> b\u0119d\u0105ca przestrzeni\u0105 do spotka\u0144, szczeg\u00f3lnie w trakcie organizowanych imprez. Mile widziane s\u0105 r\u00f3wnie\u017c spotkania prywatne, te poza porami wydarze\u0144.<br>Nasza kawiarnia to tak\u017ce idealne miejsce do <strong>pracy<\/strong> indywidualnej.<\/p>\n\n\n\n<p>W kawiarni oferujemy ciep\u0142e i zimne napoje, ciasto oraz drobne smako\u0142yki, <strong>z polsk\u0105 nut\u0105<\/strong>!<\/p>\n\n\n\n<p>W ciep\u0142e dni zapraszamy r\u00f3wnie\u017c do naszego <strong>ogr\u00f3dka<\/strong> oraz na <strong>podw\u00f3rze<\/strong>. \u015aled\u017acie <strong>aktualizacje<\/strong>.<\/p>\n<\/div>\n<\/div>\n\n\n\n<h2 class=\"wp-block-heading\">Chcesz zosta\u0107 cz\u0119\u015bci\u0105 zespo\u0142u kawiarni?<\/h2>\n\n\n\n<p>Je\u015bli chcesz zosta\u0107 cz\u0142onkiem <strong>kawiarnianego<\/strong> <strong>zespo\u0142u wolontariuszy<\/strong>, zg\u0142o\u015b si\u0119 do nas: <a href=\"mailto:kontakt@sprachcafe-polnisch.org\">kontakt@sprachcafe-polnisch.org<\/a>.<br>B\u0119dzie nam mi\u0142o!<\/p>\n","protected":false},"excerpt":{"rendered":"<p>W Polskiej Kafejce J\u0119zykowej znajduje si\u0119 ma\u0142a kawiarnia b\u0119d\u0105ca przestrzeni\u0105 do spotka\u0144, szczeg\u00f3lnie w trakcie organizowanych imprez. Mile widziane s\u0105 r\u00f3wnie\u017c spotkania prywatne, te poza porami wydarze\u0144.Nasza kawiarnia to tak\u017ce idealne miejsce do pracy indywidualnej. W kawiarni oferujemy ciep\u0142e i zimne napoje, ciasto oraz drobne smako\u0142yki, z polsk\u0105 nut\u0105! W ciep\u0142e dni zapraszamy r\u00f3wnie\u017c do naszego ogr\u00f3dka oraz na podw\u00f3rze. \u015aled\u017acie aktualizacje. Chcesz zosta\u0107 cz\u0119\u015bci\u0105 zespo\u0142u kawiarni? Je\u015bli chcesz zosta\u0107 cz\u0142onkiem kawiarnianego zespo\u0142u wolontariuszy, zg\u0142o\u015b si\u0119 do nas: kontakt@sprachcafe-polnisch.org.B\u0119dzie nam mi\u0142o!<\/p>\n","protected":false},"author":1,"featured_media":0,"parent":131,"menu_order":1,"comment_status":"closed","ping_status":"closed","template":"","meta":{"footnotes":""},"class_list":["post-251","page","type-page","status-publish","hentry"],"acf":[],"jetpack-related-posts":[],"jetpack_sharing_enabled":true,"_links":{"self":[{"href":"https:\/\/sprachcafe-polnisch.org\/pl\/wp-json\/wp\/v2\/pages\/251","targetHints":{"allow":["GET"]}}],"collection":[{"href":"https:\/\/sprachcafe-polnisch.org\/pl\/wp-json\/wp\/v2\/pages"}],"about":[{"href":"https:\/\/sprachcafe-polnisch.org\/pl\/wp-json\/wp\/v2\/types\/page"}],"author":[{"embeddable":true,"href":"https:\/\/sprachcafe-polnisch.org\/pl\/wp-json\/wp\/v2\/users\/1"}],"replies":[{"embeddable":true,"href":"https:\/\/sprachcafe-polnisch.org\/pl\/wp-json\/wp\/v2\/comments?post=251"}],"version-history":[{"count":0,"href":"https:\/\/sprachcafe-polnisch.org\/pl\/wp-json\/wp\/v2\/pages\/251\/revisions"}],"up":[{"embeddable":true,"href":"https:\/\/sprachcafe-polnisch.org\/pl\/wp-json\/wp\/v2\/pages\/131"}],"wp:attachment":[{"href":"https:\/\/sprachcafe-polnisch.org\/pl\/wp-json\/wp\/v2\/media?parent=251"}],"curies":[{"name":"wp","href":"https:\/\/api.w.org\/{rel}","templated":true}]}}