{"id":23569,"date":"2026-03-19T11:17:31","date_gmt":"2026-03-19T10:17:31","guid":{"rendered":"https:\/\/sprachcafe-polnisch.org\/?page_id=23569"},"modified":"2026-04-13T17:33:04","modified_gmt":"2026-04-13T15:33:04","slug":"wielojezycznosc","status":"publish","type":"page","link":"https:\/\/sprachcafe-polnisch.org\/pl\/wielojezycznosc\/","title":{"rendered":"Wieloj\u0119zyczno\u015b\u0107"},"content":{"rendered":"<ul class=\"wp-block-latest-posts__list has-dates wp-block-latest-posts\"><li><div class=\"wp-block-latest-posts__featured-image\"><img loading=\"lazy\" decoding=\"async\" width=\"720\" height=\"689\" src=\"https:\/\/i0.wp.com\/sprachcafe-polnisch.org\/wp-content\/uploads\/2025\/03\/WhatsApp-Bild-2024-05-15-um-06.52.50_bca78e0b.webp?fit=720%2C689&amp;ssl=1\" class=\"attachment-large size-large wp-post-image\" alt=\"\" style=\"\" srcset=\"https:\/\/i0.wp.com\/sprachcafe-polnisch.org\/wp-content\/uploads\/2025\/03\/WhatsApp-Bild-2024-05-15-um-06.52.50_bca78e0b.webp?w=720&amp;ssl=1 720w, https:\/\/i0.wp.com\/sprachcafe-polnisch.org\/wp-content\/uploads\/2025\/03\/WhatsApp-Bild-2024-05-15-um-06.52.50_bca78e0b.webp?resize=300%2C287&amp;ssl=1 300w\" sizes=\"auto, (max-width: 720px) 100vw, 720px\" \/><\/div><a class=\"wp-block-latest-posts__post-title\" href=\"https:\/\/sprachcafe-polnisch.org\/pl\/2026\/04\/sprachcafe-im-ohr-podsumowanie-2\/\">Sprachcaf\u00e9 im Ohr &#8211; podsumowanie<\/a><time datetime=\"2026-04-13T17:32:31+02:00\" class=\"wp-block-latest-posts__post-date\">2026-04-13<\/time><div class=\"wp-block-latest-posts__post-excerpt\">W latach 2023\u20132024\u20132025 w ramach projektu \u201eSprachCaf\u00e9 im Ohr\u201d zorganizowali\u015bmy bezp\u0142atn\u0105 ofert\u0119 w 14 j\u0119zykach dla rodzin wieloj\u0119zycznych, kadry pedagogicznej i os\u00f3b pe\u0142ni\u0105cych rol\u0119 multiplikator\u00f3w: \ud83d\udd051200 konsultacji telefonicznych dotycz\u0105cych wieloj\u0119zycznego wychowania dzieci \ud83d\udd05 30 wieloj\u0119zycznych spotka\u0144 rodzinnych dla spo\u0142eczno\u015bci j\u0119zykowych \ud83d\udd05 10 szkole\u0144 dla mi\u0119dzynarodowego zespo\u0142u projektowego Do najwa\u017cniejszych wydarze\u0144 nale\u017ca\u0142y: &#8211;&nbsp;&nbsp;&nbsp; Aktywny udzia\u0142 w corocznej berli\u0144skiej \u201eNocy Rodzin\u201d &#8211;&nbsp;&nbsp;&nbsp; Obecno\u015b\u0107 na najwi\u0119kszych targach j\u0119zykowych w Niemczech \u201eEXPOLINGUA\u201d w 2025 roku &#8211;&nbsp;&nbsp;&nbsp; Rozszerzenie dzia\u0142a\u0144 projektowych w 2024 roku m.in. o wieloj\u0119zyczn\u0105 gr\u0119 komunikacyjn\u0105 \u201eSpeak-Dating\u201d Wszystkie istotne informacje na temat projektu znajdziecie w tym e-booku, kt\u00f3ry przygotowali\u015bmy specjalnie dla Was. Serdeczne podzi\u0119kowania kierujemy do: &#8211;&nbsp;&nbsp;&nbsp; Uczestnik\u00f3w projektu \u2013 od kt\u00f3rych r\u00f3wnie\u017c wiele si\u0119 nauczyli\u015bmy. &#8211;&nbsp;&nbsp;&nbsp; Wspania\u0142ego zespo\u0142u projektowego \u2013 za liczne synergie. &#8211;&nbsp;&nbsp;&nbsp; Organizacji wspieraj\u0105cej za dofinansowanie przez Departament Senatu ds. Pracy, Spraw Spo\u0142ecznych, R\u00f3wno\u015bci, Integracji, R\u00f3\u017cnorodno\u015bci i Przeciwdzia\u0142ania Dyskryminacji w ramach Programu Partycypacji i Integracji.<\/div><\/li>\n<\/ul>","protected":false},"excerpt":{"rendered":"","protected":false},"author":5,"featured_media":0,"parent":0,"menu_order":0,"comment_status":"closed","ping_status":"closed","template":"","meta":{"jetpack_post_was_ever_published":false,"footnotes":""},"class_list":["post-23569","page","type-page","status-publish","hentry"],"acf":[],"jetpack-related-posts":[],"jetpack_sharing_enabled":true,"_links":{"self":[{"href":"https:\/\/sprachcafe-polnisch.org\/pl\/wp-json\/wp\/v2\/pages\/23569","targetHints":{"allow":["GET"]}}],"collection":[{"href":"https:\/\/sprachcafe-polnisch.org\/pl\/wp-json\/wp\/v2\/pages"}],"about":[{"href":"https:\/\/sprachcafe-polnisch.org\/pl\/wp-json\/wp\/v2\/types\/page"}],"author":[{"embeddable":true,"href":"https:\/\/sprachcafe-polnisch.org\/pl\/wp-json\/wp\/v2\/users\/5"}],"replies":[{"embeddable":true,"href":"https:\/\/sprachcafe-polnisch.org\/pl\/wp-json\/wp\/v2\/comments?post=23569"}],"version-history":[{"count":4,"href":"https:\/\/sprachcafe-polnisch.org\/pl\/wp-json\/wp\/v2\/pages\/23569\/revisions"}],"predecessor-version":[{"id":23712,"href":"https:\/\/sprachcafe-polnisch.org\/pl\/wp-json\/wp\/v2\/pages\/23569\/revisions\/23712"}],"wp:attachment":[{"href":"https:\/\/sprachcafe-polnisch.org\/pl\/wp-json\/wp\/v2\/media?parent=23569"}],"curies":[{"name":"wp","href":"https:\/\/api.w.org\/{rel}","templated":true}]}}