{"id":173,"date":"2021-01-02T23:29:09","date_gmt":"2021-01-02T22:29:09","guid":{"rendered":"https:\/\/sprachcafe-polnisch.org\/?page_id=173"},"modified":"2026-01-21T10:14:02","modified_gmt":"2026-01-21T09:14:02","slug":"dzialaj-z-nami","status":"publish","type":"page","link":"https:\/\/sprachcafe-polnisch.org\/pl\/dzialaj-z-nami\/","title":{"rendered":"Dzia\u0142aj z nami!"},"content":{"rendered":"\n<figure class=\"wp-block-pullquote is-style-solid-color has-black-color has-text-color\"><blockquote><p>Chcesz wsp\u00f3\u0142tworzy\u0107 Kafejk\u0119?<br>Cieszymy si\u0119 z Twojego udzia\u0142u!<\/p><\/blockquote><\/figure>\n\n\n\n<div class=\"wp-block-columns is-layout-flex wp-container-core-columns-is-layout-9d6595d7 wp-block-columns-is-layout-flex\">\n<div class=\"wp-block-column is-layout-flow wp-block-column-is-layout-flow\">\n<figure class=\"wp-block-image size-large\"><img data-recalc-dims=\"1\" height=\"640\" width=\"960\" decoding=\"async\" src=\"https:\/\/i0.wp.com\/sprachcafe-polnisch.org\/wp-content\/uploads\/2021\/01\/mitmachen-spenden.jpg?resize=960%2C640&#038;ssl=1\" alt=\"\" class=\"wp-image-86\"\/><\/figure>\n\n\n\n<h3 class=\"wp-block-heading has-text-align-center\"><a href=\"https:\/\/sprachcafe-polnisch.org\/pl\/dzialaj-z-nami\/datki\/\" data-type=\"page\" data-id=\"339\">Datki<\/a><\/h3>\n\n\n\n<p>Cieszymy si\u0119 z datk\u00f3w wspieraj\u0105cych dzia\u0142ania naszego stowarzyszenia!<\/p>\n<\/div>\n\n\n\n<div class=\"wp-block-column is-layout-flow wp-block-column-is-layout-flow\">\n<figure class=\"wp-block-image size-large\"><img data-recalc-dims=\"1\" loading=\"lazy\" decoding=\"async\" width=\"960\" height=\"640\" src=\"https:\/\/i0.wp.com\/sprachcafe-polnisch.org\/wp-content\/uploads\/2023\/08\/IMG_0298.jpg?resize=960%2C640&#038;ssl=1\" alt=\"\" class=\"wp-image-7034\" srcset=\"https:\/\/i0.wp.com\/sprachcafe-polnisch.org\/wp-content\/uploads\/2023\/08\/IMG_0298-scaled.jpg?resize=1024%2C683&amp;ssl=1 1024w, https:\/\/i0.wp.com\/sprachcafe-polnisch.org\/wp-content\/uploads\/2023\/08\/IMG_0298-scaled.jpg?resize=300%2C200&amp;ssl=1 300w, https:\/\/i0.wp.com\/sprachcafe-polnisch.org\/wp-content\/uploads\/2023\/08\/IMG_0298-scaled.jpg?resize=768%2C512&amp;ssl=1 768w, https:\/\/i0.wp.com\/sprachcafe-polnisch.org\/wp-content\/uploads\/2023\/08\/IMG_0298-scaled.jpg?resize=1536%2C1024&amp;ssl=1 1536w, https:\/\/i0.wp.com\/sprachcafe-polnisch.org\/wp-content\/uploads\/2023\/08\/IMG_0298-scaled.jpg?resize=2048%2C1365&amp;ssl=1 2048w, https:\/\/i0.wp.com\/sprachcafe-polnisch.org\/wp-content\/uploads\/2023\/08\/IMG_0298-scaled.jpg?resize=1160%2C773&amp;ssl=1 1160w, https:\/\/i0.wp.com\/sprachcafe-polnisch.org\/wp-content\/uploads\/2023\/08\/IMG_0298-scaled.jpg?w=1920&amp;ssl=1 1920w\" sizes=\"auto, (max-width: 960px) 100vw, 960px\" \/><\/figure>\n\n\n\n<h3 class=\"wp-block-heading has-text-align-center\"><a href=\"https:\/\/sprachcafe-polnisch.org\/pl\/dzialaj-z-nami\/wspolpraca\/\" data-type=\"page\" data-id=\"350\">Zosta\u0144 naszym Partnerem<\/a><\/h3>\n\n\n\n<p>Wspieraj wa\u017cn\u0105 dzia\u0142alno\u015b\u0107 spo\u0142eczn\u0105 i zwi\u0119ksz widoczno\u015b\u0107 swojej organizacji oraz jej wp\u0142yw spo\u0142eczny dzi\u0119ki wsp\u00f3\u0142pracy z nami.<\/p>\n<\/div>\n\n\n\n<div class=\"wp-block-column is-layout-flow wp-block-column-is-layout-flow\">\n<figure class=\"wp-block-image size-large\"><img data-recalc-dims=\"1\" height=\"640\" width=\"960\" decoding=\"async\" src=\"https:\/\/i0.wp.com\/sprachcafe-polnisch.org\/wp-content\/uploads\/2021\/01\/mitmachen-mitglied-werden.jpg?resize=960%2C640&#038;ssl=1\" alt=\"\" class=\"wp-image-82\"\/><\/figure>\n\n\n\n<h3 class=\"wp-block-heading has-text-align-center\"><a href=\"https:\/\/sprachcafe-polnisch.org\/pl\/dzialaj-z-nami\/czlonkostwo\/\" data-type=\"page\" data-id=\"362\">Cz\u0142onkostwo<\/a><\/h3>\n\n\n\n<p>Czy my\u015bla\u0142e\u015b(-\u0142a\u015b) o cz\u0142onkostwie w naszym stowarzyszeniu?<\/p>\n<\/div>\n<\/div>\n\n\n\n<div class=\"wp-block-columns is-layout-flex wp-container-core-columns-is-layout-9d6595d7 wp-block-columns-is-layout-flex\">\n<div class=\"wp-block-column is-layout-flow wp-block-column-is-layout-flow\">\n<figure class=\"wp-block-image size-large\"><img data-recalc-dims=\"1\" height=\"640\" width=\"960\" decoding=\"async\" src=\"https:\/\/i0.wp.com\/sprachcafe-polnisch.org\/wp-content\/uploads\/2021\/01\/mitmachen-ehrenamt-1024x683.jpg?resize=960%2C640&#038;ssl=1\" alt=\"\" class=\"wp-image-78\"\/><\/figure>\n\n\n\n<h3 class=\"wp-block-heading has-text-align-center\"><a href=\"https:\/\/sprachcafe-polnisch.org\/pl\/dzialaj-z-nami\/wolontariat\/\" data-type=\"page\" data-id=\"374\">Wolontariat | BFD<\/a><\/h3>\n\n\n\n<p>Stowarzyszenie jest otwarte na wolonariuszy(-ki), r\u00f3wnie\u017c w ramach programu BFD.<br>Warto skorzysta\u0107 z tej szansy!<\/p>\n<\/div>\n\n\n\n<div class=\"wp-block-column is-layout-flow wp-block-column-is-layout-flow\">\n<figure class=\"wp-block-image size-large\"><img data-recalc-dims=\"1\" height=\"640\" width=\"960\" decoding=\"async\" src=\"https:\/\/i0.wp.com\/sprachcafe-polnisch.org\/wp-content\/uploads\/2021\/01\/mitmachen-pratikum.jpg?resize=960%2C640&#038;ssl=1\" alt=\"\" class=\"wp-image-84\"\/><\/figure>\n\n\n\n<h3 class=\"wp-block-heading has-text-align-center\"><a href=\"https:\/\/sprachcafe-polnisch.org\/pl\/dzialaj-z-nami\/praktyki-w-kafejce\/\" data-type=\"page\" data-id=\"383\">Praktyki<\/a><\/h3>\n\n\n\n<p>Szukasz ciekawych i rozwijaj\u0105cych praktyk w \u015bwietnej atmosferze? Zapraszamy!<\/p>\n<\/div>\n\n\n\n<div class=\"wp-block-column is-layout-flow wp-block-column-is-layout-flow\">\n<figure class=\"wp-block-image size-large\"><img data-recalc-dims=\"1\" height=\"640\" width=\"960\" decoding=\"async\" src=\"https:\/\/i0.wp.com\/sprachcafe-polnisch.org\/wp-content\/uploads\/2021\/01\/mitmachen-unsere-raume.jpg?resize=960%2C640&#038;ssl=1\" alt=\"\" class=\"wp-image-88\"\/><\/figure>\n\n\n\n<h3 class=\"wp-block-heading has-text-align-center\"><mark style=\"background-color:rgba(0, 0, 0, 0);color:#dd3333\" class=\"has-inline-color\">Jeste\u015bmy u siebie!<\/mark><\/h3>\n\n\n\n<p>Ka\u017cdy na sw\u00f3j spos\u00f3b mo\u017ce wesprze\u0107 nasze MIEJSCE.<br>Do\u0142\u0105cz do zespo\u0142u!<\/p>\n<\/div>\n<\/div>\n\n\n\n<figure class=\"wp-block-pullquote is-style-default has-black-color has-text-color\"><blockquote><p>Dzia\u0142ania te wspiera projekt <mark style=\"background-color:rgba(0, 0, 0, 0);color:#dd3333\" class=\"has-inline-color\"><a href=\"https:\/\/sprachcafe-polnisch.org\/pl\/2023\/02\/kafejka-w-pankoe-das-sprachcafe-in-pankow\/\" data-type=\"URL\" data-id=\"https:\/\/www.berlin.de\/ba-pankow\/ueber-den-bezirk\/ehrenamtliches-engagement\/artikel.708426.php\">FEIN-Pilotprojekt<\/a><\/mark>.<\/p><\/blockquote><\/figure>\n","protected":false},"excerpt":{"rendered":"<p>Chcesz wsp\u00f3\u0142tworzy\u0107 Kafejk\u0119?Cieszymy si\u0119 z Twojego udzia\u0142u! Datki Cieszymy si\u0119 z datk\u00f3w wspieraj\u0105cych dzia\u0142ania naszego stowarzyszenia! Zosta\u0144 naszym Partnerem Wspieraj wa\u017cn\u0105 dzia\u0142alno\u015b\u0107 spo\u0142eczn\u0105 i zwi\u0119ksz widoczno\u015b\u0107 swojej organizacji oraz jej wp\u0142yw spo\u0142eczny dzi\u0119ki wsp\u00f3\u0142pracy z nami. Cz\u0142onkostwo Czy my\u015bla\u0142e\u015b(-\u0142a\u015b) o cz\u0142onkostwie w naszym stowarzyszeniu? Wolontariat | BFD Stowarzyszenie jest otwarte na wolonariuszy(-ki), r\u00f3wnie\u017c w ramach programu BFD.Warto skorzysta\u0107 z tej szansy! Praktyki Szukasz ciekawych i rozwijaj\u0105cych praktyk w \u015bwietnej atmosferze? Zapraszamy! Jeste\u015bmy u siebie! Ka\u017cdy na sw\u00f3j spos\u00f3b mo\u017ce wesprze\u0107 nasze MIEJSCE.Do\u0142\u0105cz do zespo\u0142u! Dzia\u0142ania te wspiera projekt FEIN-Pilotprojekt.<\/p>\n","protected":false},"author":1,"featured_media":0,"parent":0,"menu_order":4,"comment_status":"closed","ping_status":"closed","template":"","meta":{"jetpack_post_was_ever_published":false,"footnotes":""},"class_list":["post-173","page","type-page","status-publish","hentry"],"acf":[],"jetpack-related-posts":[],"jetpack_sharing_enabled":true,"_links":{"self":[{"href":"https:\/\/sprachcafe-polnisch.org\/pl\/wp-json\/wp\/v2\/pages\/173","targetHints":{"allow":["GET"]}}],"collection":[{"href":"https:\/\/sprachcafe-polnisch.org\/pl\/wp-json\/wp\/v2\/pages"}],"about":[{"href":"https:\/\/sprachcafe-polnisch.org\/pl\/wp-json\/wp\/v2\/types\/page"}],"author":[{"embeddable":true,"href":"https:\/\/sprachcafe-polnisch.org\/pl\/wp-json\/wp\/v2\/users\/1"}],"replies":[{"embeddable":true,"href":"https:\/\/sprachcafe-polnisch.org\/pl\/wp-json\/wp\/v2\/comments?post=173"}],"version-history":[{"count":2,"href":"https:\/\/sprachcafe-polnisch.org\/pl\/wp-json\/wp\/v2\/pages\/173\/revisions"}],"predecessor-version":[{"id":22393,"href":"https:\/\/sprachcafe-polnisch.org\/pl\/wp-json\/wp\/v2\/pages\/173\/revisions\/22393"}],"wp:attachment":[{"href":"https:\/\/sprachcafe-polnisch.org\/pl\/wp-json\/wp\/v2\/media?parent=173"}],"curies":[{"name":"wp","href":"https:\/\/api.w.org\/{rel}","templated":true}]}}