{"id":156,"date":"2021-01-02T22:58:41","date_gmt":"2021-01-02T21:58:41","guid":{"rendered":"https:\/\/sprachcafe-polnisch.org\/?page_id=156"},"modified":"2026-02-03T11:29:07","modified_gmt":"2026-02-03T10:29:07","slug":"kafejka-dla-dzieci","status":"publish","type":"page","link":"https:\/\/sprachcafe-polnisch.org\/pl\/kafejka-dla-dzieci\/","title":{"rendered":"Kafejka dla Dzieci"},"content":{"rendered":"\n<h2 class=\"wp-block-heading has-text-align-center page-title\">Kafejka dla Dzieci i Rodzic\u00f3w<\/h2>\n\n\n\n<div style=\"height:25px\" aria-hidden=\"true\" class=\"wp-block-spacer\"><\/div>\n\n\n\n<p>W SprachCaf\u00e9 Polnisch pomagamy rodzinom, dzieciom i m\u0142odzie\u017cy w nauce i piel\u0119gnowaniu j\u0119zyka polskiego oraz kultury.<\/p>\n\n\n\n<p>Wierzymy, \u017ce dwuj\u0119zyczno\u015b\u0107 i wieloj\u0119zyczno\u015b\u0107 nie tylko wzmacniaj\u0105 umiej\u0119tno\u015bci j\u0119zykowe, ale tak\u017ce sprzyjaj\u0105 kreatywno\u015bci, empatii i budowaniu znacz\u0105cych relacji mi\u0119dzypokoleniowych.<\/p>\n\n\n\n<p>Nasz program dla dzieci i rodzic\u00f3w \u0142\u0105czy polskoj\u0119zyczne rodziny poprzez zabaw\u0119, kreatywno\u015b\u0107 i wsp\u00f3lne do\u015bwiadczenia. Organizujemy regularne wydarzenia dla dzieci w wieku 0\u201318 lat, podczas kt\u00f3rych mog\u0105 one naturalnie u\u017cywa\u0107 j\u0119zyka, a rodzice spotykaj\u0105 si\u0119 z innymi rodzinami wychowuj\u0105cymi dzieci wieloj\u0119zycznie. Zapraszamy r\u00f3wnie\u017c rodziny do sp\u0119dzania czasu w <a href=\"https:\/\/sprachcafe-polnisch.org\/pl\/o-nas\/biblioteka\/\">naszej przytulnej polskoj\u0119zycznej bibliotece.<\/a><\/p>\n\n\n\n<div style=\"height:50px\" aria-hidden=\"true\" class=\"wp-block-spacer\"><\/div>\n\n\n\n<h5 class=\"wp-block-heading has-black-color has-text-color has-link-color wp-elements-07e99da182d13d809d485a9568216595\">Znajd\u017a wydarzenie dla siebie!<\/h5>\n\n\n\n<div style=\"height:25px\" aria-hidden=\"true\" class=\"wp-block-spacer\"><\/div>\n\n\n\n<p>Kliknij wydarzenie w kalendarzu, aby wy\u015bwietli\u0107 szczeg\u00f3\u0142y i informacje dotycz\u0105ce rejestracji, je\u015bli jest konieczna. W przypadku wydarze\u0144, dla kt\u00f3rych dost\u0119pne s\u0105 bardziej szczeg\u00f3\u0142owe informacje, mo\u017cesz wybra\u0107 opcj\u0119 \u201eWi\u0119cej\u201d, aby przeczyta\u0107 pe\u0142ny opis.<\/p>\n\n\n\n<p>Wybierz ikon\u0119 mini kalendarza na pasku narz\u0119dzi, aby filtrowa\u0107 wydarzenia wed\u0142ug lokalizacji, oraz selektor miesi\u0105ca, aby przegl\u0105da\u0107 przysz\u0142e wydarzenia.<\/p>\n\n\n\n<p><a href=\"https:\/\/sprachcafe-polnisch.org\/pl\/#Nasze\">Sprawd\u017a nasze regularne godziny otwarcia!<\/a><\/p>\n\n\n\n<div style=\"height:50px\" aria-hidden=\"true\" class=\"wp-block-spacer\"><\/div>\n\n\n<p><iframe loading=\"lazy\" style=\"border: solid 1px #777;\" src=\"https:\/\/calendar.google.com\/calendar\/embed?height=600&amp;wkst=2&amp;bgcolor=%23ffffff&amp;ctz=Europe%2FWarsaw&amp;showTitle=0&amp;showNav=1&amp;mode=AGENDA&amp;hl=de&amp;src=ZmQ4MGM5ZTViZWVhZDUxMzBmN2U0NDVkMTFhMGY3ZGQzNTYwOTZhMDdkZWZhYmVkOGMyNjczZjAzM2Y5YjI1OUBncm91cC5jYWxlbmRhci5nb29nbGUuY29t&amp;src=NjQ1ZmVhNDI2NTdjYjM5ODJhZThjZWQ5Mjg2MTdmYmQyNmQ5YjU3NzBjMjE3YjBkMTI1OTg5NTBlM2I5NjBhYkBncm91cC5jYWxlbmRhci5nb29nbGUuY29t&amp;src=MTNhMTI4MjY4NzEyMjM0Y2NkMTEzOWE0Zjk2ZDUzMDY5M2Q4YmE5MmZhN2ZlYzg2NzFkNDFhYzRjNjI1MjE0YUBncm91cC5jYWxlbmRhci5nb29nbGUuY29t&amp;color=%239E69AF&amp;color=%23C0CA33&amp;color=%23616161\" width=\"800\" height=\"600\" frameborder=\"0\" scrolling=\"no\"><\/iframe><\/p>\n\n\n<div style=\"height:80px\" aria-hidden=\"true\" class=\"wp-block-spacer\"><\/div>\n\n\n\n<div class=\"wp-block-columns are-vertically-aligned-center is-layout-flex wp-container-core-columns-is-layout-9d6595d7 wp-block-columns-is-layout-flex\">\n<div class=\"wp-block-column is-vertically-aligned-center is-layout-flow wp-block-column-is-layout-flow\" style=\"flex-basis:33.33%\">\n<div style=\"height:10px\" aria-hidden=\"true\" class=\"wp-block-spacer\"><\/div>\n\n\n\n<p class=\"has-text-align-left\"><strong>Co oznacza nasza kawiarnia dla dzieci i rodzin? Zapraszamy do obejrzenia kr\u00f3tkiego filmu przedstawiaj\u0105cego nasz\u0105 spo\u0142eczno\u015b\u0107 w dzia\u0142aniu.<\/strong><\/p>\n\n\n\n<p class=\"has-text-align-left\"><em>Dzi\u0119kujemy firmie ECKE FILM za realizacj\u0119 filmu oraz Polskiemu Centrum Kompetencji i Koordynacji (KoKoPol) przy IBZ St. Marienthal i Federalnemu Ministerstwu Spraw Zagranicznych za sfinansowanie tego projektu.<\/em><\/p>\n<\/div>\n\n\n\n<div class=\"wp-block-column is-vertically-aligned-center is-layout-flow wp-block-column-is-layout-flow\" style=\"flex-basis:66.66%\">\n<figure class=\"wp-block-embed is-type-video is-provider-youtube wp-block-embed-youtube wp-embed-aspect-16-9 wp-has-aspect-ratio\"><div class=\"wp-block-embed__wrapper\">\n<iframe loading=\"lazy\" title=\"SprachCaf\u00e9 Polnisch\" width=\"960\" height=\"540\" src=\"https:\/\/www.youtube.com\/embed\/586XBIQN3G8?feature=oembed\" frameborder=\"0\" allow=\"accelerometer; autoplay; clipboard-write; encrypted-media; gyroscope; picture-in-picture; web-share\" referrerpolicy=\"strict-origin-when-cross-origin\" allowfullscreen><\/iframe>\n<\/div><\/figure>\n<\/div>\n<\/div>\n\n\n\n<div style=\"height:80px\" aria-hidden=\"true\" class=\"wp-block-spacer\"><\/div>\n\n\n\n<div class=\"wp-block-media-text is-stacked-on-mobile has-background\" style=\"background-color:#faf6f3;grid-template-columns:32% auto\"><figure class=\"wp-block-media-text__media\"><img data-recalc-dims=\"1\" data-dominant-color=\"6c6a69\" data-has-transparency=\"true\" style=\"--dominant-color: #6c6a69;\" loading=\"lazy\" decoding=\"async\" width=\"960\" height=\"960\" src=\"https:\/\/i0.wp.com\/sprachcafe-polnisch.org\/wp-content\/uploads\/2026\/01\/Homepage-Heart-4.webp?resize=960%2C960&#038;ssl=1\" alt=\"\" class=\"wp-image-22173 size-full has-transparency\" srcset=\"https:\/\/i0.wp.com\/sprachcafe-polnisch.org\/wp-content\/uploads\/2026\/01\/Homepage-Heart-4.webp?resize=1024%2C1024&amp;ssl=1 1024w, https:\/\/i0.wp.com\/sprachcafe-polnisch.org\/wp-content\/uploads\/2026\/01\/Homepage-Heart-4.webp?resize=300%2C300&amp;ssl=1 300w, https:\/\/i0.wp.com\/sprachcafe-polnisch.org\/wp-content\/uploads\/2026\/01\/Homepage-Heart-4.webp?resize=150%2C150&amp;ssl=1 150w, https:\/\/i0.wp.com\/sprachcafe-polnisch.org\/wp-content\/uploads\/2026\/01\/Homepage-Heart-4.webp?resize=768%2C768&amp;ssl=1 768w, https:\/\/i0.wp.com\/sprachcafe-polnisch.org\/wp-content\/uploads\/2026\/01\/Homepage-Heart-4.webp?resize=75%2C75&amp;ssl=1 75w, https:\/\/i0.wp.com\/sprachcafe-polnisch.org\/wp-content\/uploads\/2026\/01\/Homepage-Heart-4.webp?w=1080&amp;ssl=1 1080w\" sizes=\"auto, (max-width: 960px) 100vw, 960px\" \/><\/figure><div class=\"wp-block-media-text__content\">\n<h2 class=\"wp-block-heading has-text-align-left has-black-color has-text-color has-link-color wp-elements-7dc8cef3f5b6a56583d550c0d0e28767\">B\u0105d\u017amy w kontakcie!<\/h2>\n\n\n\n<div style=\"height:25px\" aria-hidden=\"true\" class=\"wp-block-spacer\"><\/div>\n\n\n\n<style>\n.cta-button {\n  display: inline-block;\n  background: none;\n  color: #000000 !important;\n  font-weight: bold;\n  text-decoration: none;\n  position: relative;\n  padding: 6px 0;\n}\n\n.cta-button::after {\n  content: \"\";\n  position: absolute;\n  left: 0;\n  bottom: 0;\n  width: 100%;\n  height: 2px;\n  background-color: #000000;\n  transition: transform 0.2s ease;\n}\n\n.cta-button:hover::after {\n  transform: translateY(-2px);\n}\n<\/style>\n\n<a href=\"https:\/\/www.facebook.com\/groups\/KafejkaDlaDzieci\" class=\"cta-button\">\ud83d\udce3 Grupa dla rodzic\u00f3w na Facebooku<\/a>\n\n\n\n<div style=\"height:25px\" aria-hidden=\"true\" class=\"wp-block-spacer\"><\/div>\n\n\n\n<style>\n.cta-button {\n  display: inline-block;\n  background: none;\n  color: #000000 !important;\n  font-weight: bold;\n  text-decoration: none;\n  position: relative;\n  padding: 6px 0;\n}\n\n.cta-button::after {\n  content: \"\";\n  position: absolute;\n  left: 0;\n  bottom: 0;\n  width: 100%;\n  height: 2px;\n  background-color: #cc0000;\n  transition: transform 0.2s ease;\n}\n\n.cta-button:hover::after {\n  transform: translateY(-2px);\n}\n<\/style>\n\n<a href=\"https:\/\/sprachcafe-polnisch.org\/pl\/newsletter\/\" class=\"cta-button\">\ud83d\udce9 Otrzymuj biuletyn dla rodzic\u00f3w!<\/a>\n\n\n\n<div style=\"height:20px\" aria-hidden=\"true\" class=\"wp-block-spacer\"><\/div>\n<\/div><\/div>\n","protected":false},"excerpt":{"rendered":"<p>Kafejka dla Dzieci i Rodzic\u00f3w W SprachCaf\u00e9 Polnisch pomagamy rodzinom, dzieciom i m\u0142odzie\u017cy w nauce i piel\u0119gnowaniu j\u0119zyka polskiego oraz kultury. Wierzymy, \u017ce dwuj\u0119zyczno\u015b\u0107 i wieloj\u0119zyczno\u015b\u0107 nie tylko wzmacniaj\u0105 umiej\u0119tno\u015bci j\u0119zykowe, ale tak\u017ce sprzyjaj\u0105 kreatywno\u015bci, empatii i budowaniu znacz\u0105cych relacji mi\u0119dzypokoleniowych. Nasz program dla dzieci i rodzic\u00f3w \u0142\u0105czy polskoj\u0119zyczne rodziny poprzez zabaw\u0119, kreatywno\u015b\u0107 i wsp\u00f3lne do\u015bwiadczenia. Organizujemy regularne wydarzenia dla dzieci w wieku 0\u201318 lat, podczas kt\u00f3rych mog\u0105 one naturalnie u\u017cywa\u0107 j\u0119zyka, a rodzice spotykaj\u0105 si\u0119 z innymi rodzinami wychowuj\u0105cymi dzieci wieloj\u0119zycznie. Zapraszamy r\u00f3wnie\u017c rodziny do sp\u0119dzania czasu w naszej przytulnej polskoj\u0119zycznej bibliotece. Znajd\u017a wydarzenie dla siebie! Kliknij wydarzenie w kalendarzu, aby wy\u015bwietli\u0107 szczeg\u00f3\u0142y i informacje dotycz\u0105ce rejestracji, je\u015bli jest konieczna. W przypadku wydarze\u0144, dla kt\u00f3rych dost\u0119pne s\u0105 bardziej szczeg\u00f3\u0142owe informacje, mo\u017cesz wybra\u0107 opcj\u0119 \u201eWi\u0119cej\u201d, aby przeczyta\u0107 pe\u0142ny opis. Wybierz ikon\u0119 mini kalendarza na pasku narz\u0119dzi, aby filtrowa\u0107 wydarzenia wed\u0142ug lokalizacji, oraz selektor miesi\u0105ca, aby przegl\u0105da\u0107 przysz\u0142e wydarzenia. Sprawd\u017a nasze regularne godziny otwarcia! Co oznacza nasza kawiarnia dla dzieci i rodzin? Zapraszamy do obejrzenia kr\u00f3tkiego filmu przedstawiaj\u0105cego nasz\u0105 spo\u0142eczno\u015b\u0107 w dzia\u0142aniu. Dzi\u0119kujemy firmie ECKE FILM za realizacj\u0119 filmu oraz Polskiemu Centrum Kompetencji i Koordynacji (KoKoPol) przy IBZ St. Marienthal i Federalnemu Ministerstwu Spraw Zagranicznych za sfinansowanie tego projektu.<\/p>\n","protected":false},"author":1,"featured_media":0,"parent":0,"menu_order":3,"comment_status":"closed","ping_status":"closed","template":"","meta":{"jetpack_post_was_ever_published":false,"footnotes":""},"class_list":["post-156","page","type-page","status-publish","hentry"],"acf":[],"jetpack-related-posts":[],"jetpack_sharing_enabled":true,"_links":{"self":[{"href":"https:\/\/sprachcafe-polnisch.org\/pl\/wp-json\/wp\/v2\/pages\/156","targetHints":{"allow":["GET"]}}],"collection":[{"href":"https:\/\/sprachcafe-polnisch.org\/pl\/wp-json\/wp\/v2\/pages"}],"about":[{"href":"https:\/\/sprachcafe-polnisch.org\/pl\/wp-json\/wp\/v2\/types\/page"}],"author":[{"embeddable":true,"href":"https:\/\/sprachcafe-polnisch.org\/pl\/wp-json\/wp\/v2\/users\/1"}],"replies":[{"embeddable":true,"href":"https:\/\/sprachcafe-polnisch.org\/pl\/wp-json\/wp\/v2\/comments?post=156"}],"version-history":[{"count":22,"href":"https:\/\/sprachcafe-polnisch.org\/pl\/wp-json\/wp\/v2\/pages\/156\/revisions"}],"predecessor-version":[{"id":22813,"href":"https:\/\/sprachcafe-polnisch.org\/pl\/wp-json\/wp\/v2\/pages\/156\/revisions\/22813"}],"wp:attachment":[{"href":"https:\/\/sprachcafe-polnisch.org\/pl\/wp-json\/wp\/v2\/media?parent=156"}],"curies":[{"name":"wp","href":"https:\/\/api.w.org\/{rel}","templated":true}]}}