{"id":144,"date":"2021-01-02T22:49:15","date_gmt":"2021-01-02T21:49:15","guid":{"rendered":"https:\/\/sprachcafe-polnisch.org\/?page_id=144"},"modified":"2026-02-11T10:59:22","modified_gmt":"2026-02-11T09:59:22","slug":"wydarzenia","status":"publish","type":"page","link":"https:\/\/sprachcafe-polnisch.org\/pl\/wydarzenia\/","title":{"rendered":"Wydarzenia"},"content":{"rendered":"\n<div style=\"height:40px\" aria-hidden=\"true\" class=\"wp-block-spacer\"><\/div>\n\n\n\n<p>Odkryj nadchodz\u0105ce wydarzenia dla doros\u0142ych \u2013 od spotka\u0144 kultury i wieczor\u00f3w wymiany j\u0119zykowej po warsztaty i wydarzenia spo\u0142eczne.<\/p>\n\n\n\n<p>Szukasz wydarze\u0144 dla dzieci i rodzic\u00f3w? <a href=\"https:\/\/sprachcafe-polnisch.org\/pl\/kafejka-dla-dzieci\/\">Odwied\u017a nasz\u0105 im dedykowan\u0105 stron\u0119.<\/a><\/p>\n\n\n\n<div style=\"height:50px\" aria-hidden=\"true\" class=\"wp-block-spacer\"><\/div>\n\n\n\n<figure class=\"wp-block-gallery aligncenter has-nested-images columns-3 is-cropped is-style-rectangular, \/* Subtle shadow behind 3-photo gallery *\/ .wp-block-gallery {  box-shadow: 0 4px 18px rgba(0, 0, 0.08); padding: 15px; background: #fff; border-radius: 6px; } has-white-background-color has-background wp-block-gallery-1 is-layout-flex wp-block-gallery-is-layout-flex\">\n<figure class=\"wp-block-image size-full\"><img data-recalc-dims=\"1\" data-dominant-color=\"8b7466\" data-has-transparency=\"false\" loading=\"lazy\" decoding=\"async\" width=\"940\" height=\"788\" data-id=\"22232\" src=\"https:\/\/i0.wp.com\/sprachcafe-polnisch.org\/wp-content\/uploads\/2026\/01\/Writing-workshop.webp?resize=940%2C788&#038;ssl=1\" alt=\"\" class=\"wp-image-22232 not-transparent\" style=\"--dominant-color: #8b7466; aspect-ratio:4\/3\" srcset=\"https:\/\/i0.wp.com\/sprachcafe-polnisch.org\/wp-content\/uploads\/2026\/01\/Writing-workshop.webp?w=940&amp;ssl=1 940w, https:\/\/i0.wp.com\/sprachcafe-polnisch.org\/wp-content\/uploads\/2026\/01\/Writing-workshop.webp?resize=300%2C251&amp;ssl=1 300w, https:\/\/i0.wp.com\/sprachcafe-polnisch.org\/wp-content\/uploads\/2026\/01\/Writing-workshop.webp?resize=768%2C644&amp;ssl=1 768w\" sizes=\"auto, (max-width: 940px) 100vw, 940px\" \/><\/figure>\n\n\n\n<figure class=\"wp-block-image size-full is-style-default\"><img data-recalc-dims=\"1\" decoding=\"async\" data-id=\"23004\" src=\"https:\/\/i0.wp.com\/sprachcafe-polnisch.org\/wp-content\/uploads\/2026\/02\/SCP_event_photo_by_polacy.berlin-1.webp?w=960&#038;ssl=1\" alt=\"\" class=\"wp-image-23004\" style=\"aspect-ratio:4\/3\"\/><\/figure>\n\n\n\n<figure class=\"wp-block-image size-full\"><img data-recalc-dims=\"1\" data-dominant-color=\"9c8e84\" data-has-transparency=\"false\" loading=\"lazy\" decoding=\"async\" width=\"940\" height=\"788\" data-id=\"22248\" src=\"https:\/\/i0.wp.com\/sprachcafe-polnisch.org\/wp-content\/uploads\/2026\/01\/Polish-Breakfast.webp?resize=940%2C788&#038;ssl=1\" alt=\"\" class=\"wp-image-22248 not-transparent\" style=\"--dominant-color: #9c8e84; aspect-ratio:4\/3\" srcset=\"https:\/\/i0.wp.com\/sprachcafe-polnisch.org\/wp-content\/uploads\/2026\/01\/Polish-Breakfast.webp?w=940&amp;ssl=1 940w, https:\/\/i0.wp.com\/sprachcafe-polnisch.org\/wp-content\/uploads\/2026\/01\/Polish-Breakfast.webp?resize=300%2C251&amp;ssl=1 300w, https:\/\/i0.wp.com\/sprachcafe-polnisch.org\/wp-content\/uploads\/2026\/01\/Polish-Breakfast.webp?resize=768%2C644&amp;ssl=1 768w\" sizes=\"auto, (max-width: 940px) 100vw, 940px\" \/><\/figure>\n<\/figure>\n\n\n\n<p class=\"has-text-align-center\">Uchwycone chwile z naszych warsztat\u00f3w pisarskich, kreatywnych oraz spotka\u0144 spo\u0142eczno\u015bci.<br><em>(\u015arodkowe zdj\u0119cie: \u00a9 <a href=\"https:\/\/polacy.berlin\/wydarzenia\">Polacy.berlin<\/a>)<\/em><\/p>\n\n\n\n<div style=\"height:86px\" aria-hidden=\"true\" class=\"wp-block-spacer\"><\/div>\n\n\n\n<h5 class=\"wp-block-heading has-black-color has-text-color has-link-color wp-elements-fc8c45f3c285f3a393fa558082258eab\">Znajd\u017a odpowiedni\u0105 imprez\u0119 dla siebie<\/h5>\n\n\n\n<div style=\"height:15px\" aria-hidden=\"true\" class=\"wp-block-spacer\"><\/div>\n\n\n\n<p>Kliknij wydarzenie w kalendarzu, aby wy\u015bwietli\u0107 szczeg\u00f3\u0142y i informacje dotycz\u0105ce rejestracji, je\u015bli jest konieczna. W przypadku wydarze\u0144, dla kt\u00f3rych dost\u0119pne s\u0105 bardziej szczeg\u00f3\u0142owe informacje, mo\u017cesz wybra\u0107 opcj\u0119 \u201eWi\u0119cej\u201d, aby przeczyta\u0107 pe\u0142ny opis.<\/p>\n\n\n\n<p>Wybierz ikon\u0119 mini kalendarza na pasku narz\u0119dzi, aby filtrowa\u0107 wydarzenia wed\u0142ug lokalizacji, oraz selektor miesi\u0105ca, aby przegl\u0105da\u0107 przysz\u0142e wydarzenia.<\/p>\n\n\n\n<p><a href=\"https:\/\/sprachcafe-polnisch.org\/pl\/#Nasze\" data-type=\"internal\" data-id=\"#Opening-times\" class=\"#Nasze\">Sprawd\u017a nasze regularne godziny otwarcia!<\/a><\/p>\n\n\n\n<div style=\"height:55px\" aria-hidden=\"true\" class=\"wp-block-spacer\"><\/div>\n\n\n<p><iframe loading=\"lazy\" style=\"border: solid 1px #777;\" src=\"https:\/\/calendar.google.com\/calendar\/embed?height=600&amp;wkst=2&amp;ctz=Europe%2FBerlin&amp;showPrint=0&amp;mode=AGENDA&amp;hl=de&amp;src=ZmE5MzhhZTUyNzQ1MDBmZjFmOWY2ODNmZmI1NjI0MWU0MTQ1ODM5ZTUzZDhmNDU1NGQ1NDRmZDUzNzBhOWU3MUBncm91cC5jYWxlbmRhci5nb29nbGUuY29t&amp;src=OTU4MWYwMWZlNDQxZTljZGJlNzU3M2Q2Y2U3YzY3ZjQ0NDY2NDgxMmZjMDBjYzU5MTUxMzQ5MTI1ZTBjZmM4NEBncm91cC5jYWxlbmRhci5nb29nbGUuY29t&amp;src=NWM0M2FmNGIyNmRjMDZhMWMxZjliOTRkNDhmMTNjMzFkNTk3YmJiYjI1Y2U0YzJiZTNhMjdlZGI0NTI3NTRjOUBncm91cC5jYWxlbmRhci5nb29nbGUuY29t&amp;src=YTVmMDk2YTI3YjU1YmFhODYxOGUzMGZjYjlmMWM3ZDVjNTk3YWMwMjZjYWNhZjJiODk2ODViMmMzYWMyMmI4YkBncm91cC5jYWxlbmRhci5nb29nbGUuY29t&amp;src=MTNhMTI4MjY4NzEyMjM0Y2NkMTEzOWE0Zjk2ZDUzMDY5M2Q4YmE5MmZhN2ZlYzg2NzFkNDFhYzRjNjI1MjE0YUBncm91cC5jYWxlbmRhci5nb29nbGUuY29t&amp;color=%237986cb&amp;color=%234285f4&amp;color=%23f09300&amp;color=%233f51b5&amp;color=%23616161\" width=\"800\" height=\"600\" frameborder=\"0\" scrolling=\"no\"><\/iframe><\/p>\n\n\n<div style=\"height:80px\" aria-hidden=\"true\" class=\"wp-block-spacer\"><\/div>\n\n\n\n<div class=\"wp-block-media-text is-stacked-on-mobile has-background\" style=\"background-color:#faf6f3;grid-template-columns:32% auto\"><figure class=\"wp-block-media-text__media\"><img data-recalc-dims=\"1\" data-dominant-color=\"6c6a69\" data-has-transparency=\"true\" style=\"--dominant-color: #6c6a69;\" loading=\"lazy\" decoding=\"async\" width=\"960\" height=\"960\" src=\"https:\/\/i0.wp.com\/sprachcafe-polnisch.org\/wp-content\/uploads\/2026\/01\/Homepage-Heart-4.webp?resize=960%2C960&#038;ssl=1\" alt=\"\" class=\"wp-image-22173 size-full has-transparency\" srcset=\"https:\/\/i0.wp.com\/sprachcafe-polnisch.org\/wp-content\/uploads\/2026\/01\/Homepage-Heart-4.webp?resize=1024%2C1024&amp;ssl=1 1024w, https:\/\/i0.wp.com\/sprachcafe-polnisch.org\/wp-content\/uploads\/2026\/01\/Homepage-Heart-4.webp?resize=300%2C300&amp;ssl=1 300w, https:\/\/i0.wp.com\/sprachcafe-polnisch.org\/wp-content\/uploads\/2026\/01\/Homepage-Heart-4.webp?resize=150%2C150&amp;ssl=1 150w, https:\/\/i0.wp.com\/sprachcafe-polnisch.org\/wp-content\/uploads\/2026\/01\/Homepage-Heart-4.webp?resize=768%2C768&amp;ssl=1 768w, https:\/\/i0.wp.com\/sprachcafe-polnisch.org\/wp-content\/uploads\/2026\/01\/Homepage-Heart-4.webp?resize=75%2C75&amp;ssl=1 75w, https:\/\/i0.wp.com\/sprachcafe-polnisch.org\/wp-content\/uploads\/2026\/01\/Homepage-Heart-4.webp?w=1080&amp;ssl=1 1080w\" sizes=\"auto, (max-width: 960px) 100vw, 960px\" \/><\/figure><div class=\"wp-block-media-text__content\">\n<h2 class=\"wp-block-heading has-text-align-left has-black-color has-text-color has-link-color wp-elements-7dc8cef3f5b6a56583d550c0d0e28767\">B\u0105d\u017amy w kontakcie!<\/h2>\n\n\n\n<div style=\"height:25px\" aria-hidden=\"true\" class=\"wp-block-spacer\"><\/div>\n\n\n\n<p>Zapisz si\u0119 do naszego newslettera, aby otrzymywa\u0107 najnowsze informacje o spo\u0142eczno\u015bci i nowo\u015bciach dotycz\u0105cych SprachCafe\u0301 Polnisch.<\/p>\n\n\n\n<div style=\"height:25px\" aria-hidden=\"true\" class=\"wp-block-spacer\"><\/div>\n\n\n\n<style>\n.cta-button {\n  display: inline-block;\n  background: none;\n  color: #000000 !important;\n  font-weight: bold;\n  text-decoration: none;\n  position: relative;\n  padding: 6px 0;\n}\n\n.cta-button::after {\n  content: \"\";\n  position: absolute;\n  left: 0;\n  bottom: 0;\n  width: 100%;\n  height: 2px;\n  background-color: #cc0000;\n  transition: transform 0.2s ease;\n}\n\n.cta-button:hover::after {\n  transform: translateY(-2px);\n}\n<\/style>\n\n<a href=\"https:\/\/sprachcafe-polnisch.org\/pl\/newsletter\/\" class=\"cta-button\">Zapisz mnie!<\/a>\n\n\n\n<div style=\"height:20px\" aria-hidden=\"true\" class=\"wp-block-spacer\"><\/div>\n<\/div><\/div>\n","protected":false},"excerpt":{"rendered":"<p>Odkryj nadchodz\u0105ce wydarzenia dla doros\u0142ych \u2013 od spotka\u0144 kultury i wieczor\u00f3w wymiany j\u0119zykowej po warsztaty i wydarzenia spo\u0142eczne. Szukasz wydarze\u0144 dla dzieci i rodzic\u00f3w? Odwied\u017a nasz\u0105 im dedykowan\u0105 stron\u0119. Uchwycone chwile z naszych warsztat\u00f3w pisarskich, kreatywnych oraz spotka\u0144 spo\u0142eczno\u015bci.(\u015arodkowe zdj\u0119cie: \u00a9 Polacy.berlin) Znajd\u017a odpowiedni\u0105 imprez\u0119 dla siebie Kliknij wydarzenie w kalendarzu, aby wy\u015bwietli\u0107 szczeg\u00f3\u0142y i informacje dotycz\u0105ce rejestracji, je\u015bli jest konieczna. W przypadku wydarze\u0144, dla kt\u00f3rych dost\u0119pne s\u0105 bardziej szczeg\u00f3\u0142owe informacje, mo\u017cesz wybra\u0107 opcj\u0119 \u201eWi\u0119cej\u201d, aby przeczyta\u0107 pe\u0142ny opis. Wybierz ikon\u0119 mini kalendarza na pasku narz\u0119dzi, aby filtrowa\u0107 wydarzenia wed\u0142ug lokalizacji, oraz selektor miesi\u0105ca, aby przegl\u0105da\u0107 przysz\u0142e wydarzenia. Sprawd\u017a nasze regularne godziny otwarcia!<\/p>\n","protected":false},"author":1,"featured_media":0,"parent":0,"menu_order":2,"comment_status":"closed","ping_status":"closed","template":"","meta":{"jetpack_post_was_ever_published":false,"footnotes":""},"class_list":["post-144","page","type-page","status-publish","hentry"],"acf":[],"jetpack-related-posts":[],"jetpack_sharing_enabled":true,"_links":{"self":[{"href":"https:\/\/sprachcafe-polnisch.org\/pl\/wp-json\/wp\/v2\/pages\/144","targetHints":{"allow":["GET"]}}],"collection":[{"href":"https:\/\/sprachcafe-polnisch.org\/pl\/wp-json\/wp\/v2\/pages"}],"about":[{"href":"https:\/\/sprachcafe-polnisch.org\/pl\/wp-json\/wp\/v2\/types\/page"}],"author":[{"embeddable":true,"href":"https:\/\/sprachcafe-polnisch.org\/pl\/wp-json\/wp\/v2\/users\/1"}],"replies":[{"embeddable":true,"href":"https:\/\/sprachcafe-polnisch.org\/pl\/wp-json\/wp\/v2\/comments?post=144"}],"version-history":[{"count":16,"href":"https:\/\/sprachcafe-polnisch.org\/pl\/wp-json\/wp\/v2\/pages\/144\/revisions"}],"predecessor-version":[{"id":23011,"href":"https:\/\/sprachcafe-polnisch.org\/pl\/wp-json\/wp\/v2\/pages\/144\/revisions\/23011"}],"wp:attachment":[{"href":"https:\/\/sprachcafe-polnisch.org\/pl\/wp-json\/wp\/v2\/media?parent=144"}],"curies":[{"name":"wp","href":"https:\/\/api.w.org\/{rel}","templated":true}]}}