{"id":131,"date":"2021-01-02T22:29:12","date_gmt":"2021-01-02T21:29:12","guid":{"rendered":"https:\/\/sprachcafe-polnisch.org\/?page_id=131"},"modified":"2026-02-14T22:38:58","modified_gmt":"2026-02-14T21:38:58","slug":"o-nas","status":"publish","type":"page","link":"https:\/\/sprachcafe-polnisch.org\/pl\/o-nas\/","title":{"rendered":"O nas"},"content":{"rendered":"\n<h2 class=\"wp-block-heading has-vivid-red-color has-text-color has-large-font-size\" style=\"font-style:normal;font-weight:600\">Nasze miejsca w Berlinie<\/h2>\n\n\n\n<p><strong>Serdecznie zapraszamy do dalszego wsp\u00f3\u0142kreowania Kafejki, do pobycia tu z nami i korzystania z atmosfery tych miejsc!<\/strong><\/p>\n\n\n\n<div class=\"wp-block-columns is-layout-flex wp-container-core-columns-is-layout-9d6595d7 wp-block-columns-is-layout-flex\">\n<div class=\"wp-block-column is-layout-flow wp-block-column-is-layout-flow\" style=\"flex-basis:100%\">\n<div class=\"wp-block-group\"><div class=\"wp-block-group__inner-container is-layout-constrained wp-block-group-is-layout-constrained\">\n<div class=\"wp-block-columns is-layout-flex wp-container-core-columns-is-layout-9d6595d7 wp-block-columns-is-layout-flex\">\n<div class=\"wp-block-column is-layout-flow wp-block-column-is-layout-flow\" style=\"flex-basis:100%\">\n<div class=\"wp-block-group\"><div class=\"wp-block-group__inner-container is-layout-constrained wp-block-group-is-layout-constrained\">\n<div class=\"wp-block-columns is-layout-flex wp-container-core-columns-is-layout-9d6595d7 wp-block-columns-is-layout-flex\">\n<div class=\"wp-block-column is-layout-flow wp-block-column-is-layout-flow\">\n<figure class=\"wp-block-gallery has-nested-images columns-default is-cropped wp-block-gallery-1 is-layout-flex wp-block-gallery-is-layout-flex\">\n<figure class=\"wp-block-image size-large is-resized\"><img data-recalc-dims=\"1\" decoding=\"async\" data-id=\"8021\" src=\"https:\/\/i0.wp.com\/sprachcafe-polnisch.org\/wp-content\/uploads\/2023\/12\/Download-1.png?w=960&#038;ssl=1\" alt=\"\" class=\"wp-image-8021\" style=\"width:215px;height:auto\"\/><\/figure>\n\n\n\n<figure class=\"wp-block-image size-large\"><img data-recalc-dims=\"1\" loading=\"lazy\" decoding=\"async\" width=\"960\" height=\"960\" data-id=\"5746\" src=\"https:\/\/i0.wp.com\/sprachcafe-polnisch.org\/wp-content\/uploads\/2023\/04\/WhatsApp-Bild-2023-03-28-um-07.08.54.jpg?resize=960%2C960&#038;ssl=1\" alt=\"\" class=\"wp-image-5746\" srcset=\"https:\/\/i0.wp.com\/sprachcafe-polnisch.org\/wp-content\/uploads\/2023\/04\/WhatsApp-Bild-2023-03-28-um-07.08.54.jpg?w=1024&amp;ssl=1 1024w, https:\/\/i0.wp.com\/sprachcafe-polnisch.org\/wp-content\/uploads\/2023\/04\/WhatsApp-Bild-2023-03-28-um-07.08.54.jpg?resize=300%2C300&amp;ssl=1 300w, https:\/\/i0.wp.com\/sprachcafe-polnisch.org\/wp-content\/uploads\/2023\/04\/WhatsApp-Bild-2023-03-28-um-07.08.54.jpg?resize=150%2C150&amp;ssl=1 150w, https:\/\/i0.wp.com\/sprachcafe-polnisch.org\/wp-content\/uploads\/2023\/04\/WhatsApp-Bild-2023-03-28-um-07.08.54.jpg?resize=768%2C768&amp;ssl=1 768w, https:\/\/i0.wp.com\/sprachcafe-polnisch.org\/wp-content\/uploads\/2023\/04\/WhatsApp-Bild-2023-03-28-um-07.08.54.jpg?resize=75%2C75&amp;ssl=1 75w\" sizes=\"auto, (max-width: 960px) 100vw, 960px\" \/><\/figure>\n<\/figure>\n<\/div>\n\n\n\n<div class=\"wp-block-column is-layout-flow wp-block-column-is-layout-flow\">\n<figure class=\"wp-block-image size-large is-resized\"><img data-recalc-dims=\"1\" data-dominant-color=\"63ba66\" data-has-transparency=\"true\" loading=\"lazy\" decoding=\"async\" width=\"960\" height=\"960\" src=\"https:\/\/i0.wp.com\/sprachcafe-polnisch.org\/wp-content\/uploads\/2026\/02\/Logo-SCP-dla-dzieci-TREPTOW-1.webp?resize=960%2C960&#038;ssl=1\" alt=\"\" class=\"wp-image-23140 has-transparency\" style=\"--dominant-color: #63ba66; width:194px;height:auto\" srcset=\"https:\/\/i0.wp.com\/sprachcafe-polnisch.org\/wp-content\/uploads\/2026\/02\/Logo-SCP-dla-dzieci-TREPTOW-1.webp?resize=1024%2C1024&amp;ssl=1 1024w, https:\/\/i0.wp.com\/sprachcafe-polnisch.org\/wp-content\/uploads\/2026\/02\/Logo-SCP-dla-dzieci-TREPTOW-1.webp?resize=300%2C300&amp;ssl=1 300w, https:\/\/i0.wp.com\/sprachcafe-polnisch.org\/wp-content\/uploads\/2026\/02\/Logo-SCP-dla-dzieci-TREPTOW-1.webp?resize=150%2C150&amp;ssl=1 150w, https:\/\/i0.wp.com\/sprachcafe-polnisch.org\/wp-content\/uploads\/2026\/02\/Logo-SCP-dla-dzieci-TREPTOW-1.webp?resize=768%2C768&amp;ssl=1 768w, https:\/\/i0.wp.com\/sprachcafe-polnisch.org\/wp-content\/uploads\/2026\/02\/Logo-SCP-dla-dzieci-TREPTOW-1.webp?resize=1536%2C1536&amp;ssl=1 1536w, https:\/\/i0.wp.com\/sprachcafe-polnisch.org\/wp-content\/uploads\/2026\/02\/Logo-SCP-dla-dzieci-TREPTOW-1.webp?resize=2048%2C2048&amp;ssl=1 2048w, https:\/\/i0.wp.com\/sprachcafe-polnisch.org\/wp-content\/uploads\/2026\/02\/Logo-SCP-dla-dzieci-TREPTOW-1.webp?resize=1160%2C1160&amp;ssl=1 1160w, https:\/\/i0.wp.com\/sprachcafe-polnisch.org\/wp-content\/uploads\/2026\/02\/Logo-SCP-dla-dzieci-TREPTOW-1.webp?resize=75%2C75&amp;ssl=1 75w, https:\/\/i0.wp.com\/sprachcafe-polnisch.org\/wp-content\/uploads\/2026\/02\/Logo-SCP-dla-dzieci-TREPTOW-1.webp?w=1920&amp;ssl=1 1920w\" sizes=\"auto, (max-width: 960px) 100vw, 960px\" \/><\/figure>\n<\/div>\n<\/div>\n<\/div><\/div>\n<\/div>\n<\/div>\n<\/div><\/div>\n<\/div>\n<\/div>\n\n\n\n<div class=\"wp-block-group\"><div class=\"wp-block-group__inner-container is-layout-constrained wp-block-group-is-layout-constrained\">\n<div class=\"wp-block-group\"><div class=\"wp-block-group__inner-container is-layout-constrained wp-block-group-is-layout-constrained\">\n<h2 class=\"wp-block-heading has-vivid-red-color has-text-color has-link-color has-large-font-size wp-elements-90835e1c63e0a0ba4c7e26c648dd1588\">SprachCaf\u00e9 w Berlinie-Pankow<\/h2>\n\n\n\n<p>u siebie w domu przy <strong>Schulzestr. 1, 13187 Berlin<\/strong>, tu\u017c przy S1 \/ Wollankstr.<br>Od stycznia 2018 roku mamy tu w\u0142asn\u0105 siedzib\u0119 w p\u00f3\u0142nocnej cz\u0119\u015bci Berlina. Lokalizacja w dawnym pasie muru berli\u0144skiego ma dla nas charakter symboliczny: jeste\u015bmy prawdziwymi budowniczymi most\u00f3w mi\u0119dzy Wschodem a Zachodem, mi\u0119dzy j\u0119zykami, kulturami, pokoleniami \u2764\ufe0f\ud83e\ude75\ud83d\udc9a<\/p>\n\n\n\n<p><\/p>\n\n\n\n<h2 class=\"wp-block-heading has-text-color has-link-color has-large-font-size wp-elements-85ee1b2653d19cb042b87978c3e3dbbf\" style=\"color:#328ec3\">SprachCaf\u00e9 w Berlinie-Sch\u00f6neberg<\/h2>\n\n\n\n<p>NOWO\u015a\u0106! c\/o <strong>Stadtteilzentrum Sch\u00f6neberg, Hauptstra\u00dfe 121 A, 10827 Berlin<\/strong><\/p>\n\n\n\n<p>To nowe miejsce dla mieszka\u0144c\u00f3w po\u0142udniowej cz\u0119\u015bci miasta. Pozostajemy wierni naszej spo\u0142eczno\u015bci i cieszymy si\u0119 na nowe synergie \ud83e\ude75\u2764\ufe0f\ud83d\udc9a<br>Od kwietnia 2023 r. do lutego 2026 r. spotykali\u00f3my si\u0119 przy Gotenstr. 45, 10829 Berlin, tu\u017c przy S\u00fcdkreuz.<\/p>\n<\/div><\/div>\n<\/div><\/div>\n\n\n\n<p class=\"has-text-color has-link-color has-large-font-size wp-elements-b6d6736844fae5bdbaccb4dc8b0e9fbd\" style=\"color:#1ea976\"><strong>SprachCaf\u00e9 in Berlinie-K\u00f6penick<\/strong><\/p>\n\n\n\n<p>NEU! c\/o&nbsp;<strong>Nachbarschaftstreff Wiesentreff, Am Wiesengraben 7a, 12557 Berlin-K\u00f6penick<\/strong><\/p>\n\n\n\n<p>im S\u00fcd-Osten der Stadt gelegen. Im Februar 2026 starteten hier die ersten Aktivit\u00e4ten des SprachCaf\u00e9s. Denn: Auch hier sind unsere Fans\u00a0\ud83d\udc9a\u2764\ufe0f\ud83e\ude75<\/p>\n\n\n\n<hr class=\"wp-block-separator has-alpha-channel-opacity\"\/>\n\n\n\n<h2 class=\"wp-block-heading has-vivid-red-color has-text-color has-large-font-size\" style=\"font-style:normal;font-weight:600\">W Kafejce w Berlinie-Pankow<\/h2>\n\n\n\n<div class=\"wp-block-columns is-layout-flex wp-container-core-columns-is-layout-9d6595d7 wp-block-columns-is-layout-flex\">\n<div class=\"wp-block-column is-layout-flow wp-block-column-is-layout-flow\">\n<figure class=\"wp-block-image size-large\"><img data-recalc-dims=\"1\" height=\"640\" width=\"960\" decoding=\"async\" src=\"https:\/\/i0.wp.com\/sprachcafe-polnisch.org\/wp-content\/uploads\/2021\/01\/ueber-uns-begegnungscafe.jpg?resize=960%2C640&#038;ssl=1\" alt=\"\" class=\"wp-image-64\"\/><\/figure>\n\n\n\n<h3 class=\"wp-block-heading has-text-align-center\"><a href=\"https:\/\/sprachcafe-polnisch.org\/pl\/o-nas\/kawiarnia\/\" data-type=\"page\" data-id=\"251\">Kawiarnia<\/a><\/h3>\n\n\n\n<p>Kawiarnia s\u0105siedzka z polsk\u0105 nut\u0105 to przestrze\u0144 do spotka\u0144, idealna tak\u017ce do pracy indywidualnej.<\/p>\n<\/div>\n\n\n\n<div class=\"wp-block-column is-layout-flow wp-block-column-is-layout-flow\">\n<figure class=\"wp-block-image size-large\"><img data-recalc-dims=\"1\" height=\"640\" width=\"960\" decoding=\"async\" src=\"https:\/\/i0.wp.com\/sprachcafe-polnisch.org\/wp-content\/uploads\/2021\/01\/ueber-uns-kleiner-laden.jpg?resize=960%2C640&#038;ssl=1\" alt=\"\" class=\"wp-image-72\"\/><\/figure>\n\n\n\n<h3 class=\"wp-block-heading has-text-align-center\"><a href=\"https:\/\/sprachcafe-polnisch.org\/pl\/o-nas\/sklepik\/\" data-type=\"page\" data-id=\"259\">Sklepik<\/a><\/h3>\n\n\n\n<p>Nasz sklepik oferuje ksi\u0105\u017cki na sprzeda\u017c oraz oryginalne skarby r\u0119kodzielnicze. <\/p>\n<\/div>\n\n\n\n<div class=\"wp-block-column is-layout-flow wp-block-column-is-layout-flow\">\n<figure class=\"wp-block-image size-large\"><img data-recalc-dims=\"1\" height=\"640\" width=\"960\" decoding=\"async\" src=\"https:\/\/i0.wp.com\/sprachcafe-polnisch.org\/wp-content\/uploads\/2021\/01\/ueber-uns-bildergalerie.jpg?resize=960%2C640&#038;ssl=1\" alt=\"\" class=\"wp-image-66\"\/><\/figure>\n\n\n\n<h3 class=\"wp-block-heading has-text-align-center\"><a href=\"https:\/\/sprachcafe-polnisch.org\/pl\/o-nas\/wystawy\/\" data-type=\"page\" data-id=\"865\">Wystawy<\/a><\/h3>\n\n\n\n<p>Wystawy to przestrze\u0144 dla spotka\u0144 szczeg\u00f3lnego rodzaju \u2013 dla go\u015bci kafejki, a szczeg\u00f3lnie dla artyst\u00f3w.<\/p>\n<\/div>\n<\/div>\n\n\n\n<div class=\"wp-block-columns is-layout-flex wp-container-core-columns-is-layout-9d6595d7 wp-block-columns-is-layout-flex\">\n<div class=\"wp-block-column is-layout-flow wp-block-column-is-layout-flow\">\n<figure class=\"wp-block-image size-large\"><img data-recalc-dims=\"1\" height=\"640\" width=\"960\" decoding=\"async\" src=\"https:\/\/i0.wp.com\/sprachcafe-polnisch.org\/wp-content\/uploads\/2021\/01\/ueber-uns-hausbibliothek.jpg?resize=960%2C640&#038;ssl=1\" alt=\"\" class=\"wp-image-68\"\/><\/figure>\n\n\n\n<h3 class=\"wp-block-heading has-text-align-center\"><a href=\"https:\/\/sprachcafe-polnisch.org\/pl\/o-nas\/biblioteka\/\" data-type=\"page\" data-id=\"297\">Biblioteka<\/a><\/h3>\n\n\n\n<p>Na Schulze mamy ma\u0142\u0105, w wi\u0119kszo\u015bci polskoj\u0119zyczn\u0105, bibliotek\u0119, w kt\u00f3rej mo\u017cna wypo\u017cyczy\u0107 b\u0105d\u017a kupi\u0107 ksi\u0105\u017cki, a czasami tak\u017ce spotka\u0107 ich autor\u00f3w.<\/p>\n<\/div>\n\n\n\n<div class=\"wp-block-column is-layout-flow wp-block-column-is-layout-flow\">\n<figure class=\"wp-block-image size-large\"><img data-recalc-dims=\"1\" height=\"640\" width=\"960\" decoding=\"async\" src=\"https:\/\/i0.wp.com\/sprachcafe-polnisch.org\/wp-content\/uploads\/2021\/01\/ueber-uns-team-arbeit.jpg?resize=960%2C640&#038;ssl=1\" alt=\"\" class=\"wp-image-76\"\/><\/figure>\n\n\n\n<h3 class=\"wp-block-heading has-text-align-center\"><a href=\"https:\/\/sprachcafe-polnisch.org\/pl\/dzialaj-z-nami\/\" data-type=\"page\" data-id=\"173\">Praca zespo\u0142u<\/a><\/h3>\n\n\n\n<p>Na Schulze odbywaj\u0105 si\u0119 spotkania naszego zespo\u0142u, zebrania zarz\u0105du, rozmowy z partnerami oraz indywidualne szkolenia i coachingi.<\/p>\n<\/div>\n\n\n\n<div class=\"wp-block-column is-layout-flow wp-block-column-is-layout-flow\">\n<figure class=\"wp-block-image size-large\"><img data-recalc-dims=\"1\" height=\"640\" width=\"960\" decoding=\"async\" src=\"https:\/\/i0.wp.com\/sprachcafe-polnisch.org\/wp-content\/uploads\/2021\/01\/ueber-uns-raume-mieten.jpg?resize=960%2C640&#038;ssl=1\" alt=\"\" class=\"wp-image-74\"\/><\/figure>\n\n\n\n<h3 class=\"wp-block-heading has-text-align-center\"><mark style=\"background-color:rgba(0, 0, 0, 0);color:#dd3333\" class=\"has-inline-color\">Pomieszczenia<\/mark><\/h3>\n\n\n\n<p>U nas mo\u017cna wynaj\u0105\u0107 pomieszczenia \u2013 na organizowane przez siebie spotkania, seminaria, warsztaty, czy przyj\u0119cie urodzinowe.<br><a href=\"mailto:kontakt@sprachcafe-polnisch.org\" data-type=\"mailto\" data-id=\"mailto:kontakt@sprachcafe-polnisch.org\">Skontaktuj si\u0119 z nami!<\/a><\/p>\n<\/div>\n<\/div>\n\n\n\n<hr class=\"wp-block-separator has-alpha-channel-opacity\"\/>\n\n\n\n<h2 class=\"wp-block-heading has-large-font-size\" style=\"font-style:normal;font-weight:600\">Ty r\u00f3wnie\u017c mo\u017cesz przyczyni\u0107 si\u0119 do \u017cywego rozwoju tych wyj\u0105tkowych miejsc na mapie Berlina!<\/h2>\n\n\n\n<p>Wi\u0119kszo\u015b\u0107 rzeczy ju\u017c mamy. Potrzebne s\u0105 jeszcze:<\/p>\n\n\n\n<ul class=\"wp-block-list\">\n<li>Wolontariuski i Wolontariusze do opieki nad miejscami oraz realizacji ma\u0142ych napraw i ulepsze\u0144 <\/li>\n\n\n\n<li>do tworzenia oferty, w\u0142\u0105cznie ze wsparciem w technicznej realizacji spotka\u0144 online<\/li>\n\n\n\n<li>do promocji inicjatywy, wsp\u00f3\u0142tworzenia inicjatyw s\u0105siedzkich oraz sieci kontakt\u00f3w, wspierania spo\u0142eczno\u015bci<\/li>\n\n\n\n<li>materia\u0142y na bie\u017c\u0105ce dzia\u0142ania: papier oraz naboje do drukarki, artyku\u0142y biurowe, papierowe r\u0119czniki, serwetki, \u015brodki czysto\u015bci i inne.<\/li>\n<\/ul>\n\n\n\n<h3 class=\"wp-block-heading\">A tu nasze \u017cyczenia<\/h3>\n\n\n\n<ul class=\"wp-block-list\">\n<li>pomys\u0142y d\u0142ugofalowej stabilizacji finansowania inicjatywy i jej rozwoju.<\/li>\n<\/ul>\n\n\n\n<p><br><em>Ludzie tworz\u0105 miejsca &#8230;<\/em><br>Osoby zainteresowane dzia\u0142aniem w tym obszarze prosimy o wiadomo\u015b\u0107. <a href=\"mailto:kontakt@sprachcafe-polnisch.org\" data-type=\"mailto\" data-id=\"mailto:kontakt@sprachcafe-polnisch.org\"><strong>Dzia\u0142aj z nami!<\/strong><\/a><\/p>\n","protected":false},"excerpt":{"rendered":"<p>Nasze miejsca w Berlinie Serdecznie zapraszamy do dalszego wsp\u00f3\u0142kreowania Kafejki, do pobycia tu z nami i korzystania z atmosfery tych miejsc! SprachCaf\u00e9 w Berlinie-Pankow u siebie w domu przy Schulzestr. 1, 13187 Berlin, tu\u017c przy S1 \/ Wollankstr.Od stycznia 2018 roku mamy tu w\u0142asn\u0105 siedzib\u0119 w p\u00f3\u0142nocnej cz\u0119\u015bci Berlina. Lokalizacja w dawnym pasie muru berli\u0144skiego ma dla nas charakter symboliczny: jeste\u015bmy prawdziwymi budowniczymi most\u00f3w mi\u0119dzy Wschodem a Zachodem, mi\u0119dzy j\u0119zykami, kulturami, pokoleniami \u2764\ufe0f\ud83e\ude75\ud83d\udc9a SprachCaf\u00e9 w Berlinie-Sch\u00f6neberg NOWO\u015a\u0106! c\/o Stadtteilzentrum Sch\u00f6neberg, Hauptstra\u00dfe 121 A, 10827 Berlin To nowe miejsce dla mieszka\u0144c\u00f3w po\u0142udniowej cz\u0119\u015bci miasta. Pozostajemy wierni naszej spo\u0142eczno\u015bci i cieszymy si\u0119 na nowe synergie \ud83e\ude75\u2764\ufe0f\ud83d\udc9aOd kwietnia 2023 r. do lutego 2026 r. spotykali\u00f3my si\u0119 przy Gotenstr. 45, 10829 Berlin, tu\u017c przy S\u00fcdkreuz. SprachCaf\u00e9 in Berlinie-K\u00f6penick NEU! c\/o&nbsp;Nachbarschaftstreff Wiesentreff, Am Wiesengraben 7a, 12557 Berlin-K\u00f6penick im S\u00fcd-Osten der Stadt gelegen. Im Februar 2026 starteten hier die ersten Aktivit\u00e4ten des SprachCaf\u00e9s. Denn: Auch hier sind unsere Fans\u00a0\ud83d\udc9a\u2764\ufe0f\ud83e\ude75 W Kafejce w Berlinie-Pankow Kawiarnia Kawiarnia s\u0105siedzka z polsk\u0105 nut\u0105 to przestrze\u0144 do spotka\u0144, idealna tak\u017ce do pracy indywidualnej. Sklepik Nasz sklepik oferuje ksi\u0105\u017cki na sprzeda\u017c oraz oryginalne skarby r\u0119kodzielnicze. Wystawy Wystawy to przestrze\u0144 dla spotka\u0144 szczeg\u00f3lnego rodzaju \u2013 dla go\u015bci kafejki, a szczeg\u00f3lnie dla artyst\u00f3w. Biblioteka Na Schulze mamy ma\u0142\u0105, w wi\u0119kszo\u015bci polskoj\u0119zyczn\u0105, bibliotek\u0119, w kt\u00f3rej mo\u017cna wypo\u017cyczy\u0107 b\u0105d\u017a kupi\u0107 ksi\u0105\u017cki, a czasami tak\u017ce spotka\u0107 ich autor\u00f3w. Praca zespo\u0142u Na Schulze odbywaj\u0105 si\u0119 spotkania naszego zespo\u0142u, zebrania zarz\u0105du, rozmowy z partnerami oraz indywidualne szkolenia i coachingi. Pomieszczenia U nas mo\u017cna wynaj\u0105\u0107 pomieszczenia \u2013 na organizowane przez siebie spotkania, seminaria, warsztaty, czy przyj\u0119cie urodzinowe.Skontaktuj si\u0119 z nami! Ty r\u00f3wnie\u017c mo\u017cesz przyczyni\u0107 si\u0119 do \u017cywego rozwoju tych wyj\u0105tkowych miejsc na mapie Berlina! Wi\u0119kszo\u015b\u0107 rzeczy ju\u017c mamy. Potrzebne s\u0105 jeszcze: A tu nasze \u017cyczenia Ludzie tworz\u0105 miejsca &#8230;Osoby zainteresowane dzia\u0142aniem w tym obszarze prosimy o wiadomo\u015b\u0107. Dzia\u0142aj z nami!<\/p>\n","protected":false},"author":1,"featured_media":0,"parent":0,"menu_order":1,"comment_status":"closed","ping_status":"closed","template":"","meta":{"jetpack_post_was_ever_published":false,"footnotes":""},"class_list":["post-131","page","type-page","status-publish","hentry"],"acf":[],"jetpack-related-posts":[],"jetpack_sharing_enabled":true,"_links":{"self":[{"href":"https:\/\/sprachcafe-polnisch.org\/pl\/wp-json\/wp\/v2\/pages\/131","targetHints":{"allow":["GET"]}}],"collection":[{"href":"https:\/\/sprachcafe-polnisch.org\/pl\/wp-json\/wp\/v2\/pages"}],"about":[{"href":"https:\/\/sprachcafe-polnisch.org\/pl\/wp-json\/wp\/v2\/types\/page"}],"author":[{"embeddable":true,"href":"https:\/\/sprachcafe-polnisch.org\/pl\/wp-json\/wp\/v2\/users\/1"}],"replies":[{"embeddable":true,"href":"https:\/\/sprachcafe-polnisch.org\/pl\/wp-json\/wp\/v2\/comments?post=131"}],"version-history":[{"count":5,"href":"https:\/\/sprachcafe-polnisch.org\/pl\/wp-json\/wp\/v2\/pages\/131\/revisions"}],"predecessor-version":[{"id":23145,"href":"https:\/\/sprachcafe-polnisch.org\/pl\/wp-json\/wp\/v2\/pages\/131\/revisions\/23145"}],"wp:attachment":[{"href":"https:\/\/sprachcafe-polnisch.org\/pl\/wp-json\/wp\/v2\/media?parent=131"}],"curies":[{"name":"wp","href":"https:\/\/api.w.org\/{rel}","templated":true}]}}