{"id":124,"date":"2021-01-02T18:19:58","date_gmt":"2021-01-02T17:19:58","guid":{"rendered":"https:\/\/sprachcafe-polnisch.org\/?page_id=124"},"modified":"2026-04-14T22:35:14","modified_gmt":"2026-04-14T20:35:14","slug":"impressum","status":"publish","type":"page","link":"https:\/\/sprachcafe-polnisch.org\/pl\/impressum\/","title":{"rendered":"Impressum"},"content":{"rendered":"\n<h2 class=\"wp-block-heading\">Adres i kontakt<\/h2>\n\n\n\n<p><strong>SprachCaf\u00e9 Polnisch e.V.<\/strong><br>Schulzestr. 1<br>D-13187 Berlin<\/p>\n\n\n\n<p>E-mail: <a href=\"mailto:kontakt@sprachcafe-polnisch.org\">kontakt@sprachcafe-polnisch.org<\/a><br>Telefon: <a href=\"tel:+4916099680059\" data-type=\"tel\" data-id=\"tel:+4916099680059\">+49 160 9968 0059<\/a><\/p>\n\n\n\n<p>Biblioteka: <a href=\"mailto:bibliothek@sprachcafe-polnisch.org\">bibliothek@sprachcafe-polnisch.org<\/a><br>Speak-Dating: speak-dating@sprachcafe-polnisch.org<br>Ksi\u0119gowo\u015b\u0107: verwaltung@sprachcafe-polnisch.org<\/p>\n\n\n\n<p>Facebook: <a href=\"https:\/\/www.facebook.com\/sprachcafe.polnisch\/\" data-type=\"URL\" data-id=\"https:\/\/www.facebook.com\/sprachcafe.polnisch\/\" target=\"_blank\" rel=\"noreferrer noopener\">SprachCaf\u00e9 Polnisch e.V.<\/a><br>Instagram: <a href=\"https:\/\/www.instagram.com\/sprachcafepolnisch\/\" data-type=\"URL\" data-id=\"https:\/\/www.instagram.com\/sprachcafepolnisch\/\" target=\"_blank\" rel=\"noreferrer noopener\">@sprachcafepolnisch<\/a><br>YouTube: <a href=\"https:\/\/www.youtube.com\/channel\/UCAgdsEs-YX_i6tDGbBtEz-w\" data-type=\"URL\" data-id=\"https:\/\/www.youtube.com\/channel\/UCAgdsEs-YX_i6tDGbBtEz-w\" target=\"_blank\" rel=\"noreferrer noopener\">SprachCaf\u00e9 Polnisch<\/a><br>LinkedIn: <a href=\"https:\/\/www.linkedin.com\/company\/sprachcafe-polnisch-ev\">SprachCaf\u00e9 Polnisch e.V.<\/a><br>Tik Tok: <a href=\"https:\/\/www.tiktok.com\/@sprachcafepolnisch?_r=1&amp;_t=ZN-95X7nApX6xC\">SprachCaf\u00e9 Polnisch e.V. (@sprachcafepolnisch) | TikTok<\/a><\/p>\n\n\n\n<h2 class=\"wp-block-heading\">Organizacja po\u017cytku publicznego<\/h2>\n\n\n\n<p>Polska Kafejka J\u0119zykowa jest zarejestrowan\u0105 organizacj\u0105 po\u017cytku publicznego.<\/p>\n\n\n\n<ul class=\"wp-block-list\">\n<li><a rel=\"noreferrer noopener\" href=\"\/wp-content\/uploads\/2021\/01\/Satzung-SCP-12.06.2020.pdf\" data-type=\"URL\" data-id=\"\/wp-content\/uploads\/2021\/01\/Satzung-SCP-12.06.2020.pdf\" target=\"_blank\">Statut 12.06.2020<\/a> r.: S\u0105d rejonowy Amtsgericht Berlin-Charlottenburg, rejestr nr VR 35014 B<\/li>\n\n\n\n<li><a href=\"https:\/\/sprachcafe-polnisch.org\/wp-content\/uploads\/2023\/09\/Freistellungsbescheid-FA-SCP-20.09.2023.pdf\" data-type=\"URL\" data-id=\"https:\/\/sprachcafe-polnisch.org\/wp-content\/uploads\/2023\/09\/Freistellungsbescheid-FA-SCP-20.09.2023.pdf\">Gemeinn\u00fctzigkeit<\/a>: Urz\u0105d Skarbowy ds. Organizacji i Stowarzysze\u0144 w Berlinie, potwierdzenie u\u017cyteczno\u015bci publicznej stowarzyszenia; numer podatkowy: St.-Nr: 27 677 \/ 67313<\/li>\n<\/ul>\n\n\n\n<h2 class=\"wp-block-heading\">Zarz\u0105d i posiedzenia zarz\u0105du<\/h2>\n\n\n\n<ul class=\"wp-block-list\">\n<li>Agata Koch &#8211; przewodnicz\u0105ca<\/li>\n\n\n\n<li>Agnieszka Ghanname &#8211; zast\u0119pca przewodnicz\u0105cej<\/li>\n\n\n\n<li>Kasia Koziol &#8211; zast\u0119pca przewodnicz\u0105cej<\/li>\n\n\n\n<li>Elke Albers &#8211; skarbnik<\/li>\n\n\n\n<li>Sandra Filip-Badura &#8211; sekretarz<\/li>\n<\/ul>\n\n\n\n<p>Posiedzenia zarz\u0105du odbywaj\u0105 si\u0119 \u015brednio raz na dwa miesi\u0105ce, terminy ustalane s\u0105 indywidualnie.<br>Miejsce: Schulzestra\u00dfe 1, 13187 Berlin \/online<\/p>\n\n\n\n<h2 class=\"wp-block-heading\">Zosta\u0144 cz\u0142onkini\u0105\/cz\u0142onkiem!<\/h2>\n\n\n\n<div class=\"wp-block-file\"><a id=\"wp-block-file--media-a51484c6-9aa3-45b2-9534-ab5f5e61db7c\" href=\"https:\/\/sprachcafe-polnisch.org\/wp-content\/uploads\/2021\/01\/Eintrittsformular-03.2020-1.pdf\" target=\"_blank\" rel=\"noreferrer noopener\"><mark style=\"background-color:rgba(0, 0, 0, 0)\" class=\"has-inline-color has-black-color\">Formularz zg\u0142oszeniowy<\/mark><\/a><a href=\"https:\/\/sprachcafe-polnisch.org\/wp-content\/uploads\/2021\/01\/Eintrittsformular-03.2020-1.pdf\" class=\"wp-block-file__button wp-element-button\" download aria-describedby=\"wp-block-file--media-a51484c6-9aa3-45b2-9534-ab5f5e61db7c\">Pobierz<\/a><\/div>\n\n\n\n<h2 class=\"wp-block-heading\">Konto bankowe<\/h2>\n\n\n\n<p>Deutsche Skatbank<br>IBAN: DE79 8306 5408 0004 9743 36<br>BIC: GENO DEF1 SLR<\/p>\n\n\n\n<p>Tytu\u0142em: &#8222;<em>Mitgliedsbeitrag\/Spende SprachCaf\u00e9 Polnisch e.V.<\/em>&#8222;<\/p>\n\n\n\n<p><em>Uciesz\u0105 nas sk\u0142adki wspieraj\u0105ce dzia\u0142alno\u015b\u0107 naszego stowarzyszenia. Dzi\u0119kujemy!<\/em><\/p>\n\n\n\n<p>W celu otrzymania potwierdzenia przekazanych nam datk\u00f3w prosimy o podanie na przelewie nazwiska oraz dok\u0142adnego adresu. Urz\u0105d Skarbowy akceptuje r\u00f3wnie\u017c wyci\u0105g z konta dokumentuj\u0105cy przelew.<\/p>\n\n\n\n<h2 class=\"wp-block-heading\">Sprawozdania z dzia\u0142alno\u015bci stowarzyszenia<\/h2>\n\n\n\n<ul class=\"wp-block-list\">\n<li><a href=\"https:\/\/sprachcafe-polnisch.org\/wp-content\/uploads\/2026\/04\/TaetigkeitsberichtSteuererklaerung-SCP-2025-sw.pdf\">2025<\/a><\/li>\n\n\n\n<li><a href=\"https:\/\/sprachcafe-polnisch.org\/wp-content\/uploads\/2025\/04\/TaetigkeitsberichtSteuererklaerung-SCP-2024-sw.pdf\">2024<\/a><\/li>\n\n\n\n<li><a href=\"https:\/\/sprachcafe-polnisch.org\/wp-content\/uploads\/2025\/04\/TaetigkeitsberichtSteuererklaerung-SCP-2023.pdf\">2023<\/a><\/li>\n\n\n\n<li><a href=\"https:\/\/sprachcafe-polnisch.org\/wp-content\/uploads\/2023\/09\/TaetigkeitsberichtSteuererklaerung-SCP_FA_2022.pdf\">2022<\/a><\/li>\n\n\n\n<li><a href=\"https:\/\/sprachcafe-polnisch.org\/wp-content\/uploads\/2023\/09\/Sachbericht_2021_Homepage_Zweck_Veranstaltung.pdf\">2021<\/a><\/li>\n\n\n\n<li><a href=\"https:\/\/sprachcafe-polnisch.org\/wp-content\/uploads\/2023\/09\/Sachbericht_2020_Homepage.pdf\">2020<\/a><\/li>\n\n\n\n<li><a rel=\"noreferrer noopener\" href=\"\/wp-content\/uploads\/2021\/01\/TatigkeitsberichtSteuererklarung-SCP-2019.pdf\" data-type=\"URL\" data-id=\"\/wp-content\/uploads\/2021\/01\/TatigkeitsberichtSteuererklarung-SCP-2019.pdf\" target=\"_blank\">2019<\/a><\/li>\n\n\n\n<li><a href=\"\/wp-content\/uploads\/2021\/01\/TatigkeitsberichtSteuererklarung-SCP-2018.pdf\" data-type=\"URL\" data-id=\"\/wp-content\/uploads\/2021\/01\/TatigkeitsberichtSteuererklarung-SCP-2018.pdf\" target=\"_blank\" rel=\"noreferrer noopener\">2018<\/a><\/li>\n\n\n\n<li><a href=\"\/wp-content\/uploads\/2021\/01\/TatigkeitsberichtSteuererklarung-SCP-2017.pdf\" data-type=\"URL\" data-id=\"\/wp-content\/uploads\/2021\/01\/TatigkeitsberichtSteuererklarung-SCP-2017.pdf\" target=\"_blank\" rel=\"noreferrer noopener\">2017<\/a><\/li>\n<\/ul>\n\n\n\n<div style=\"height:50px\" aria-hidden=\"true\" class=\"wp-block-spacer\"><\/div>\n\n\n\n<div class=\"wp-block-file\"><a id=\"wp-block-file--media-de68b2d4-7a6d-4f34-91f9-b7bb3015602d\" href=\"https:\/\/sprachcafe-polnisch.org\/wp-content\/uploads\/2021\/01\/Fur-Demokratie-und-Menschenrechte.pdf\" target=\"_blank\" rel=\"noreferrer noopener\"><mark style=\"background-color:rgba(0, 0, 0, 0)\" class=\"has-inline-color has-black-color\">F\u00fcr-Demokratie-und-Menschenrechte<\/mark><\/a><a href=\"https:\/\/sprachcafe-polnisch.org\/wp-content\/uploads\/2021\/01\/Fur-Demokratie-und-Menschenrechte.pdf\" class=\"wp-block-file__button wp-element-button\" download aria-describedby=\"wp-block-file--media-de68b2d4-7a6d-4f34-91f9-b7bb3015602d\">Pobierz<\/a><\/div>\n\n\n\n<p>Jeste\u015bmy sygnaturiaszami <a href=\"http:\/\/Charta of Diversity\">Charta of Diversity. <\/a> <a href=\"https:\/\/www.charta-der-vielfalt.de\/fuer-arbeitgebende\/\">Mehr &#8230;<\/a><\/p>\n","protected":false},"excerpt":{"rendered":"<p>Adres i kontakt SprachCaf\u00e9 Polnisch e.V.Schulzestr. 1D-13187 Berlin E-mail: kontakt@sprachcafe-polnisch.orgTelefon: +49 160 9968 0059 Biblioteka: bibliothek@sprachcafe-polnisch.orgSpeak-Dating: speak-dating@sprachcafe-polnisch.orgKsi\u0119gowo\u015b\u0107: verwaltung@sprachcafe-polnisch.org Facebook: SprachCaf\u00e9 Polnisch e.V.Instagram: @sprachcafepolnischYouTube: SprachCaf\u00e9 PolnischLinkedIn: SprachCaf\u00e9 Polnisch e.V.Tik Tok: SprachCaf\u00e9 Polnisch e.V. (@sprachcafepolnisch) | TikTok Organizacja po\u017cytku publicznego Polska Kafejka J\u0119zykowa jest zarejestrowan\u0105 organizacj\u0105 po\u017cytku publicznego. Zarz\u0105d i posiedzenia zarz\u0105du Posiedzenia zarz\u0105du odbywaj\u0105 si\u0119 \u015brednio raz na dwa miesi\u0105ce, terminy ustalane s\u0105 indywidualnie.Miejsce: Schulzestra\u00dfe 1, 13187 Berlin \/online Zosta\u0144 cz\u0142onkini\u0105\/cz\u0142onkiem! Konto bankowe Deutsche SkatbankIBAN: DE79 8306 5408 0004 9743 36BIC: GENO DEF1 SLR Tytu\u0142em: &#8222;Mitgliedsbeitrag\/Spende SprachCaf\u00e9 Polnisch e.V.&#8222; Uciesz\u0105 nas sk\u0142adki wspieraj\u0105ce dzia\u0142alno\u015b\u0107 naszego stowarzyszenia. Dzi\u0119kujemy! W celu otrzymania potwierdzenia przekazanych nam datk\u00f3w prosimy o podanie na przelewie nazwiska oraz dok\u0142adnego adresu. Urz\u0105d Skarbowy akceptuje r\u00f3wnie\u017c wyci\u0105g z konta dokumentuj\u0105cy przelew. Sprawozdania z dzia\u0142alno\u015bci stowarzyszenia Jeste\u015bmy sygnaturiaszami Charta of Diversity. Mehr &#8230;<\/p>\n","protected":false},"author":1,"featured_media":0,"parent":0,"menu_order":6,"comment_status":"closed","ping_status":"closed","template":"","meta":{"footnotes":""},"class_list":["post-124","page","type-page","status-publish","hentry"],"acf":[],"jetpack-related-posts":[],"jetpack_sharing_enabled":true,"_links":{"self":[{"href":"https:\/\/sprachcafe-polnisch.org\/pl\/wp-json\/wp\/v2\/pages\/124","targetHints":{"allow":["GET"]}}],"collection":[{"href":"https:\/\/sprachcafe-polnisch.org\/pl\/wp-json\/wp\/v2\/pages"}],"about":[{"href":"https:\/\/sprachcafe-polnisch.org\/pl\/wp-json\/wp\/v2\/types\/page"}],"author":[{"embeddable":true,"href":"https:\/\/sprachcafe-polnisch.org\/pl\/wp-json\/wp\/v2\/users\/1"}],"replies":[{"embeddable":true,"href":"https:\/\/sprachcafe-polnisch.org\/pl\/wp-json\/wp\/v2\/comments?post=124"}],"version-history":[{"count":10,"href":"https:\/\/sprachcafe-polnisch.org\/pl\/wp-json\/wp\/v2\/pages\/124\/revisions"}],"predecessor-version":[{"id":23746,"href":"https:\/\/sprachcafe-polnisch.org\/pl\/wp-json\/wp\/v2\/pages\/124\/revisions\/23746"}],"wp:attachment":[{"href":"https:\/\/sprachcafe-polnisch.org\/pl\/wp-json\/wp\/v2\/media?parent=124"}],"curies":[{"name":"wp","href":"https:\/\/api.w.org\/{rel}","templated":true}]}}