{"id":3904,"date":"2022-04-10T18:29:09","date_gmt":"2022-04-10T16:29:09","guid":{"rendered":"https:\/\/sprachcafe-polnisch.org\/?page_id=3904"},"modified":"2023-04-12T13:55:16","modified_gmt":"2023-04-12T11:55:16","slug":"newsletter","status":"publish","type":"page","link":"https:\/\/sprachcafe-polnisch.org\/en\/newsletter\/","title":{"rendered":"Newsletter"},"content":{"rendered":"\n<!-- Begin Mailchimp Signup Form -->\n<div id=\"mc_embed_signup\">\n    <form action=\"https:\/\/sprachcafe-polnisch.us12.list-manage.com\/subscribe\/post?u=cdbb41f9160eb33abbe5274b9&amp;id=8540d2dc3b\" method=\"post\" id=\"mc-embedded-subscribe-form\" name=\"mc-embedded-subscribe-form\" class=\"validate\" target=\"_blank\" novalidate=\"\">\n        <div id=\"mc_embed_signup_scroll\">\n            <p class=\"mc-field-group\">\n                <label for=\"mce-EMAIL\">\n                    E-mail address *<br>\n                    <input type=\"email\" value=\"\" name=\"EMAIL\" class=\"required email\" id=\"mce-EMAIL\">\n                <\/label>\n            <\/p>\n            <p class=\"mc-field-group\">\n                <label for=\"mce-FNAME\">\n                    First name<br>\n                    <input type=\"text\" value=\"\" name=\"FNAME\" class=\"\" id=\"mce-FNAME\">\n                <\/label>\n            <\/p>\n            <p class=\"mc-field-group\">\n                <label for=\"mce-LNAME\">\n                    Last name<br>\n                    <input type=\"text\" value=\"\" name=\"LNAME\" class=\"\" id=\"mce-LNAME\">\n                <\/label>\n            <\/p>\n            <p class=\"mc-field-group input-group\">\n                <span>Subject *<\/span>\n                <label for=\"mce-group[16957]-16957-0\">\n                    <input type=\"checkbox\" value=\"1\" name=\"group[16957][1]\" id=\"mce-group[16957]-16957-0\">\n                    SprachCaf\u00e9\n                <\/label>\n                <label for=\"mce-group[16957]-16957-1\">\n                    <input type=\"checkbox\" value=\"2\" name=\"group[16957][2]\" id=\"mce-group[16957]-16957-1\">\n                    SprachCaf\u00e9 for Children and Parents\n                <\/label>\n                <label for=\"mce-group[16957]-16957-2\">\n                    <input type=\"checkbox\" value=\"4\" name=\"group[16957][4]\" id=\"mce-group[16957]-16957-2\">\n                    Multilingualism\n                <\/label>\n\t\t<label for=\"mce-group[16957]-16957-3\">\n                    <input type=\"checkbox\" value=\"8\" name=\"group[16957][8]\" id=\"mce-group[16957]-16957-3\">\n\t\t\tSprachCaf\u00e9 South Berlin\n\t\t<\/label>\n            <\/p>\n            <div id=\"mergeRow-gdpr\" class=\"mergeRow gdpr-mergeRow content__gdprBlock mc-field-group\">\n                <div class=\"content__gdpr\">\n                    <!--\n                    <p>Einwilligung f\u00fcr den Erhalt von Informationen\n                        Informationen, die Ihr in diesem Formular angebt, werden vom SprachCaf\u00e9 Polnisch e.V. genutzt, um mit Euch in Kontakt zu bleiben und Euch Einladungen f\u00fcr aktuelle Aktivit\u00e4ten und Angebote zu schicken. Gebt uns bitte an, wie Ihr gern von uns kontaktiert werden wollt:\n                    <\/p>\n                    -->\n                    <fieldset class=\"mc_fieldset gdprRequired mc-field-group\" name=\"interestgroup_field\">\n                        <label class=\"checkbox subfield\" for=\"gdpr_8649\">\n                            <input type=\"hidden\" id=\"gdpr_8649\" name=\"gdpr[8649]\" value=\"Y\">\n                            <!--<span>E-Mail<\/span>-->\n                        <\/label>\n                    <\/fieldset>\n                    <p>The data you provide will be used solely for the purpose of sending our newsletter and will not be passed on to any third parties. The provision of information is voluntary. For statistical purposes, we perform anonymous link tracking.<\/p>\n                    <p>For your security, we use a &#8220;double opt-in&#8221; procedure. For this reason, we send you an e-mail in which you must confirm your free subscription to the newsletter. Only then will your registration be completed.<\/p>\n                    <p>You can find more information in our <a href=\"https:\/\/sprachcafe-polnisch.org\/en\/privacy-policy\/\">privacy policy<\/a>.<\/p>\n                <\/div>\n                <!--\n                <div class=\"content__gdprLegal\">\n                    <p>We use Mailchimp as our marketing platform. By clicking below to subscribe, you acknowledge that your information will be transferred to Mailchimp for processing. <a href=\"https:\/\/mailchimp.com\/legal\/\" target=\"_blank\" rel=\"noopener noreferrer\">Learn more about Mailchimp's privacy practices here.<\/a><\/p>\n                <\/div>\n                -->\n            <\/div>\n            <div id=\"mce-responses\" class=\"clear\">\n                <div class=\"response\" id=\"mce-error-response\" style=\"display:none\"><\/div>\n                <div class=\"response\" id=\"mce-success-response\" style=\"display:none\"><\/div>\n            <\/div>\n            <!-- real people should not fill this in and expect good things - do not remove this or risk form bot signups-->\n            <div style=\"position: absolute; left: -5000px;\" aria-hidden=\"true\"><input type=\"text\" name=\"b_cdbb41f9160eb33abbe5274b9_8540d2dc3b\" tabindex=\"-1\" value=\"\"><\/div>\n            <div class=\"clear\">\n                <input type=\"submit\" value=\"Subscribe\" name=\"subscribe\" id=\"mc-embedded-subscribe\" class=\"button\">\n            <\/div>\n        <\/div>\n    <\/form>\n<\/div>\n<!--End mc_embed_signup-->\n","protected":false},"excerpt":{"rendered":"<p>E-mail address * First name Last name Subject * SprachCaf\u00e9 SprachCaf\u00e9 for Children and Parents Multilingualism SprachCaf\u00e9 South Berlin The data you provide will be used solely for the purpose of sending our newsletter and will not be passed on to any third parties. The provision of information is voluntary. For statistical purposes, we perform anonymous link tracking. For your security, we use a &#8220;double opt-in&#8221; procedure. For this reason, we send you an e-mail in which you must confirm your free subscription to the newsletter. Only then will your registration be completed. You can find more information in our privacy policy.<\/p>\n","protected":false},"author":1,"featured_media":0,"parent":0,"menu_order":7,"comment_status":"closed","ping_status":"closed","template":"","meta":{"jetpack_post_was_ever_published":false,"footnotes":""},"class_list":["post-3904","page","type-page","status-publish","hentry"],"acf":[],"jetpack-related-posts":[],"jetpack_sharing_enabled":true,"_links":{"self":[{"href":"https:\/\/sprachcafe-polnisch.org\/en\/wp-json\/wp\/v2\/pages\/3904","targetHints":{"allow":["GET"]}}],"collection":[{"href":"https:\/\/sprachcafe-polnisch.org\/en\/wp-json\/wp\/v2\/pages"}],"about":[{"href":"https:\/\/sprachcafe-polnisch.org\/en\/wp-json\/wp\/v2\/types\/page"}],"author":[{"embeddable":true,"href":"https:\/\/sprachcafe-polnisch.org\/en\/wp-json\/wp\/v2\/users\/1"}],"replies":[{"embeddable":true,"href":"https:\/\/sprachcafe-polnisch.org\/en\/wp-json\/wp\/v2\/comments?post=3904"}],"version-history":[{"count":0,"href":"https:\/\/sprachcafe-polnisch.org\/en\/wp-json\/wp\/v2\/pages\/3904\/revisions"}],"wp:attachment":[{"href":"https:\/\/sprachcafe-polnisch.org\/en\/wp-json\/wp\/v2\/media?parent=3904"}],"curies":[{"name":"wp","href":"https:\/\/api.w.org\/{rel}","templated":true}]}}