{"id":3892,"date":"2022-04-10T18:04:46","date_gmt":"2022-04-10T16:04:46","guid":{"rendered":"https:\/\/sprachcafe-polnisch.org\/?page_id=3892"},"modified":"2026-04-14T22:35:41","modified_gmt":"2026-04-14T20:35:41","slug":"impressum","status":"publish","type":"page","link":"https:\/\/sprachcafe-polnisch.org\/en\/impressum\/","title":{"rendered":"Impressum"},"content":{"rendered":"\n<h2 class=\"wp-block-heading\">Address and contact<\/h2>\n\n\n\n<p><strong>SprachCaf\u00e9 Polnisch e.V.<\/strong><br>Schulzestr. 1<br>D-13187 Berlin<\/p>\n\n\n\n<p><em>E-Mail<\/em>: <a href=\"mailto:kontakt@sprachcafe-polnisch.org\">kontakt@sprachcafe-polnisch.org<\/a><br><em>Telefon<\/em>: <a href=\"tel:+4916099680059\" data-type=\"tel\" data-id=\"tel:+4916099680059\">+49 160 9968 0059<\/a><\/p>\n\n\n\n<p><em>Library<\/em>: <a href=\"mailto:bibliothek@sprachcafe-polnisch.org\">bibliothek@sprachcafe-polnisch.org<\/a><br><em>Speak-Dating<\/em>: speak-dating@sprachcafe-polnisch.org<br><em>Accounting<\/em>: verwaltung@sprachcafe-polnisch.org<\/p>\n\n\n\n<p><em>Facebook<\/em>: <a href=\"https:\/\/www.facebook.com\/sprachcafe.polnisch\/\" data-type=\"URL\" data-id=\"https:\/\/www.facebook.com\/sprachcafe.polnisch\/\" target=\"_blank\" rel=\"noreferrer noopener\">SprachCaf\u00e9 Polnisch e.V.<\/a><br><em>Instagram<\/em>: <a href=\"https:\/\/www.instagram.com\/sprachcafepolnisch\/\" data-type=\"URL\" data-id=\"https:\/\/www.instagram.com\/sprachcafepolnisch\/\" target=\"_blank\" rel=\"noreferrer noopener\">@sprachcafepolnisch<\/a><br><em>YouTube<\/em>: <a href=\"https:\/\/www.youtube.com\/channel\/UCAgdsEs-YX_i6tDGbBtEz-w\" data-type=\"URL\" data-id=\"https:\/\/www.youtube.com\/channel\/UCAgdsEs-YX_i6tDGbBtEz-w\" target=\"_blank\" rel=\"noreferrer noopener\">SprachCaf\u00e9 Polnisch<\/a><br><em>LinkedIn: <\/em><a href=\"https:\/\/www.linkedin.com\/company\/sprachcafe-polnisch-ev\">SprachCaf\u00e9 Polnisch e.V.<\/a><br><em>Tik Tok<\/em>: <a href=\"https:\/\/www.tiktok.com\/@sprachcafepolnisch?_r=1&amp;_t=ZN-95X7nApX6xC\">SprachCaf\u00e9 Polnisch e.V. (@sprachcafepolnisch) | TikTok<\/a><\/p>\n\n\n\n<h2 class=\"wp-block-heading\">Non-profit organisation<\/h2>\n\n\n\n<p>SprachCaf\u00e9 Polnisch is a registered non-profit organisation.<\/p>\n\n\n\n<ul class=\"wp-block-list\">\n<li><a rel=\"noreferrer noopener\" href=\"\/wp-content\/uploads\/2021\/01\/Satzung-SCP-12.06.2020.pdf\" data-type=\"URL\" data-id=\"\/wp-content\/uploads\/2021\/01\/Satzung-SCP-12.06.2020.pdf\" target=\"_blank\">Statute 12.06.2020<\/a>: District Court Amtsgericht Berlin-Charlottenburg &#8211; register no. VR 35014 B<\/li>\n\n\n\n<li><a href=\"https:\/\/sprachcafe-polnisch.org\/wp-content\/uploads\/2023\/09\/Freistellungsbescheid-FA-SCP-20.09.2023.pdf\">Gemeinnu\u0308tzigkeit<\/a>: Tax office for corporations I in Berlin, acknowledgement of association&#8217;s public utility; tax number: 27 677 \/ 67313<\/li>\n<\/ul>\n\n\n\n<h2 class=\"wp-block-heading\">Management Board and Board meetings<\/h2>\n\n\n\n<ul class=\"wp-block-list\">\n<li>Agata Koch &#8211; Chairwoman<\/li>\n\n\n\n<li>Agnieszka Ghanname &#8211; Deputy chairwoman<\/li>\n\n\n\n<li>Kasia Koziol &#8211; Deputy chairwoman<\/li>\n\n\n\n<li>Elke Albers &#8211; Treasurer<\/li>\n\n\n\n<li>Sandra Filip-Badura &#8211; Secretary<\/li>\n<\/ul>\n\n\n\n<p>Board meetings are held on average once every two months, dates are set individually.<br>Location: Schulzestra\u00dfe 1, 13187 Berlin<\/p>\n\n\n\n<h2 class=\"wp-block-heading\">Become a member!<\/h2>\n\n\n\n<div class=\"wp-block-file\"><a id=\"wp-block-file--media-cec5194d-9d83-4868-b24c-26d4dd4aa4c7\" href=\"https:\/\/sprachcafe-polnisch.org\/wp-content\/uploads\/2021\/01\/Eintrittsformular-03.2020-1.pdf\" target=\"_blank\" rel=\"noreferrer noopener\"><mark style=\"background-color:rgba(0, 0, 0, 0)\" class=\"has-inline-color has-black-color\">Application form<\/mark><\/a><a href=\"https:\/\/sprachcafe-polnisch.org\/wp-content\/uploads\/2021\/01\/Eintrittsformular-03.2020-1.pdf\" class=\"wp-block-file__button wp-element-button\" download aria-describedby=\"wp-block-file--media-cec5194d-9d83-4868-b24c-26d4dd4aa4c7\">Download<\/a><\/div>\n\n\n\n<h2 class=\"wp-block-heading\">Bank account<\/h2>\n\n\n\n<p>Deutsche Skatbank<br>IBAN: DE79 8306 5408 0004 9743 36<br>BIC: GENO DEF1 SLR<\/p>\n\n\n\n<p>Title: &#8220;<em>Mitgliedsbeitrag\/Spende SprachCaf\u00e9 Polnisch e.V.<\/em>&#8220;<\/p>\n\n\n\n<p><em>We are delighted to receive contributions to support the work of our association. Thank you!<\/em><\/p>\n\n\n\n<p>In order to receive confirmation of donations made to us, please include your name and exact address on the transfer.<\/p>\n\n\n\n<h2 class=\"wp-block-heading\">Reports of the association&#8217;s activities<\/h2>\n\n\n\n<ul class=\"wp-block-list\">\n<li><a href=\"https:\/\/sprachcafe-polnisch.org\/wp-content\/uploads\/2026\/04\/TaetigkeitsberichtSteuererklaerung-SCP-2025-sw.pdf\">2025<\/a><\/li>\n\n\n\n<li><a href=\"https:\/\/sprachcafe-polnisch.org\/wp-content\/uploads\/2025\/04\/TaetigkeitsberichtSteuererklaerung-SCP-2024-sw.pdf\">2024<\/a><\/li>\n\n\n\n<li><a href=\"https:\/\/sprachcafe-polnisch.org\/wp-content\/uploads\/2025\/04\/TaetigkeitsberichtSteuererklaerung-SCP-2023.pdf\">2023<\/a><\/li>\n\n\n\n<li><a href=\"https:\/\/sprachcafe-polnisch.org\/wp-content\/uploads\/2023\/07\/TaetigkeitsberichtSteuererklaerung-SCP_FA_2022.pdf\">2022<\/a><\/li>\n\n\n\n<li><a href=\"https:\/\/sprachcafe-polnisch.org\/wp-content\/uploads\/2023\/07\/Sachbericht_2021_Homepage_Zweck_Veranstaltung.pdf\">2021<\/a><\/li>\n\n\n\n<li><a href=\"https:\/\/sprachcafe-polnisch.org\/wp-content\/uploads\/2023\/07\/Sachbericht_2020_Homepage.pdf\">2020<\/a><\/li>\n\n\n\n<li><a rel=\"noreferrer noopener\" href=\"\/wp-content\/uploads\/2021\/01\/TatigkeitsberichtSteuererklarung-SCP-2019.pdf\" data-type=\"URL\" data-id=\"\/wp-content\/uploads\/2021\/01\/TatigkeitsberichtSteuererklarung-SCP-2019.pdf\" target=\"_blank\">2019<\/a><\/li>\n\n\n\n<li><a href=\"\/wp-content\/uploads\/2021\/01\/TatigkeitsberichtSteuererklarung-SCP-2018.pdf\" data-type=\"URL\" data-id=\"\/wp-content\/uploads\/2021\/01\/TatigkeitsberichtSteuererklarung-SCP-2018.pdf\" target=\"_blank\" rel=\"noreferrer noopener\">2018<\/a><\/li>\n\n\n\n<li><a href=\"\/wp-content\/uploads\/2021\/01\/TatigkeitsberichtSteuererklarung-SCP-2017.pdf\" data-type=\"URL\" data-id=\"\/wp-content\/uploads\/2021\/01\/TatigkeitsberichtSteuererklarung-SCP-2017.pdf\" target=\"_blank\" rel=\"noreferrer noopener\">2017<\/a><\/li>\n<\/ul>\n\n\n\n<div style=\"height:50px\" aria-hidden=\"true\" class=\"wp-block-spacer\"><\/div>\n\n\n\n<div class=\"wp-block-file\"><a id=\"wp-block-file--media-2e8760f0-d609-4559-80e2-47fabba07bea\" href=\"https:\/\/sprachcafe-polnisch.org\/wp-content\/uploads\/2021\/01\/Fur-Demokratie-und-Menschenrechte.pdf\" target=\"_blank\" rel=\"noreferrer noopener\"><mark style=\"background-color:rgba(0, 0, 0, 0)\" class=\"has-inline-color has-black-color\">F\u00fcr-Demokratie-und-Menschenrechte<\/mark><\/a><a href=\"https:\/\/sprachcafe-polnisch.org\/wp-content\/uploads\/2021\/01\/Fur-Demokratie-und-Menschenrechte.pdf\" class=\"wp-block-file__button wp-element-button\" download aria-describedby=\"wp-block-file--media-2e8760f0-d609-4559-80e2-47fabba07bea\">Herunterladen | Charta of Diversity<\/a><\/div>\n\n\n\n<p>We are signatories of <a href=\"http:\/\/Charta of Diversity\">Charta of Diversity. <\/a> <a href=\"https:\/\/www.charta-der-vielfalt.de\/fuer-arbeitgebende\/\">More &#8230;<\/a><\/p>\n","protected":false},"excerpt":{"rendered":"<p>Address and contact SprachCaf\u00e9 Polnisch e.V.Schulzestr. 1D-13187 Berlin E-Mail: kontakt@sprachcafe-polnisch.orgTelefon: +49 160 9968 0059 Library: bibliothek@sprachcafe-polnisch.orgSpeak-Dating: speak-dating@sprachcafe-polnisch.orgAccounting: verwaltung@sprachcafe-polnisch.org Facebook: SprachCaf\u00e9 Polnisch e.V.Instagram: @sprachcafepolnischYouTube: SprachCaf\u00e9 PolnischLinkedIn: SprachCaf\u00e9 Polnisch e.V.Tik Tok: SprachCaf\u00e9 Polnisch e.V. (@sprachcafepolnisch) | TikTok Non-profit organisation SprachCaf\u00e9 Polnisch is a registered non-profit organisation. Management Board and Board meetings Board meetings are held on average once every two months, dates are set individually.Location: Schulzestra\u00dfe 1, 13187 Berlin Become a member! Bank account Deutsche SkatbankIBAN: DE79 8306 5408 0004 9743 36BIC: GENO DEF1 SLR Title: &#8220;Mitgliedsbeitrag\/Spende SprachCaf\u00e9 Polnisch e.V.&#8220; We are delighted to receive contributions to support the work of our association. Thank you! In order to receive confirmation of donations made to us, please include your name and exact address on the transfer. Reports of the association&#8217;s activities We are signatories of Charta of Diversity. More &#8230;<\/p>\n","protected":false},"author":1,"featured_media":0,"parent":0,"menu_order":6,"comment_status":"closed","ping_status":"closed","template":"","meta":{"jetpack_post_was_ever_published":false,"footnotes":""},"class_list":["post-3892","page","type-page","status-publish","hentry"],"acf":[],"jetpack-related-posts":[],"jetpack_sharing_enabled":true,"_links":{"self":[{"href":"https:\/\/sprachcafe-polnisch.org\/en\/wp-json\/wp\/v2\/pages\/3892","targetHints":{"allow":["GET"]}}],"collection":[{"href":"https:\/\/sprachcafe-polnisch.org\/en\/wp-json\/wp\/v2\/pages"}],"about":[{"href":"https:\/\/sprachcafe-polnisch.org\/en\/wp-json\/wp\/v2\/types\/page"}],"author":[{"embeddable":true,"href":"https:\/\/sprachcafe-polnisch.org\/en\/wp-json\/wp\/v2\/users\/1"}],"replies":[{"embeddable":true,"href":"https:\/\/sprachcafe-polnisch.org\/en\/wp-json\/wp\/v2\/comments?post=3892"}],"version-history":[{"count":6,"href":"https:\/\/sprachcafe-polnisch.org\/en\/wp-json\/wp\/v2\/pages\/3892\/revisions"}],"predecessor-version":[{"id":23747,"href":"https:\/\/sprachcafe-polnisch.org\/en\/wp-json\/wp\/v2\/pages\/3892\/revisions\/23747"}],"wp:attachment":[{"href":"https:\/\/sprachcafe-polnisch.org\/en\/wp-json\/wp\/v2\/media?parent=3892"}],"curies":[{"name":"wp","href":"https:\/\/api.w.org\/{rel}","templated":true}]}}