{"id":3843,"date":"2022-04-02T15:48:06","date_gmt":"2022-04-02T13:48:06","guid":{"rendered":"https:\/\/sprachcafe-polnisch.org\/?page_id=3843"},"modified":"2026-02-15T16:57:13","modified_gmt":"2026-02-15T15:57:13","slug":"about-us","status":"publish","type":"page","link":"https:\/\/sprachcafe-polnisch.org\/en\/about-us\/","title":{"rendered":"About us"},"content":{"rendered":"\n<p><\/p>\n\n\n\n<h2 class=\"wp-block-heading\">Our places in Berlin<\/h2>\n\n\n\n<p><strong>You are very welcome to contribute to the Caf\u00e9, to stay here with us and to enjoy its unique atmosphere!<\/strong><\/p>\n\n\n\n<p>And here is a small photo gallery, which you can click through right now.<\/p>\n\n\n\n<div class=\"wp-block-group\"><div class=\"wp-block-group__inner-container is-layout-constrained wp-block-group-is-layout-constrained\">\n<div class=\"wp-block-columns is-layout-flex wp-container-core-columns-is-layout-9d6595d7 wp-block-columns-is-layout-flex\">\n<div class=\"wp-block-column is-layout-flow wp-block-column-is-layout-flow\">\n<figure class=\"wp-block-gallery has-nested-images columns-default is-cropped wp-block-gallery-1 is-layout-flex wp-block-gallery-is-layout-flex\">\n<figure class=\"wp-block-image size-large\"><img data-recalc-dims=\"1\" decoding=\"async\" data-id=\"8020\" src=\"https:\/\/i0.wp.com\/sprachcafe-polnisch.org\/wp-content\/uploads\/2023\/12\/Download-1.png?w=960&#038;ssl=1\" alt=\"\" class=\"wp-image-8020\"\/><\/figure>\n\n\n\n<figure class=\"wp-block-image size-large is-resized\"><img data-recalc-dims=\"1\" height=\"960\" width=\"960\" decoding=\"async\" data-id=\"5747\" src=\"https:\/\/i0.wp.com\/sprachcafe-polnisch.org\/wp-content\/uploads\/2023\/04\/WhatsApp-Bild-2023-03-28-um-07.08.54.jpg?resize=960%2C960&#038;ssl=1\" alt=\"\" class=\"wp-image-5747\" style=\"width:220px;height:auto\"\/><\/figure>\n<\/figure>\n<\/div>\n\n\n\n<div class=\"wp-block-column is-layout-flow wp-block-column-is-layout-flow\">\n<figure class=\"wp-block-image size-large is-resized\"><img data-recalc-dims=\"1\" data-dominant-color=\"63ba66\" data-has-transparency=\"true\" loading=\"lazy\" decoding=\"async\" width=\"960\" height=\"960\" src=\"https:\/\/i0.wp.com\/sprachcafe-polnisch.org\/wp-content\/uploads\/2026\/02\/Logo-SCP-dla-dzieci-TREPTOW-2.webp?resize=960%2C960&#038;ssl=1\" alt=\"\" class=\"wp-image-23155 has-transparency\" style=\"--dominant-color: #63ba66; width:210px;height:auto\" srcset=\"https:\/\/i0.wp.com\/sprachcafe-polnisch.org\/wp-content\/uploads\/2026\/02\/Logo-SCP-dla-dzieci-TREPTOW-2.webp?resize=1024%2C1024&amp;ssl=1 1024w, https:\/\/i0.wp.com\/sprachcafe-polnisch.org\/wp-content\/uploads\/2026\/02\/Logo-SCP-dla-dzieci-TREPTOW-2.webp?resize=300%2C300&amp;ssl=1 300w, https:\/\/i0.wp.com\/sprachcafe-polnisch.org\/wp-content\/uploads\/2026\/02\/Logo-SCP-dla-dzieci-TREPTOW-2.webp?resize=150%2C150&amp;ssl=1 150w, https:\/\/i0.wp.com\/sprachcafe-polnisch.org\/wp-content\/uploads\/2026\/02\/Logo-SCP-dla-dzieci-TREPTOW-2.webp?resize=768%2C768&amp;ssl=1 768w, https:\/\/i0.wp.com\/sprachcafe-polnisch.org\/wp-content\/uploads\/2026\/02\/Logo-SCP-dla-dzieci-TREPTOW-2.webp?resize=1536%2C1536&amp;ssl=1 1536w, https:\/\/i0.wp.com\/sprachcafe-polnisch.org\/wp-content\/uploads\/2026\/02\/Logo-SCP-dla-dzieci-TREPTOW-2.webp?resize=2048%2C2048&amp;ssl=1 2048w, https:\/\/i0.wp.com\/sprachcafe-polnisch.org\/wp-content\/uploads\/2026\/02\/Logo-SCP-dla-dzieci-TREPTOW-2.webp?resize=1160%2C1160&amp;ssl=1 1160w, https:\/\/i0.wp.com\/sprachcafe-polnisch.org\/wp-content\/uploads\/2026\/02\/Logo-SCP-dla-dzieci-TREPTOW-2.webp?resize=75%2C75&amp;ssl=1 75w, https:\/\/i0.wp.com\/sprachcafe-polnisch.org\/wp-content\/uploads\/2026\/02\/Logo-SCP-dla-dzieci-TREPTOW-2.webp?w=1920&amp;ssl=1 1920w\" sizes=\"auto, (max-width: 960px) 100vw, 960px\" \/><\/figure>\n<\/div>\n<\/div>\n<\/div><\/div>\n\n\n\n<div class=\"wp-block-group\"><div class=\"wp-block-group__inner-container is-layout-constrained wp-block-group-is-layout-constrained\">\n<div class=\"wp-block-columns is-layout-flex wp-container-core-columns-is-layout-9d6595d7 wp-block-columns-is-layout-flex\">\n<div class=\"wp-block-column is-layout-flow wp-block-column-is-layout-flow\" style=\"flex-basis:100%\">\n<div class=\"wp-block-group\"><div class=\"wp-block-group__inner-container is-layout-constrained wp-block-group-is-layout-constrained\">\n<div class=\"wp-block-columns is-layout-flex wp-container-core-columns-is-layout-9d6595d7 wp-block-columns-is-layout-flex\">\n<div class=\"wp-block-column is-layout-flow wp-block-column-is-layout-flow\" style=\"flex-basis:100%\">\n<div class=\"wp-block-columns is-layout-flex wp-container-core-columns-is-layout-9d6595d7 wp-block-columns-is-layout-flex\">\n<div class=\"wp-block-column is-layout-flow wp-block-column-is-layout-flow\">\n<h2 class=\"wp-block-heading has-vivid-red-color has-text-color has-link-color has-large-font-size wp-elements-d3a0fd202a06530008d0d08b5a9638d7\">SprachCaf\u00e9 <br>in Berlin-Pankow<\/h2>\n\n\n\n<p><strong>Schulzestr. 1, 13187 Berlin<\/strong>, near S1 \/ Wollankstr.<\/p>\n\n\n\n<p>Since January 2018, after years of activity, we have our own premises. <br>For us &#8211; the bridge-builders &#8211; the location in the former Berlin Wall strip has a symbolic meaning.<br>SprachCaf\u00e9 Polnisch as an open meeting place has become a reality, not only for the inhabitants of Pankow, but also for the whole city and its visitors.<\/p>\n\n\n\n<h2 class=\"wp-block-heading has-text-color has-link-color has-large-font-size wp-elements-e69ae89ebf760ea3bc3fdcee1345f2e6\" style=\"color:#0099cc\">SprachCaf\u00e9<br>in Berlin Sch\u00f6neberg<\/h2>\n\n\n\n<p>NEW! c\/o&nbsp;<strong>Stadtteilzentrum Sch\u00f6neberg, Hauptstra\u00dfe 121 A, 10827&nbsp;Berlin<\/strong><\/p>\n\n\n\n<p>It is a new location for the neighbourhood in the south of the city. We remain loyal to our community here and look forward to new synergies.<br>From April 2023 to February 2026, we were located at Gotenstr. 45, 10829 Berlin, am S\u00fcdkreuz.<\/p>\n<\/div>\n<\/div>\n\n\n\n<p class=\"has-text-color has-link-color has-large-font-size wp-elements-d718d8770947660f47584ad358d2ca72\" style=\"color:#28bf88;font-style:normal;font-weight:700\">SprachCaf\u00e9<br>in Berlin K\u00f6penick<\/p>\n\n\n\n<p>NEW! c\/o <strong>Nachbarschaftstreff Wiesentreff, Am Wiesengraben 7a, 12557 Berlin-K\u00f6penick<\/strong><\/p>\n\n\n\n<p>Located in the south-east of the city. The first activities of the Language Caf\u00e9 began here in February 2026. Because our fans are here too.<\/p>\n<\/div>\n<\/div>\n<\/div><\/div>\n<\/div>\n<\/div>\n<\/div><\/div>\n\n\n\n<div class=\"wp-block-columns is-layout-flex wp-container-core-columns-is-layout-9d6595d7 wp-block-columns-is-layout-flex\">\n<div class=\"wp-block-column is-layout-flow wp-block-column-is-layout-flow\" style=\"flex-basis:75%\">\n<figure class=\"wp-block-gallery has-nested-images columns-default is-cropped wp-block-gallery-2 is-layout-flex wp-block-gallery-is-layout-flex\">\n<figure class=\"wp-block-image size-large\"><img data-recalc-dims=\"1\" loading=\"lazy\" decoding=\"async\" width=\"960\" height=\"640\" data-id=\"3568\" src=\"https:\/\/i0.wp.com\/sprachcafe-polnisch.org\/wp-content\/uploads\/2021\/10\/IMG_7496-scaled.jpg?resize=960%2C640&#038;ssl=1\" alt=\"\" class=\"wp-image-3568\" srcset=\"https:\/\/i0.wp.com\/sprachcafe-polnisch.org\/wp-content\/uploads\/2021\/10\/IMG_7496-scaled.jpg?w=2560&amp;ssl=1 2560w, https:\/\/i0.wp.com\/sprachcafe-polnisch.org\/wp-content\/uploads\/2021\/10\/IMG_7496-scaled.jpg?resize=300%2C200&amp;ssl=1 300w, https:\/\/i0.wp.com\/sprachcafe-polnisch.org\/wp-content\/uploads\/2021\/10\/IMG_7496-scaled.jpg?resize=1024%2C683&amp;ssl=1 1024w, https:\/\/i0.wp.com\/sprachcafe-polnisch.org\/wp-content\/uploads\/2021\/10\/IMG_7496-scaled.jpg?resize=768%2C512&amp;ssl=1 768w, https:\/\/i0.wp.com\/sprachcafe-polnisch.org\/wp-content\/uploads\/2021\/10\/IMG_7496-scaled.jpg?resize=1536%2C1024&amp;ssl=1 1536w, https:\/\/i0.wp.com\/sprachcafe-polnisch.org\/wp-content\/uploads\/2021\/10\/IMG_7496-scaled.jpg?resize=2048%2C1365&amp;ssl=1 2048w, https:\/\/i0.wp.com\/sprachcafe-polnisch.org\/wp-content\/uploads\/2021\/10\/IMG_7496-scaled.jpg?resize=1160%2C773&amp;ssl=1 1160w, https:\/\/i0.wp.com\/sprachcafe-polnisch.org\/wp-content\/uploads\/2021\/10\/IMG_7496-scaled.jpg?w=1920&amp;ssl=1 1920w\" sizes=\"auto, (max-width: 960px) 100vw, 960px\" \/><\/figure>\n\n\n\n<figure class=\"wp-block-image size-large\"><img data-recalc-dims=\"1\" loading=\"lazy\" decoding=\"async\" width=\"960\" height=\"640\" data-id=\"3564\" src=\"https:\/\/i0.wp.com\/sprachcafe-polnisch.org\/wp-content\/uploads\/2021\/10\/IMG_6918-scaled.jpg?resize=960%2C640&#038;ssl=1\" alt=\"\" class=\"wp-image-3564\" srcset=\"https:\/\/i0.wp.com\/sprachcafe-polnisch.org\/wp-content\/uploads\/2021\/10\/IMG_6918-scaled.jpg?w=2560&amp;ssl=1 2560w, https:\/\/i0.wp.com\/sprachcafe-polnisch.org\/wp-content\/uploads\/2021\/10\/IMG_6918-scaled.jpg?resize=300%2C200&amp;ssl=1 300w, https:\/\/i0.wp.com\/sprachcafe-polnisch.org\/wp-content\/uploads\/2021\/10\/IMG_6918-scaled.jpg?resize=1024%2C683&amp;ssl=1 1024w, https:\/\/i0.wp.com\/sprachcafe-polnisch.org\/wp-content\/uploads\/2021\/10\/IMG_6918-scaled.jpg?resize=768%2C512&amp;ssl=1 768w, https:\/\/i0.wp.com\/sprachcafe-polnisch.org\/wp-content\/uploads\/2021\/10\/IMG_6918-scaled.jpg?resize=1536%2C1024&amp;ssl=1 1536w, https:\/\/i0.wp.com\/sprachcafe-polnisch.org\/wp-content\/uploads\/2021\/10\/IMG_6918-scaled.jpg?resize=2048%2C1365&amp;ssl=1 2048w, https:\/\/i0.wp.com\/sprachcafe-polnisch.org\/wp-content\/uploads\/2021\/10\/IMG_6918-scaled.jpg?resize=1160%2C773&amp;ssl=1 1160w, https:\/\/i0.wp.com\/sprachcafe-polnisch.org\/wp-content\/uploads\/2021\/10\/IMG_6918-scaled.jpg?w=1920&amp;ssl=1 1920w\" sizes=\"auto, (max-width: 960px) 100vw, 960px\" \/><\/figure>\n\n\n\n<figure class=\"wp-block-image size-large\"><img data-recalc-dims=\"1\" loading=\"lazy\" decoding=\"async\" width=\"960\" height=\"640\" data-id=\"3578\" src=\"https:\/\/i0.wp.com\/sprachcafe-polnisch.org\/wp-content\/uploads\/2021\/10\/IMG_8478-Kopie-scaled.jpg?resize=960%2C640&#038;ssl=1\" alt=\"\" class=\"wp-image-3578\" srcset=\"https:\/\/i0.wp.com\/sprachcafe-polnisch.org\/wp-content\/uploads\/2021\/10\/IMG_8478-Kopie-scaled.jpg?w=2560&amp;ssl=1 2560w, https:\/\/i0.wp.com\/sprachcafe-polnisch.org\/wp-content\/uploads\/2021\/10\/IMG_8478-Kopie-scaled.jpg?resize=300%2C200&amp;ssl=1 300w, https:\/\/i0.wp.com\/sprachcafe-polnisch.org\/wp-content\/uploads\/2021\/10\/IMG_8478-Kopie-scaled.jpg?resize=1024%2C683&amp;ssl=1 1024w, https:\/\/i0.wp.com\/sprachcafe-polnisch.org\/wp-content\/uploads\/2021\/10\/IMG_8478-Kopie-scaled.jpg?resize=768%2C512&amp;ssl=1 768w, https:\/\/i0.wp.com\/sprachcafe-polnisch.org\/wp-content\/uploads\/2021\/10\/IMG_8478-Kopie-scaled.jpg?resize=1536%2C1024&amp;ssl=1 1536w, https:\/\/i0.wp.com\/sprachcafe-polnisch.org\/wp-content\/uploads\/2021\/10\/IMG_8478-Kopie-scaled.jpg?resize=2048%2C1365&amp;ssl=1 2048w, https:\/\/i0.wp.com\/sprachcafe-polnisch.org\/wp-content\/uploads\/2021\/10\/IMG_8478-Kopie-scaled.jpg?resize=1160%2C773&amp;ssl=1 1160w, https:\/\/i0.wp.com\/sprachcafe-polnisch.org\/wp-content\/uploads\/2021\/10\/IMG_8478-Kopie-scaled.jpg?w=1920&amp;ssl=1 1920w\" sizes=\"auto, (max-width: 960px) 100vw, 960px\" \/><\/figure>\n<\/figure>\n<\/div>\n\n\n\n<div class=\"wp-block-column is-vertically-aligned-center is-layout-flow wp-block-column-is-layout-flow\" style=\"flex-basis:25%\">\n<div class=\"wp-block-buttons is-layout-flex wp-block-buttons-is-layout-flex\">\n<div class=\"wp-block-button\"><a class=\"wp-block-button__link has-white-color has-text-color wp-element-button\" href=\"https:\/\/sprachcafe-polnisch.org\/en\/about-us\/schulze-gallery\/\" style=\"border-radius:15px\"><strong>See more &#8230;<\/strong><\/a><\/div>\n<\/div>\n<\/div>\n<\/div>\n\n\n\n<h2 class=\"wp-block-heading\">You can find us on Schulze<\/h2>\n\n\n\n<div class=\"wp-block-columns is-layout-flex wp-container-core-columns-is-layout-9d6595d7 wp-block-columns-is-layout-flex\">\n<div class=\"wp-block-column is-layout-flow wp-block-column-is-layout-flow\">\n<figure class=\"wp-block-image size-large\"><img data-recalc-dims=\"1\" loading=\"lazy\" decoding=\"async\" width=\"960\" height=\"640\" src=\"https:\/\/i0.wp.com\/sprachcafe-polnisch.org\/wp-content\/uploads\/2021\/01\/ueber-uns-begegnungscafe.jpg?resize=960%2C640&#038;ssl=1\" alt=\"\" class=\"wp-image-63\" srcset=\"https:\/\/i0.wp.com\/sprachcafe-polnisch.org\/wp-content\/uploads\/2021\/01\/ueber-uns-begegnungscafe.jpg?resize=1024%2C683&amp;ssl=1 1024w, https:\/\/i0.wp.com\/sprachcafe-polnisch.org\/wp-content\/uploads\/2021\/01\/ueber-uns-begegnungscafe.jpg?resize=300%2C200&amp;ssl=1 300w, https:\/\/i0.wp.com\/sprachcafe-polnisch.org\/wp-content\/uploads\/2021\/01\/ueber-uns-begegnungscafe.jpg?resize=768%2C512&amp;ssl=1 768w, https:\/\/i0.wp.com\/sprachcafe-polnisch.org\/wp-content\/uploads\/2021\/01\/ueber-uns-begegnungscafe.jpg?resize=1160%2C773&amp;ssl=1 1160w, https:\/\/i0.wp.com\/sprachcafe-polnisch.org\/wp-content\/uploads\/2021\/01\/ueber-uns-begegnungscafe.jpg?w=1500&amp;ssl=1 1500w\" sizes=\"auto, (max-width: 960px) 100vw, 960px\" \/><\/figure>\n\n\n\n<h3 class=\"wp-block-heading has-text-align-center\"><a href=\"https:\/\/sprachcafe-polnisch.org\/en\/about-us\/cafe\/\" data-type=\"page\" data-id=\"3826\">Cafe<\/a><\/h3>\n\n\n\n<p>The neighbourhood Caf\u00e9 with a Polish twist is a space for meetings, also perfect for conversations and individual work.<\/p>\n<\/div>\n\n\n\n<div class=\"wp-block-column is-layout-flow wp-block-column-is-layout-flow\">\n<figure class=\"wp-block-image size-large\"><img data-recalc-dims=\"1\" loading=\"lazy\" decoding=\"async\" width=\"960\" height=\"640\" src=\"https:\/\/i0.wp.com\/sprachcafe-polnisch.org\/wp-content\/uploads\/2021\/01\/ueber-uns-kleiner-laden.jpg?resize=960%2C640&#038;ssl=1\" alt=\"\" class=\"wp-image-71\" srcset=\"https:\/\/i0.wp.com\/sprachcafe-polnisch.org\/wp-content\/uploads\/2021\/01\/ueber-uns-kleiner-laden.jpg?resize=1024%2C683&amp;ssl=1 1024w, https:\/\/i0.wp.com\/sprachcafe-polnisch.org\/wp-content\/uploads\/2021\/01\/ueber-uns-kleiner-laden.jpg?resize=300%2C200&amp;ssl=1 300w, https:\/\/i0.wp.com\/sprachcafe-polnisch.org\/wp-content\/uploads\/2021\/01\/ueber-uns-kleiner-laden.jpg?resize=768%2C512&amp;ssl=1 768w, https:\/\/i0.wp.com\/sprachcafe-polnisch.org\/wp-content\/uploads\/2021\/01\/ueber-uns-kleiner-laden.jpg?resize=1160%2C773&amp;ssl=1 1160w, https:\/\/i0.wp.com\/sprachcafe-polnisch.org\/wp-content\/uploads\/2021\/01\/ueber-uns-kleiner-laden.jpg?w=1500&amp;ssl=1 1500w\" sizes=\"auto, (max-width: 960px) 100vw, 960px\" \/><\/figure>\n\n\n\n<h3 class=\"wp-block-heading has-text-align-center\"><a href=\"https:\/\/sprachcafe-polnisch.org\/en\/about-us\/shop\/\" data-type=\"page\" data-id=\"3828\">Shop<\/a><\/h3>\n\n\n\n<p>Our shop offers books for sale and original handcrafted treasures for various occasions to admire and for sale.<\/p>\n<\/div>\n\n\n\n<div class=\"wp-block-column is-layout-flow wp-block-column-is-layout-flow\">\n<figure class=\"wp-block-image size-large\"><img data-recalc-dims=\"1\" loading=\"lazy\" decoding=\"async\" width=\"960\" height=\"640\" src=\"https:\/\/i0.wp.com\/sprachcafe-polnisch.org\/wp-content\/uploads\/2021\/01\/ueber-uns-bildergalerie.jpg?resize=960%2C640&#038;ssl=1\" alt=\"\" class=\"wp-image-65\" srcset=\"https:\/\/i0.wp.com\/sprachcafe-polnisch.org\/wp-content\/uploads\/2021\/01\/ueber-uns-bildergalerie.jpg?resize=1024%2C683&amp;ssl=1 1024w, https:\/\/i0.wp.com\/sprachcafe-polnisch.org\/wp-content\/uploads\/2021\/01\/ueber-uns-bildergalerie.jpg?resize=300%2C200&amp;ssl=1 300w, https:\/\/i0.wp.com\/sprachcafe-polnisch.org\/wp-content\/uploads\/2021\/01\/ueber-uns-bildergalerie.jpg?resize=768%2C512&amp;ssl=1 768w, https:\/\/i0.wp.com\/sprachcafe-polnisch.org\/wp-content\/uploads\/2021\/01\/ueber-uns-bildergalerie.jpg?resize=1160%2C773&amp;ssl=1 1160w, https:\/\/i0.wp.com\/sprachcafe-polnisch.org\/wp-content\/uploads\/2021\/01\/ueber-uns-bildergalerie.jpg?w=1500&amp;ssl=1 1500w\" sizes=\"auto, (max-width: 960px) 100vw, 960px\" \/><\/figure>\n\n\n\n<h3 class=\"wp-block-heading has-text-align-center\"><mark style=\"background-color:rgba(0, 0, 0, 0);color:#dd3333\" class=\"has-inline-color\"><a href=\"https:\/\/sprachcafe-polnisch.org\/en\/about-us\/exhibitions\/\" data-type=\"page\" data-id=\"3830\">Exhibitions<\/a><\/mark><\/h3>\n\n\n\n<p>Exhibitions are a space for meetings of a special kind &#8211; for Caf\u00e9&#8217;s visitors and especially for artists.<\/p>\n<\/div>\n<\/div>\n\n\n\n<div class=\"wp-block-columns is-layout-flex wp-container-core-columns-is-layout-9d6595d7 wp-block-columns-is-layout-flex\">\n<div class=\"wp-block-column is-layout-flow wp-block-column-is-layout-flow\">\n<figure class=\"wp-block-image size-large\"><img data-recalc-dims=\"1\" loading=\"lazy\" decoding=\"async\" width=\"960\" height=\"640\" src=\"https:\/\/i0.wp.com\/sprachcafe-polnisch.org\/wp-content\/uploads\/2021\/01\/ueber-uns-hausbibliothek.jpg?resize=960%2C640&#038;ssl=1\" alt=\"\" class=\"wp-image-67\" srcset=\"https:\/\/i0.wp.com\/sprachcafe-polnisch.org\/wp-content\/uploads\/2021\/01\/ueber-uns-hausbibliothek.jpg?resize=1024%2C683&amp;ssl=1 1024w, https:\/\/i0.wp.com\/sprachcafe-polnisch.org\/wp-content\/uploads\/2021\/01\/ueber-uns-hausbibliothek.jpg?resize=300%2C200&amp;ssl=1 300w, https:\/\/i0.wp.com\/sprachcafe-polnisch.org\/wp-content\/uploads\/2021\/01\/ueber-uns-hausbibliothek.jpg?resize=768%2C512&amp;ssl=1 768w, https:\/\/i0.wp.com\/sprachcafe-polnisch.org\/wp-content\/uploads\/2021\/01\/ueber-uns-hausbibliothek.jpg?resize=1160%2C773&amp;ssl=1 1160w, https:\/\/i0.wp.com\/sprachcafe-polnisch.org\/wp-content\/uploads\/2021\/01\/ueber-uns-hausbibliothek.jpg?w=1500&amp;ssl=1 1500w\" sizes=\"auto, (max-width: 960px) 100vw, 960px\" \/><\/figure>\n\n\n\n<h3 class=\"wp-block-heading has-text-align-center\"><a href=\"https:\/\/sprachcafe-polnisch.org\/en\/about-us\/library\/\" data-type=\"page\" data-id=\"3838\">Library<\/a><\/h3>\n\n\n\n<p>At Schulze we have a small library, mostly in Polish, where you can borrow or buy books and sometimes meet the authors.<\/p>\n<\/div>\n\n\n\n<div class=\"wp-block-column is-layout-flow wp-block-column-is-layout-flow\">\n<figure class=\"wp-block-image size-large\"><img data-recalc-dims=\"1\" loading=\"lazy\" decoding=\"async\" width=\"960\" height=\"640\" src=\"https:\/\/i0.wp.com\/sprachcafe-polnisch.org\/wp-content\/uploads\/2021\/01\/ueber-uns-team-arbeit.jpg?resize=960%2C640&#038;ssl=1\" alt=\"\" class=\"wp-image-75\" srcset=\"https:\/\/i0.wp.com\/sprachcafe-polnisch.org\/wp-content\/uploads\/2021\/01\/ueber-uns-team-arbeit.jpg?resize=1024%2C683&amp;ssl=1 1024w, https:\/\/i0.wp.com\/sprachcafe-polnisch.org\/wp-content\/uploads\/2021\/01\/ueber-uns-team-arbeit.jpg?resize=300%2C200&amp;ssl=1 300w, https:\/\/i0.wp.com\/sprachcafe-polnisch.org\/wp-content\/uploads\/2021\/01\/ueber-uns-team-arbeit.jpg?resize=768%2C512&amp;ssl=1 768w, https:\/\/i0.wp.com\/sprachcafe-polnisch.org\/wp-content\/uploads\/2021\/01\/ueber-uns-team-arbeit.jpg?resize=1160%2C773&amp;ssl=1 1160w, https:\/\/i0.wp.com\/sprachcafe-polnisch.org\/wp-content\/uploads\/2021\/01\/ueber-uns-team-arbeit.jpg?w=1500&amp;ssl=1 1500w\" sizes=\"auto, (max-width: 960px) 100vw, 960px\" \/><\/figure>\n\n\n\n<h3 class=\"wp-block-heading has-text-align-center\"><a href=\"https:\/\/sprachcafe-polnisch.org\/en\/team-work\/\" data-type=\"page\" data-id=\"3805\">Team work<\/a><\/h3>\n\n\n\n<p>Schulze hosts our Team meetings, Board meetings, partner talks, individual trainings and coaching sessions.<\/p>\n<\/div>\n\n\n\n<div class=\"wp-block-column is-layout-flow wp-block-column-is-layout-flow\">\n<figure class=\"wp-block-image size-large\"><img data-recalc-dims=\"1\" loading=\"lazy\" decoding=\"async\" width=\"960\" height=\"640\" src=\"https:\/\/i0.wp.com\/sprachcafe-polnisch.org\/wp-content\/uploads\/2021\/01\/ueber-uns-raume-mieten.jpg?resize=960%2C640&#038;ssl=1\" alt=\"\" class=\"wp-image-73\" srcset=\"https:\/\/i0.wp.com\/sprachcafe-polnisch.org\/wp-content\/uploads\/2021\/01\/ueber-uns-raume-mieten.jpg?resize=1024%2C683&amp;ssl=1 1024w, https:\/\/i0.wp.com\/sprachcafe-polnisch.org\/wp-content\/uploads\/2021\/01\/ueber-uns-raume-mieten.jpg?resize=300%2C200&amp;ssl=1 300w, https:\/\/i0.wp.com\/sprachcafe-polnisch.org\/wp-content\/uploads\/2021\/01\/ueber-uns-raume-mieten.jpg?resize=768%2C512&amp;ssl=1 768w, https:\/\/i0.wp.com\/sprachcafe-polnisch.org\/wp-content\/uploads\/2021\/01\/ueber-uns-raume-mieten.jpg?resize=1160%2C773&amp;ssl=1 1160w, https:\/\/i0.wp.com\/sprachcafe-polnisch.org\/wp-content\/uploads\/2021\/01\/ueber-uns-raume-mieten.jpg?w=1500&amp;ssl=1 1500w\" sizes=\"auto, (max-width: 960px) 100vw, 960px\" \/><\/figure>\n\n\n\n<h3 class=\"wp-block-heading has-text-align-center\"><mark style=\"background-color:rgba(0, 0, 0, 0);color:#dd3333\" class=\"has-inline-color\">Premises<\/mark><\/h3>\n\n\n\n<p>You can rent rooms from us &#8211; for your meetings, seminars, workshops or birthday parties.<br><a href=\"mailto:kontakt@sprachcafe-polnisch.org\" data-type=\"mailto\" data-id=\"mailto:kontakt@sprachcafe-polnisch.org\">Contact us!<\/a><\/p>\n<\/div>\n<\/div>\n\n\n\n<h2 class=\"wp-block-heading\">You too can contribute to the lively development of this place!<\/h2>\n\n\n\n<p>Most of the things we already have. However, we are always in need of:<\/p>\n\n\n\n<ul class=\"wp-block-list\">\n<li>support for the technical implementation of our online meetings<\/li>\n\n\n\n<li>materials for current activities: paper and printer cartridges, office supplies, paper towels, napkins, cleaning products, etc.<\/li>\n<\/ul>\n\n\n\n<h3 class=\"wp-block-heading\">We are planning:<\/h3>\n\n\n\n<ul class=\"wp-block-list\">\n<li>development of online formats<\/li>\n\n\n\n<li>adoption a courtyard along with our neighbours, so that we can enjoy it together<\/li>\n\n\n\n<li>ongoing repairs and improvements<\/li>\n<\/ul>\n\n\n\n<p>In order to carry them out, we need hands and minds. If you are interested in acting in this area, please send us a message. <strong><a href=\"mailto:kontakt@sprachcafe-polnisch.org\" data-type=\"mailto\" data-id=\"mailto:kontakt@sprachcafe-polnisch.org\">Let&#8217;s work together in SCP!<\/a><\/strong><\/p>\n","protected":false},"excerpt":{"rendered":"<p>Our places in Berlin You are very welcome to contribute to the Caf\u00e9, to stay here with us and to enjoy its unique atmosphere! And here is a small photo gallery, which you can click through right now. SprachCaf\u00e9 in Berlin-Pankow Schulzestr. 1, 13187 Berlin, near S1 \/ Wollankstr. Since January 2018, after years of activity, we have our own premises. For us &#8211; the bridge-builders &#8211; the location in the former Berlin Wall strip has a symbolic meaning.SprachCaf\u00e9 Polnisch as an open meeting place has become a reality, not only for the inhabitants of Pankow, but also for the whole city and its visitors. SprachCaf\u00e9in Berlin Sch\u00f6neberg NEW! c\/o&nbsp;Stadtteilzentrum Sch\u00f6neberg, Hauptstra\u00dfe 121 A, 10827&nbsp;Berlin It is a new location for the neighbourhood in the south of the city. We remain loyal to our community here and look forward to new synergies.From April 2023 to February 2026, we were located at Gotenstr. 45, 10829 Berlin, am S\u00fcdkreuz. SprachCaf\u00e9in Berlin K\u00f6penick NEW! c\/o Nachbarschaftstreff Wiesentreff, Am Wiesengraben 7a, 12557 Berlin-K\u00f6penick Located in the south-east of the city. The first activities of the Language Caf\u00e9 began here in February 2026. Because our fans are here too. You can find us on Schulze Cafe The neighbourhood Caf\u00e9 with a Polish twist is a space for meetings, also perfect for conversations and individual work. Shop Our shop offers books for sale and original handcrafted treasures for various occasions to admire and for sale. Exhibitions Exhibitions are a space for meetings of a special kind &#8211; for Caf\u00e9&#8217;s visitors and especially for artists. Library At Schulze we have a small library, mostly in Polish, where you can borrow or buy books and sometimes meet the authors. Team work Schulze hosts our Team meetings, Board meetings, partner talks, individual trainings and coaching sessions. Premises You can rent rooms from us &#8211; for your meetings, seminars, workshops or birthday parties.Contact us! You too can contribute to the lively development of this place! Most of the things we already have. However, we are always in need of: We are planning: In order to carry them out, we need hands and minds. If you are interested in acting in this area, please send us a message. Let&#8217;s work together in SCP!<\/p>\n","protected":false},"author":1,"featured_media":0,"parent":0,"menu_order":1,"comment_status":"closed","ping_status":"closed","template":"","meta":{"jetpack_post_was_ever_published":false,"footnotes":""},"class_list":["post-3843","page","type-page","status-publish","hentry"],"acf":[],"jetpack-related-posts":[],"jetpack_sharing_enabled":true,"_links":{"self":[{"href":"https:\/\/sprachcafe-polnisch.org\/en\/wp-json\/wp\/v2\/pages\/3843","targetHints":{"allow":["GET"]}}],"collection":[{"href":"https:\/\/sprachcafe-polnisch.org\/en\/wp-json\/wp\/v2\/pages"}],"about":[{"href":"https:\/\/sprachcafe-polnisch.org\/en\/wp-json\/wp\/v2\/types\/page"}],"author":[{"embeddable":true,"href":"https:\/\/sprachcafe-polnisch.org\/en\/wp-json\/wp\/v2\/users\/1"}],"replies":[{"embeddable":true,"href":"https:\/\/sprachcafe-polnisch.org\/en\/wp-json\/wp\/v2\/comments?post=3843"}],"version-history":[{"count":9,"href":"https:\/\/sprachcafe-polnisch.org\/en\/wp-json\/wp\/v2\/pages\/3843\/revisions"}],"predecessor-version":[{"id":23167,"href":"https:\/\/sprachcafe-polnisch.org\/en\/wp-json\/wp\/v2\/pages\/3843\/revisions\/23167"}],"wp:attachment":[{"href":"https:\/\/sprachcafe-polnisch.org\/en\/wp-json\/wp\/v2\/media?parent=3843"}],"curies":[{"name":"wp","href":"https:\/\/api.w.org\/{rel}","templated":true}]}}